{"id":8794,"date":"2026-04-25T13:05:43","date_gmt":"2026-04-25T13:05:43","guid":{"rendered":"https:\/\/anopri.com\/?post_type=product&#038;p=8794"},"modified":"2026-04-25T13:05:48","modified_gmt":"2026-04-25T13:05:48","slug":"refrigerateur-roch-rfr-190db-j-190l-2-battants","status":"publish","type":"product","link":"https:\/\/anopri.com\/?product=refrigerateur-roch-rfr-190db-j-190l-2-battants","title":{"rendered":"R\u00e9frig\u00e9rateur ROCH RFR-190DB-J \u2013 190L \u2013 2 Battants"},"content":{"rendered":"<div class=\"short-description\">\n<ul>\n<li><strong>Type de produit:\u00a0<\/strong>r\u00e9frig\u00e9rateur<\/li>\n<li><strong>Marque:\u00a0<\/strong>Roch<\/li>\n<li><strong>Mod\u00e8le:<\/strong>\u00a0RFR-190B-B-J<\/li>\n<li><strong>Cat\u00e9gorie:\u00a0<\/strong>\u00e9lectrom\u00e9nager<\/li>\n<li><strong>Capacit\u00e9 :<\/strong>\u00a0190 L<\/li>\n<li><strong>Tension:<\/strong>\u00a0220V-240V<\/li>\n<li><strong>Nombre De Portes :\u00a0<\/strong>2 Portes<\/li>\n<li><strong>Garantie: 06<\/strong>\u00a0Mois<\/li>\n<\/ul>\n<\/div>\n<div class=\"reference-rating\">\n<div class=\"reference\">\n<div class=\"additional-details\"><\/div>\n<\/div>\n<\/div>\n","protected":false},"excerpt":{"rendered":"<p>Le mod\u00e8le de r\u00e9frig\u00e9rateur\u00a0<strong>RFR-190B-B-J<\/strong>\u00a0de la marque\u00a0<strong>Roch\u00a0<\/strong>est un appareil simple et \u00e9l\u00e9gant\u00a0con\u00e7u en faisant attention au moindre d\u00e9tail. Il a une bonne\u00a0<strong>capacit\u00e9\u00a0de contenance de 190 litres<\/strong>\u00a0pour vous permettre de stocker facilement tout vos aliments. Fait\u00a0en deux compartiments:\u00a0un compartiment r\u00e9frig\u00e9rateur\u00a0environ une fois et demi<strong>\u00a0plus grand<\/strong>\u00a0que celui du\u00a0cong\u00e9lateur\u00a0qui le rend donc id\u00e9al pour<strong>\u00a0les petites ou grandes familles.\u00a0<\/strong><\/p>\n","protected":false},"featured_media":7335,"comment_status":"closed","ping_status":"closed","template":"","meta":{"_bst_post_transparent":"","_bst_post_title":"","_bst_post_layout":"","_bst_post_sidebar_id":"","_bst_post_content_style":"","_bst_post_vertical_padding":"","_bst_post_feature":"","_bst_post_feature_position":"","_bst_post_header":false,"_bst_post_footer":false},"product_brand":[],"product_cat":[145,157],"product_tag":[],"product_brands":[],"class_list":{"0":"post-8794","1":"product","2":"type-product","3":"status-publish","4":"has-post-thumbnail","6":"product_cat-electromenager","7":"product_cat-refrigerateur","9":"first","10":"instock","11":"purchasable","12":"product-type-simple","13":"entry","14":"content-bg","15":"loop-entry"},"_links":{"self":[{"href":"https:\/\/anopri.com\/index.php?rest_route=\/wp\/v2\/product\/8794","targetHints":{"allow":["GET"]}}],"collection":[{"href":"https:\/\/anopri.com\/index.php?rest_route=\/wp\/v2\/product"}],"about":[{"href":"https:\/\/anopri.com\/index.php?rest_route=\/wp\/v2\/types\/product"}],"replies":[{"embeddable":true,"href":"https:\/\/anopri.com\/index.php?rest_route=%2Fwp%2Fv2%2Fcomments&post=8794"}],"wp:featuredmedia":[{"embeddable":true,"href":"https:\/\/anopri.com\/index.php?rest_route=\/wp\/v2\/media\/7335"}],"wp:attachment":[{"href":"https:\/\/anopri.com\/index.php?rest_route=%2Fwp%2Fv2%2Fmedia&parent=8794"}],"wp:term":[{"taxonomy":"product_brand","embeddable":true,"href":"https:\/\/anopri.com\/index.php?rest_route=%2Fwp%2Fv2%2Fproduct_brand&post=8794"},{"taxonomy":"product_cat","embeddable":true,"href":"https:\/\/anopri.com\/index.php?rest_route=%2Fwp%2Fv2%2Fproduct_cat&post=8794"},{"taxonomy":"product_tag","embeddable":true,"href":"https:\/\/anopri.com\/index.php?rest_route=%2Fwp%2Fv2%2Fproduct_tag&post=8794"},{"taxonomy":"product_brands","embeddable":true,"href":"https:\/\/anopri.com\/index.php?rest_route=%2Fwp%2Fv2%2Fproduct_brands&post=8794"}],"curies":[{"name":"wp","href":"https:\/\/api.w.org\/{rel}","templated":true}]}}