{"id":8790,"date":"2026-04-25T13:05:43","date_gmt":"2026-04-25T13:05:43","guid":{"rendered":"https:\/\/anopri.com\/?post_type=product&#038;p=8790"},"modified":"2026-04-25T13:05:47","modified_gmt":"2026-04-25T13:05:47","slug":"camera-matech-ahd-207","status":"publish","type":"product","link":"https:\/\/anopri.com\/?product=camera-matech-ahd-207","title":{"rendered":"CAM\u00c9RA MATECH AHD-207"},"content":{"rendered":"<p>D\u00e9couvrez nos cam\u00e9ras <strong>AHD-207<\/strong>, pour une excellente qualit\u00e9 d\u2019enregistrement. Offrant une optique de qualit\u00e9 capable de filmer en Haute D\u00e9finition , nos cam\u00e9ras sont con\u00e7ues pour s\u2019adapter \u00e0 n\u2019importe quelle situation ou environnement.<\/p>\n<p>Cette cam\u00e9ras AHD est \u00e9quip\u00e9e d\u2019un objectif de qualit\u00e9 incroyable, \u00a0associ\u00e9 \u00e0 un traitement DSP, vous permet des enregistrements de qualit\u00e9 incroyables.<\/p>\n","protected":false},"excerpt":{"rendered":"<p>D\u00e9couvrez nos cam\u00e9ras <strong>AHD-207<\/strong>, pour une excellente qualit\u00e9 d\u2019enregistrement. Offrant une optique de qualit\u00e9 capable de filmer en Haute D\u00e9finition , nos cam\u00e9ras sont con\u00e7ues pour s\u2019adapter \u00e0 n\u2019importe quelle situation ou environnement.<\/p>\n<p>Cette cam\u00e9ras AHD est \u00e9quip\u00e9e d\u2019un objectif de qualit\u00e9 incroyable, \u00a0associ\u00e9 \u00e0 un traitement DSP, vous permet des enregistrements de qualit\u00e9 incroyables.<\/p>\n","protected":false},"featured_media":7325,"comment_status":"closed","ping_status":"closed","template":"","meta":{"_bst_post_transparent":"","_bst_post_title":"","_bst_post_layout":"","_bst_post_sidebar_id":"","_bst_post_content_style":"","_bst_post_vertical_padding":"","_bst_post_feature":"","_bst_post_feature_position":"","_bst_post_header":false,"_bst_post_footer":false},"product_brand":[],"product_cat":[169],"product_tag":[],"product_brands":[],"class_list":{"0":"post-8790","1":"product","2":"type-product","3":"status-publish","4":"has-post-thumbnail","6":"product_cat-ustensiles-gadgets-maison-et-bureau","8":"first","9":"instock","10":"purchasable","11":"product-type-simple","12":"entry","13":"content-bg","14":"loop-entry"},"_links":{"self":[{"href":"https:\/\/anopri.com\/index.php?rest_route=\/wp\/v2\/product\/8790","targetHints":{"allow":["GET"]}}],"collection":[{"href":"https:\/\/anopri.com\/index.php?rest_route=\/wp\/v2\/product"}],"about":[{"href":"https:\/\/anopri.com\/index.php?rest_route=\/wp\/v2\/types\/product"}],"replies":[{"embeddable":true,"href":"https:\/\/anopri.com\/index.php?rest_route=%2Fwp%2Fv2%2Fcomments&post=8790"}],"wp:featuredmedia":[{"embeddable":true,"href":"https:\/\/anopri.com\/index.php?rest_route=\/wp\/v2\/media\/7325"}],"wp:attachment":[{"href":"https:\/\/anopri.com\/index.php?rest_route=%2Fwp%2Fv2%2Fmedia&parent=8790"}],"wp:term":[{"taxonomy":"product_brand","embeddable":true,"href":"https:\/\/anopri.com\/index.php?rest_route=%2Fwp%2Fv2%2Fproduct_brand&post=8790"},{"taxonomy":"product_cat","embeddable":true,"href":"https:\/\/anopri.com\/index.php?rest_route=%2Fwp%2Fv2%2Fproduct_cat&post=8790"},{"taxonomy":"product_tag","embeddable":true,"href":"https:\/\/anopri.com\/index.php?rest_route=%2Fwp%2Fv2%2Fproduct_tag&post=8790"},{"taxonomy":"product_brands","embeddable":true,"href":"https:\/\/anopri.com\/index.php?rest_route=%2Fwp%2Fv2%2Fproduct_brands&post=8790"}],"curies":[{"name":"wp","href":"https:\/\/api.w.org\/{rel}","templated":true}]}}