{"id":8780,"date":"2026-04-25T13:05:43","date_gmt":"2026-04-25T13:05:43","guid":{"rendered":"https:\/\/anopri.com\/?post_type=product&#038;p=8780"},"modified":"2026-04-25T13:05:46","modified_gmt":"2026-04-25T13:05:46","slug":"robot-de-cuisine-royaltronic-10-litres-3en1-2500-w","status":"publish","type":"product","link":"https:\/\/anopri.com\/?product=robot-de-cuisine-royaltronic-10-litres-3en1-2500-w","title":{"rendered":"Robot de cuisine ROYALTRONIC 10 litres 3en1. 2500 W"},"content":{"rendered":"<p>Robot de cuisine Royaltronic Mixeur P\u00e9trin 3 en 1 P\u00e9trin 10L 2500 W Max. Design \u00e9l\u00e9gant et esth\u00e9tique 2500 watts Max. Moteur puissant \u00e0 longue dur\u00e9e de vie Engrenage m\u00e9tallique robuste pour usage intensif Bo\u00eetier ABS recouvert d&#8217;inox Niveau 0 6 vitesses pulse indicateur LED Cuve inox 10 litres amovible Crochet p\u00e9trisseur aluminium amovible, fouet SS304, batteur plat aluminium, spatule Anti-d\u00e9rapant pieds La t\u00eate inclinable permet de retirer facilement le bol Bol avec couvercle pour ajouter des ingr\u00e9dients \u00e0 tout moment Bol avec poign\u00e9e Avec hachoir \u00e0 viande et mixeur Contenu de la livraison : Robot culinaire Bol en acier inoxydable de 10 litres Crochet p\u00e9trisseur Batteur plat Fouet Manuel d&#8217;instructions de la spatule<\/p>\n","protected":false},"excerpt":{"rendered":"<p>Robot de cuisine Royaltronic Mixeur P\u00e9trin 3 en 1 P\u00e9trin 10L 2500 W Max. Design \u00e9l\u00e9gant et esth\u00e9tique 2500 watts Max. Moteur puissant \u00e0 longue dur\u00e9e de vie Engrenage m\u00e9tallique robuste pour usage intensif Bo\u00eetier ABS recouvert d&#8217;inox Niveau 0 6 vitesses pulse indicateur LED Cuve inox 10 litres amovible Crochet p\u00e9trisseur aluminium amovible, fouet SS304, batteur plat aluminium, spatule Anti-d\u00e9rapant pieds La t\u00eate inclinable permet de retirer facilement le bol Bol avec couvercle pour ajouter des ingr\u00e9dients \u00e0 tout moment Bol avec poign\u00e9e Avec hachoir \u00e0 viande et mixeur Contenu de la livraison : Robot culinaire Bol en acier inoxydable de 10 litres Crochet p\u00e9trisseur Batteur plat Fouet Manuel d&#8217;instructions de la spatule<\/p>\n","protected":false},"featured_media":7305,"comment_status":"closed","ping_status":"closed","template":"","meta":{"_bst_post_transparent":"","_bst_post_title":"","_bst_post_layout":"","_bst_post_sidebar_id":"","_bst_post_content_style":"","_bst_post_vertical_padding":"","_bst_post_feature":"","_bst_post_feature_position":"","_bst_post_header":false,"_bst_post_footer":false},"product_brand":[],"product_cat":[145],"product_tag":[],"product_brands":[],"class_list":{"0":"post-8780","1":"product","2":"type-product","3":"status-publish","4":"has-post-thumbnail","6":"product_cat-electromenager","8":"first","9":"instock","10":"purchasable","11":"product-type-simple","12":"entry","13":"content-bg","14":"loop-entry"},"_links":{"self":[{"href":"https:\/\/anopri.com\/index.php?rest_route=\/wp\/v2\/product\/8780","targetHints":{"allow":["GET"]}}],"collection":[{"href":"https:\/\/anopri.com\/index.php?rest_route=\/wp\/v2\/product"}],"about":[{"href":"https:\/\/anopri.com\/index.php?rest_route=\/wp\/v2\/types\/product"}],"replies":[{"embeddable":true,"href":"https:\/\/anopri.com\/index.php?rest_route=%2Fwp%2Fv2%2Fcomments&post=8780"}],"wp:featuredmedia":[{"embeddable":true,"href":"https:\/\/anopri.com\/index.php?rest_route=\/wp\/v2\/media\/7305"}],"wp:attachment":[{"href":"https:\/\/anopri.com\/index.php?rest_route=%2Fwp%2Fv2%2Fmedia&parent=8780"}],"wp:term":[{"taxonomy":"product_brand","embeddable":true,"href":"https:\/\/anopri.com\/index.php?rest_route=%2Fwp%2Fv2%2Fproduct_brand&post=8780"},{"taxonomy":"product_cat","embeddable":true,"href":"https:\/\/anopri.com\/index.php?rest_route=%2Fwp%2Fv2%2Fproduct_cat&post=8780"},{"taxonomy":"product_tag","embeddable":true,"href":"https:\/\/anopri.com\/index.php?rest_route=%2Fwp%2Fv2%2Fproduct_tag&post=8780"},{"taxonomy":"product_brands","embeddable":true,"href":"https:\/\/anopri.com\/index.php?rest_route=%2Fwp%2Fv2%2Fproduct_brands&post=8780"}],"curies":[{"name":"wp","href":"https:\/\/api.w.org\/{rel}","templated":true}]}}