{"id":8779,"date":"2026-04-25T13:05:43","date_gmt":"2026-04-25T13:05:43","guid":{"rendered":"https:\/\/anopri.com\/?post_type=product&#038;p=8779"},"modified":"2026-04-25T13:05:45","modified_gmt":"2026-04-25T13:05:45","slug":"camera-ampoule-ip-wifi-1080p-avec-vue-panoramique-a-360","status":"publish","type":"product","link":"https:\/\/anopri.com\/?product=camera-ampoule-ip-wifi-1080p-avec-vue-panoramique-a-360","title":{"rendered":"Cam\u00e9ra ampoule IP WiFi 1080P avec vue panoramique \u00e0 360 \u00b0"},"content":{"rendered":"<ul>\n<li><strong>Vue panoramique \u00e0 360 degr\u00e9s<\/strong>\u00a0, surveillance sans impasse, grande zone de visualisation.<\/li>\n<li>Le t\u00e9l\u00e9phone portable pourra surveiller \u00e0 distance, \u00e0 tout moment, n&#8217;importe o\u00f9.<\/li>\n<li>Fonction de pouss\u00e9e d&#8217;alarme anormale, lorsqu&#8217;une exception se produit, la pouss\u00e9e de courrier.<\/li>\n<li>La nuit pour fournir un \u00e9clairage, peut r\u00e9gler la luminosit\u00e9 via l&#8217;application, la machine de commutation de minuterie.<\/li>\n<\/ul>\n","protected":false},"excerpt":{"rendered":"<ul>\n<li><strong>Vue panoramique \u00e0 360 degr\u00e9s<\/strong>\u00a0, surveillance sans impasse, grande zone de visualisation.<\/li>\n<li>Le t\u00e9l\u00e9phone portable pourra surveiller \u00e0 distance, \u00e0 tout moment, n&#8217;importe o\u00f9.<\/li>\n<li>Fonction de pouss\u00e9e d&#8217;alarme anormale, lorsqu&#8217;une exception se produit, la pouss\u00e9e de courrier.<\/li>\n<li>La nuit pour fournir un \u00e9clairage, peut r\u00e9gler la luminosit\u00e9 via l&#8217;application, la machine de commutation de minuterie.<\/li>\n<\/ul>\n","protected":false},"featured_media":7303,"comment_status":"closed","ping_status":"closed","template":"","meta":{"_bst_post_transparent":"","_bst_post_title":"","_bst_post_layout":"","_bst_post_sidebar_id":"","_bst_post_content_style":"","_bst_post_vertical_padding":"","_bst_post_feature":"","_bst_post_feature_position":"","_bst_post_header":false,"_bst_post_footer":false},"product_brand":[],"product_cat":[166,142,191],"product_tag":[],"product_brands":[],"class_list":{"0":"post-8779","1":"product","2":"type-product","3":"status-publish","4":"has-post-thumbnail","6":"product_cat-electricite","7":"product_cat-electronique","8":"product_cat-video-surveillance","10":"first","11":"instock","12":"purchasable","13":"product-type-simple","14":"entry","15":"content-bg","16":"loop-entry"},"_links":{"self":[{"href":"https:\/\/anopri.com\/index.php?rest_route=\/wp\/v2\/product\/8779","targetHints":{"allow":["GET"]}}],"collection":[{"href":"https:\/\/anopri.com\/index.php?rest_route=\/wp\/v2\/product"}],"about":[{"href":"https:\/\/anopri.com\/index.php?rest_route=\/wp\/v2\/types\/product"}],"replies":[{"embeddable":true,"href":"https:\/\/anopri.com\/index.php?rest_route=%2Fwp%2Fv2%2Fcomments&post=8779"}],"wp:featuredmedia":[{"embeddable":true,"href":"https:\/\/anopri.com\/index.php?rest_route=\/wp\/v2\/media\/7303"}],"wp:attachment":[{"href":"https:\/\/anopri.com\/index.php?rest_route=%2Fwp%2Fv2%2Fmedia&parent=8779"}],"wp:term":[{"taxonomy":"product_brand","embeddable":true,"href":"https:\/\/anopri.com\/index.php?rest_route=%2Fwp%2Fv2%2Fproduct_brand&post=8779"},{"taxonomy":"product_cat","embeddable":true,"href":"https:\/\/anopri.com\/index.php?rest_route=%2Fwp%2Fv2%2Fproduct_cat&post=8779"},{"taxonomy":"product_tag","embeddable":true,"href":"https:\/\/anopri.com\/index.php?rest_route=%2Fwp%2Fv2%2Fproduct_tag&post=8779"},{"taxonomy":"product_brands","embeddable":true,"href":"https:\/\/anopri.com\/index.php?rest_route=%2Fwp%2Fv2%2Fproduct_brands&post=8779"}],"curies":[{"name":"wp","href":"https:\/\/api.w.org\/{rel}","templated":true}]}}