{"id":8775,"date":"2026-04-25T13:05:42","date_gmt":"2026-04-25T13:05:42","guid":{"rendered":"https:\/\/anopri.com\/?post_type=product&#038;p=8775"},"modified":"2026-04-25T13:05:44","modified_gmt":"2026-04-25T13:05:44","slug":"megaphone-portable-xb-11s-avec-enregistreur","status":"publish","type":"product","link":"https:\/\/anopri.com\/?product=megaphone-portable-xb-11s-avec-enregistreur","title":{"rendered":"M\u00e9gaphone portable XB-11S avec enregistreur"},"content":{"rendered":"<p><strong>M\u00e9gaphone portable XB 11s<\/strong> La gamme de haut-parleurs radio portables est favoris\u00e9e par de nombreuses fonctionnalit\u00e9s essentielles pour les activit\u00e9s de plein air telles que les ventes, les guides touristiques, les r\u00e9unions de groupe, l&#8217;organisation d&#8217;\u00e9v\u00e9nements. Le haut-parleur radio portable\u00a0 XB 11s est un produit de tr\u00e8s haute qualit\u00e9.<\/p>\n","protected":false},"excerpt":{"rendered":"<p><strong>M\u00e9gaphone portable XB 11s<\/strong> La gamme de haut-parleurs radio portables est favoris\u00e9e par de nombreuses fonctionnalit\u00e9s essentielles pour les activit\u00e9s de plein air telles que les ventes, les guides touristiques, les r\u00e9unions de groupe, l&#8217;organisation d&#8217;\u00e9v\u00e9nements. Le haut-parleur radio portable\u00a0 XB 11s est un produit de tr\u00e8s haute qualit\u00e9.<\/p>\n","protected":false},"featured_media":6427,"comment_status":"closed","ping_status":"closed","template":"","meta":{"_bst_post_transparent":"","_bst_post_title":"","_bst_post_layout":"","_bst_post_sidebar_id":"","_bst_post_content_style":"","_bst_post_vertical_padding":"","_bst_post_feature":"","_bst_post_feature_position":"","_bst_post_header":false,"_bst_post_footer":false},"product_brand":[],"product_cat":[147,142],"product_tag":[],"product_brands":[],"class_list":{"0":"post-8775","1":"product","2":"type-product","3":"status-publish","4":"has-post-thumbnail","6":"product_cat-audio-hifi","7":"product_cat-electronique","9":"first","10":"instock","11":"purchasable","12":"product-type-simple","13":"entry","14":"content-bg","15":"loop-entry"},"_links":{"self":[{"href":"https:\/\/anopri.com\/index.php?rest_route=\/wp\/v2\/product\/8775","targetHints":{"allow":["GET"]}}],"collection":[{"href":"https:\/\/anopri.com\/index.php?rest_route=\/wp\/v2\/product"}],"about":[{"href":"https:\/\/anopri.com\/index.php?rest_route=\/wp\/v2\/types\/product"}],"replies":[{"embeddable":true,"href":"https:\/\/anopri.com\/index.php?rest_route=%2Fwp%2Fv2%2Fcomments&post=8775"}],"wp:featuredmedia":[{"embeddable":true,"href":"https:\/\/anopri.com\/index.php?rest_route=\/wp\/v2\/media\/6427"}],"wp:attachment":[{"href":"https:\/\/anopri.com\/index.php?rest_route=%2Fwp%2Fv2%2Fmedia&parent=8775"}],"wp:term":[{"taxonomy":"product_brand","embeddable":true,"href":"https:\/\/anopri.com\/index.php?rest_route=%2Fwp%2Fv2%2Fproduct_brand&post=8775"},{"taxonomy":"product_cat","embeddable":true,"href":"https:\/\/anopri.com\/index.php?rest_route=%2Fwp%2Fv2%2Fproduct_cat&post=8775"},{"taxonomy":"product_tag","embeddable":true,"href":"https:\/\/anopri.com\/index.php?rest_route=%2Fwp%2Fv2%2Fproduct_tag&post=8775"},{"taxonomy":"product_brands","embeddable":true,"href":"https:\/\/anopri.com\/index.php?rest_route=%2Fwp%2Fv2%2Fproduct_brands&post=8775"}],"curies":[{"name":"wp","href":"https:\/\/api.w.org\/{rel}","templated":true}]}}