{"id":8765,"date":"2026-04-25T13:05:35","date_gmt":"2026-04-25T13:05:35","guid":{"rendered":"https:\/\/anopri.com\/?post_type=product&#038;p=8765"},"modified":"2026-04-25T13:05:40","modified_gmt":"2026-04-25T13:05:40","slug":"monobrosse-laver-decaper-et-lustrer-les-sols","status":"publish","type":"product","link":"https:\/\/anopri.com\/?product=monobrosse-laver-decaper-et-lustrer-les-sols","title":{"rendered":"MONOBROSSE (laver, d\u00e9caper et lustrer les sols)"},"content":{"rendered":"","protected":false},"excerpt":{"rendered":"<p>Cette\u00a0<strong>monobrosse<\/strong>\u00a0est une machine \u00e9lectrique polyvalente con\u00e7ue pour l\u2019entretien m\u00e9canis\u00e9 des sols.<\/p>\n<p>Gr\u00e2ce \u00e0 son<strong>\u00a0moteur \u00e0 2 vitesses<\/strong>, sa puissance s\u2019adapte \u00e0 tous types de travaux de fa\u00e7on optimale :<\/p>\n<p>\u2013 Travaux lourds,<br \/>\n\u2013 D\u00e9capages,<br \/>\n\u2013 lustrages, spray-m\u00e9thode\u2026etc.<\/p>\n<p>Son timon inclinable et ses commandes de contr\u00f4le tr\u00e8s ergonomiques offrent un grand confort d\u2019utilisation.<\/p>\n<p>Elle est dot\u00e9e du nouveau syst\u00e8me ATC de r\u00e9gulation de vitesse, la puissance de la brosse reste constante quelle que soit la surface de travail.<\/p>\n<p>Avec sa fonction bi-vitesses, cette<strong>\u00a0<\/strong>monobrosse est aussi efficace en basse vitesse (d\u00e9capage) qu\u2019en haute vitesse (lustrage ou spray m\u00e9thode).<\/p>\n<p>Son syst\u00e8me Flexi de pliage facilite le transport et le stockage pour un encombrement minimum.<\/p>\n","protected":false},"featured_media":7283,"comment_status":"closed","ping_status":"closed","template":"","meta":{"_bst_post_transparent":"","_bst_post_title":"","_bst_post_layout":"","_bst_post_sidebar_id":"","_bst_post_content_style":"","_bst_post_vertical_padding":"","_bst_post_feature":"","_bst_post_feature_position":"","_bst_post_header":false,"_bst_post_footer":false},"product_brand":[],"product_cat":[186],"product_tag":[],"product_brands":[],"class_list":{"0":"post-8765","1":"product","2":"type-product","3":"status-publish","4":"has-post-thumbnail","6":"product_cat-generateurs","8":"first","9":"instock","10":"purchasable","11":"product-type-simple","12":"entry","13":"content-bg","14":"loop-entry"},"_links":{"self":[{"href":"https:\/\/anopri.com\/index.php?rest_route=\/wp\/v2\/product\/8765","targetHints":{"allow":["GET"]}}],"collection":[{"href":"https:\/\/anopri.com\/index.php?rest_route=\/wp\/v2\/product"}],"about":[{"href":"https:\/\/anopri.com\/index.php?rest_route=\/wp\/v2\/types\/product"}],"replies":[{"embeddable":true,"href":"https:\/\/anopri.com\/index.php?rest_route=%2Fwp%2Fv2%2Fcomments&post=8765"}],"wp:featuredmedia":[{"embeddable":true,"href":"https:\/\/anopri.com\/index.php?rest_route=\/wp\/v2\/media\/7283"}],"wp:attachment":[{"href":"https:\/\/anopri.com\/index.php?rest_route=%2Fwp%2Fv2%2Fmedia&parent=8765"}],"wp:term":[{"taxonomy":"product_brand","embeddable":true,"href":"https:\/\/anopri.com\/index.php?rest_route=%2Fwp%2Fv2%2Fproduct_brand&post=8765"},{"taxonomy":"product_cat","embeddable":true,"href":"https:\/\/anopri.com\/index.php?rest_route=%2Fwp%2Fv2%2Fproduct_cat&post=8765"},{"taxonomy":"product_tag","embeddable":true,"href":"https:\/\/anopri.com\/index.php?rest_route=%2Fwp%2Fv2%2Fproduct_tag&post=8765"},{"taxonomy":"product_brands","embeddable":true,"href":"https:\/\/anopri.com\/index.php?rest_route=%2Fwp%2Fv2%2Fproduct_brands&post=8765"}],"curies":[{"name":"wp","href":"https:\/\/api.w.org\/{rel}","templated":true}]}}