{"id":8759,"date":"2026-04-25T13:05:35","date_gmt":"2026-04-25T13:05:35","guid":{"rendered":"https:\/\/anopri.com\/?post_type=product&#038;p=8759"},"modified":"2026-04-25T13:05:39","modified_gmt":"2026-04-25T13:05:39","slug":"congelateur-hisense-fc390-250l","status":"publish","type":"product","link":"https:\/\/anopri.com\/?product=congelateur-hisense-fc390-250l","title":{"rendered":"Cong\u00e9lateur HISENSE FC390 &#8211; 250L"},"content":{"rendered":"<p>Dans le but de mieux conserver vos denr\u00e9es alimentaires et r\u00e9aliser \u00a0d\u2019important \u00e9conomie, \u00a0nous vous conseillons de choisir le\u00a0<strong>cong\u00e9lateur \u00a0coffre de la marque Hisense<\/strong>. C\u2019est la star de l\u2019heure gr\u00e2ce \u00e0 son syst\u00e8me \u00e9conomique \u00a0en consommation \u00e9lectrique. Ce cong\u00e9lateur constitu\u00e9 d\u2019un\u00a0<strong>fluide<\/strong>\u00a0<b>r\u00e9frig\u00e9rant R600A<\/b>\u00a0qui lib\u00e8re la chaleur en cas de hausse de temp\u00e9rature et de pression est sans danger pour la nature.<\/p>\n<p>Il est id\u00e9al pour les petites familles et couvre largement les besoins d\u2019espace de\u00a0<strong>stockage<\/strong>. Vous pouvez utiliser votre cong\u00e9lateur chez vous , pour le compte d\u2019une boutique ou encore pour un restaurant sa capacit\u00e9 de fonctionnement reste la m\u00eame. Sa couleur grise s\u2019harmonise parfaitement \u00e0 votre d\u00e9coration et fera le bonheur de tout vos convives.<\/p>\n<h2>Une contenance\u00a0raisonnable avec des fonctionnalit\u00e9 de haute capacit\u00e9.<\/h2>\n<p>Il a une contenance de<strong>\u00a0300L<\/strong>\u00a0r\u00e9pondant parfaitement \u00e0 tous vos besoins de\u00a0<strong>stockage<\/strong> en masse. De ce fait, vous pouvez y stocker tout vos produits p\u00e9rissables: viande, poisson, boisson et des l\u00e9gumes engrande quantit\u00e9.\u00a0N\u2019importe qui en serait heureux de le mettre \u00e0 la maison. Gr\u00e2ce \u00e0\u00a0<strong>sa classe climatique N\/ST\/T<\/strong>\u00a0vous pouvez \u00eatre rassur\u00e9 quant \u00e0 sa capacit\u00e9 \u00e0 fonctionner normalement dans votre zone. Il est \u00e9quip\u00e9 d\u2019une lampe avec une\u00a0puissance maximal de\u00a02 W\u00a0pouvant vous \u00e9clairer \u00e0 n\u2019importe quel heure de la journ\u00e9e.<\/p>\n","protected":false},"excerpt":{"rendered":"<p>&nbsp;<\/p>\n<ul>\n<li><strong>Marque :<\/strong>\u00a0Hisense<\/li>\n<li><strong>Mod\u00e8le<\/strong>: FC-390DD4SA<\/li>\n<li><strong>Nombre de porte<\/strong>\u00a0: 1<\/li>\n<li><strong>Contenance :<\/strong>\u00a0300L<\/li>\n<li><strong>Puissance maximale de la lampe<\/strong>: 2 W<\/li>\n<li><strong>R\u00e9frig\u00e9rant<\/strong>\u00a0: R600A<\/li>\n<li><strong>Classe climatique<\/strong>\u00a0:N\/ST\/T<\/li>\n<li><strong>Tension :<\/strong>\u00a0220-240 V<\/li>\n<li><strong>Couleur\u00a0<\/strong>:Gris<\/li>\n<li><strong>Garantie\u00a0:<\/strong>\u00a06Mois<\/li>\n<\/ul>\n","protected":false},"featured_media":7262,"comment_status":"closed","ping_status":"closed","template":"","meta":{"_bst_post_transparent":"","_bst_post_title":"","_bst_post_layout":"","_bst_post_sidebar_id":"","_bst_post_content_style":"","_bst_post_vertical_padding":"","_bst_post_feature":"","_bst_post_feature_position":"","_bst_post_header":false,"_bst_post_footer":false},"product_brand":[],"product_cat":[153,145],"product_tag":[],"product_brands":[],"class_list":{"0":"post-8759","1":"product","2":"type-product","3":"status-publish","4":"has-post-thumbnail","6":"product_cat-congelateur-coffre","7":"product_cat-electromenager","9":"first","10":"instock","11":"purchasable","12":"product-type-simple","13":"entry","14":"content-bg","15":"loop-entry"},"_links":{"self":[{"href":"https:\/\/anopri.com\/index.php?rest_route=\/wp\/v2\/product\/8759","targetHints":{"allow":["GET"]}}],"collection":[{"href":"https:\/\/anopri.com\/index.php?rest_route=\/wp\/v2\/product"}],"about":[{"href":"https:\/\/anopri.com\/index.php?rest_route=\/wp\/v2\/types\/product"}],"replies":[{"embeddable":true,"href":"https:\/\/anopri.com\/index.php?rest_route=%2Fwp%2Fv2%2Fcomments&post=8759"}],"wp:featuredmedia":[{"embeddable":true,"href":"https:\/\/anopri.com\/index.php?rest_route=\/wp\/v2\/media\/7262"}],"wp:attachment":[{"href":"https:\/\/anopri.com\/index.php?rest_route=%2Fwp%2Fv2%2Fmedia&parent=8759"}],"wp:term":[{"taxonomy":"product_brand","embeddable":true,"href":"https:\/\/anopri.com\/index.php?rest_route=%2Fwp%2Fv2%2Fproduct_brand&post=8759"},{"taxonomy":"product_cat","embeddable":true,"href":"https:\/\/anopri.com\/index.php?rest_route=%2Fwp%2Fv2%2Fproduct_cat&post=8759"},{"taxonomy":"product_tag","embeddable":true,"href":"https:\/\/anopri.com\/index.php?rest_route=%2Fwp%2Fv2%2Fproduct_tag&post=8759"},{"taxonomy":"product_brands","embeddable":true,"href":"https:\/\/anopri.com\/index.php?rest_route=%2Fwp%2Fv2%2Fproduct_brands&post=8759"}],"curies":[{"name":"wp","href":"https:\/\/api.w.org\/{rel}","templated":true}]}}