{"id":8757,"date":"2026-04-25T13:05:35","date_gmt":"2026-04-25T13:05:35","guid":{"rendered":"https:\/\/anopri.com\/?post_type=product&#038;p=8757"},"modified":"2026-04-25T13:05:38","modified_gmt":"2026-04-25T13:05:38","slug":"adaptateur-secteur-moso-12v-15-a-dc","status":"publish","type":"product","link":"https:\/\/anopri.com\/?product=adaptateur-secteur-moso-12v-15-a-dc","title":{"rendered":"Adaptateur secteur Moso 12V 1,5 A DC"},"content":{"rendered":"<p>Votre adaptateur du d\u00e9codeur canal ou d&#8217;autres types de routeurs ne fonctionne plus, pas de panique.<br \/>\nAdaptateur secteur Moso 12V 1,5A DC est la solution<\/p>\n<p>Adaptateur SMPS de bonne qualit\u00e9<br \/>\nSortie stabilis\u00e9e, faible ondulation et faible interf\u00e9rence<br \/>\nEntr\u00e9e : 100-240 VCA 50 ou 60hZ<br \/>\nTaux de panne incroyablement bas.<br \/>\nL&#8217;alimentation centrale positive a une prise jack 2,5 mm x 5,5 mm<br \/>\nTension stable r\u00e9gul\u00e9e pour d\u00e9codeur CANAL<br \/>\nFonctionne avec la plupart des routeurs sans fil (CAMTEL, MTN, D-link, ORANGE, Asus,\u00a0 et quelques autres fabricants<\/p>\n","protected":false},"excerpt":{"rendered":"<p>Votre adaptateur du d\u00e9codeur canal ou d&#8217;autres types de routeurs ne fonctionne plus, pas de panique.<br \/>\nAdaptateur secteur Moso 12V 1,5A DC est la solution<\/p>\n<p>Adaptateur SMPS de bonne qualit\u00e9<br \/>\nSortie stabilis\u00e9e, faible ondulation et faible interf\u00e9rence<br \/>\nEntr\u00e9e : 100-240 VCA 50 ou 60hZ<br \/>\nTaux de panne incroyablement bas.<br \/>\nL&#8217;alimentation centrale positive a une prise jack 2,5 mm x 5,5 mm<br \/>\nTension stable r\u00e9gul\u00e9e pour d\u00e9codeur CANAL<br \/>\nFonctionne avec la plupart des routeurs sans fil (CAMTEL, MTN, D-link, ORANGE, Asus,\u00a0 et quelques autres fabricants<\/p>\n","protected":false},"featured_media":7260,"comment_status":"closed","ping_status":"closed","template":"","meta":{"_bst_post_transparent":"","_bst_post_title":"","_bst_post_layout":"","_bst_post_sidebar_id":"","_bst_post_content_style":"","_bst_post_vertical_padding":"","_bst_post_feature":"","_bst_post_feature_position":"","_bst_post_header":false,"_bst_post_footer":false},"product_brand":[],"product_cat":[142,152],"product_tag":[],"product_brands":[],"class_list":{"0":"post-8757","1":"product","2":"type-product","3":"status-publish","4":"has-post-thumbnail","6":"product_cat-electronique","7":"product_cat-telephones-accessoires","9":"first","10":"instock","11":"purchasable","12":"product-type-simple","13":"entry","14":"content-bg","15":"loop-entry"},"_links":{"self":[{"href":"https:\/\/anopri.com\/index.php?rest_route=\/wp\/v2\/product\/8757","targetHints":{"allow":["GET"]}}],"collection":[{"href":"https:\/\/anopri.com\/index.php?rest_route=\/wp\/v2\/product"}],"about":[{"href":"https:\/\/anopri.com\/index.php?rest_route=\/wp\/v2\/types\/product"}],"replies":[{"embeddable":true,"href":"https:\/\/anopri.com\/index.php?rest_route=%2Fwp%2Fv2%2Fcomments&post=8757"}],"wp:featuredmedia":[{"embeddable":true,"href":"https:\/\/anopri.com\/index.php?rest_route=\/wp\/v2\/media\/7260"}],"wp:attachment":[{"href":"https:\/\/anopri.com\/index.php?rest_route=%2Fwp%2Fv2%2Fmedia&parent=8757"}],"wp:term":[{"taxonomy":"product_brand","embeddable":true,"href":"https:\/\/anopri.com\/index.php?rest_route=%2Fwp%2Fv2%2Fproduct_brand&post=8757"},{"taxonomy":"product_cat","embeddable":true,"href":"https:\/\/anopri.com\/index.php?rest_route=%2Fwp%2Fv2%2Fproduct_cat&post=8757"},{"taxonomy":"product_tag","embeddable":true,"href":"https:\/\/anopri.com\/index.php?rest_route=%2Fwp%2Fv2%2Fproduct_tag&post=8757"},{"taxonomy":"product_brands","embeddable":true,"href":"https:\/\/anopri.com\/index.php?rest_route=%2Fwp%2Fv2%2Fproduct_brands&post=8757"}],"curies":[{"name":"wp","href":"https:\/\/api.w.org\/{rel}","templated":true}]}}