{"id":8755,"date":"2026-04-25T13:05:34","date_gmt":"2026-04-25T13:05:34","guid":{"rendered":"https:\/\/anopri.com\/?post_type=product&#038;p=8755"},"modified":"2026-04-25T13:05:38","modified_gmt":"2026-04-25T13:05:38","slug":"micro-ondes-hisense-h30mobs9hg-30l-900w","status":"publish","type":"product","link":"https:\/\/anopri.com\/?product=micro-ondes-hisense-h30mobs9hg-30l-900w","title":{"rendered":"MICRO-ONDES Hisense H30MOBS9HG- 30L -900W"},"content":{"rendered":"<p>Le Micro-Ondes Silver de la marque Hisense est un mod\u00e8le de 30L en couleur argent\u00e9e. Il est \u00e9quip\u00e9 d\u2019une poign\u00e9e, d&#8217;une porte en verre miroir et d&#8217;un contr\u00f4le num\u00e9rique pour une utilisation facile et pr\u00e9cise. Le minuteur peut \u00eatre r\u00e9gl\u00e9 jusqu&#8217;\u00e0 99,99 minutes, avec 11 niveaux d&#8217;\u00e9nergie pour une cuisson rapide et efficace. Ce H30MOMS9H d\u2019une puissance de 900 W est dot\u00e9 d\u2019un plateau tournant de 288 mm, ce qui permet de cuisiner des plats de taille moyenne.<\/p>\n","protected":false},"excerpt":{"rendered":"<ul>\n<li>&#8211; Tye de produit :\u00a0Four, Micro onde Grill<\/li>\n<li>&#8211; Marque :\u00a0Hisense<\/li>\n<li>&#8211; Modele :\u00a0H30MOMS9HG<\/li>\n<li>&#8211; Couleur :\u00a0Gris<\/li>\n<li>&#8211; Contenance :\u00a030L<\/li>\n<li>&#8211; Puissance :\u00a0900W<\/li>\n<li>&#8211; Minuteur :\u00a099.99 min<\/li>\n<li>&#8211; Reglage de niveau de puissance :\u00a011<\/li>\n<li>&#8211; Nombre de menu d&#8217;auto cuisson :\u00a06<\/li>\n<li>&#8211; Taille du plateau tournant :\u00a0288 mm<\/li>\n<li>&#8211; Control digital<\/li>\n<li>&#8211; D\u00e9givrage rapide<\/li>\n<li>&#8211; Minuteur\u00a0: digital<\/li>\n<li>&#8211; D\u00e9marrage rapide de la cuisson<\/li>\n<li>&#8211; Poids\/Vitesse de d\u00e9givrage<\/li>\n<li>&#8211; Cuisson en plusieurs \u00e9tapes<\/li>\n<li>&#8211; Programable<\/li>\n<li>&#8211; Verrou de s\u00e9curit\u00e9 pour enfants<\/li>\n<li>&#8211; Signal de fin de cuisson<\/li>\n<li>&#8211; Kit de cuisson \u00e0 m\u00e9moire<br \/>\n&#8211; r\u00e9glage de l&#8217;horloge\u00a0: 12h<\/li>\n<\/ul>\n","protected":false},"featured_media":7254,"comment_status":"closed","ping_status":"closed","template":"","meta":{"_bst_post_transparent":"","_bst_post_title":"","_bst_post_layout":"","_bst_post_sidebar_id":"","_bst_post_content_style":"","_bst_post_vertical_padding":"","_bst_post_feature":"","_bst_post_feature_position":"","_bst_post_header":false,"_bst_post_footer":false},"product_brand":[],"product_cat":[145,154],"product_tag":[],"product_brands":[],"class_list":{"0":"post-8755","1":"product","2":"type-product","3":"status-publish","4":"has-post-thumbnail","6":"product_cat-electromenager","7":"product_cat-micro-onde-fours","9":"first","10":"instock","11":"purchasable","12":"product-type-simple","13":"entry","14":"content-bg","15":"loop-entry"},"_links":{"self":[{"href":"https:\/\/anopri.com\/index.php?rest_route=\/wp\/v2\/product\/8755","targetHints":{"allow":["GET"]}}],"collection":[{"href":"https:\/\/anopri.com\/index.php?rest_route=\/wp\/v2\/product"}],"about":[{"href":"https:\/\/anopri.com\/index.php?rest_route=\/wp\/v2\/types\/product"}],"replies":[{"embeddable":true,"href":"https:\/\/anopri.com\/index.php?rest_route=%2Fwp%2Fv2%2Fcomments&post=8755"}],"wp:featuredmedia":[{"embeddable":true,"href":"https:\/\/anopri.com\/index.php?rest_route=\/wp\/v2\/media\/7254"}],"wp:attachment":[{"href":"https:\/\/anopri.com\/index.php?rest_route=%2Fwp%2Fv2%2Fmedia&parent=8755"}],"wp:term":[{"taxonomy":"product_brand","embeddable":true,"href":"https:\/\/anopri.com\/index.php?rest_route=%2Fwp%2Fv2%2Fproduct_brand&post=8755"},{"taxonomy":"product_cat","embeddable":true,"href":"https:\/\/anopri.com\/index.php?rest_route=%2Fwp%2Fv2%2Fproduct_cat&post=8755"},{"taxonomy":"product_tag","embeddable":true,"href":"https:\/\/anopri.com\/index.php?rest_route=%2Fwp%2Fv2%2Fproduct_tag&post=8755"},{"taxonomy":"product_brands","embeddable":true,"href":"https:\/\/anopri.com\/index.php?rest_route=%2Fwp%2Fv2%2Fproduct_brands&post=8755"}],"curies":[{"name":"wp","href":"https:\/\/api.w.org\/{rel}","templated":true}]}}