{"id":8753,"date":"2026-04-25T13:05:34","date_gmt":"2026-04-25T13:05:34","guid":{"rendered":"https:\/\/anopri.com\/?post_type=product&#038;p=8753"},"modified":"2026-04-25T13:05:37","modified_gmt":"2026-04-25T13:05:37","slug":"tecno-camon-18p-128go-8go-2-sim-48mp","status":"publish","type":"product","link":"https:\/\/anopri.com\/?product=tecno-camon-18p-128go-8go-2-sim-48mp","title":{"rendered":"Tecno Camon 18P &#8211; 128Go\/8Go &#8211; 2 Sim &#8211; 48MP"},"content":{"rendered":"<p>Le<strong>\u00a0Camon 18P<\/strong>\u00a0disopose d\u2019une dimension 168,9 x 76,7 x 8,8 mm et est disponible en trois couleurs magnifiques pour une style particulier.\u00a0 Ce smartphone de haute qualit\u00e9 vous offre une connectivit\u00e9 double SIM avec double VoLTE 4G. Ils ont un capteur d\u2019<strong>empreintes digitales mont\u00e9 sur le c\u00f4t\u00e9<\/strong>\u00a0et fonctionnent sur HiOS 8 bas\u00e9 sur Android 11. Votre t\u00e9l\u00e9phone Androit est dot\u00e9 d\u2019un \u00e9cran FHD 120 Hz de 6,7 pouces, un processeur Helio G96, 8 Go de RAM, 128 Go de stockage interne et Batterie 5000 mAh prenant en charge la charge rapide de 33 W. Il comporte une cam\u00e9ra frontale de 16 m\u00e9gapixels et son arri\u00e8re trois capteurs photos de 48 m\u00e9gapixels 13 m\u00e9gapixels 2 m\u00e9gapixels avec zoom 30x.<\/p>\n<h3><strong>Une performance remarquable<\/strong><\/h3>\n<p>Ce\u00a0<strong>t\u00e9l\u00e9phone tecno camon 18p<\/strong>\u00a0int\u00e8gre un processeur Octa-core (2\u00d72.05 GHz Cortex-A76 &amp; 6\u00d72.0 GHz Cortex-A55) aliment\u00e9 par Mediatek et une puce Helio G96 et de\u00a0<strong>m\u00e9moire de 128Go, 8Go de RAM<\/strong>\u00a0pour offrir un confort dans l\u2019utilisation. Ces performances rendent votre smartphone fluide et rapide. Vous avez le privil\u00e8ge de visionner en toute s\u00e9curit\u00e9 et s\u00e9r\u00e9nit\u00e9.\u00a0Les options de connectivit\u00e9 incluent Wi-Fi 802.11 a\/b\/g\/n\/ac, Wi-Fi Hotspot, Bluetooth V5.0, USB Type-C, GPS\/GLONASS\/Beidou, NFC et prise audio 3,5 mm.<\/p>\n","protected":false},"excerpt":{"rendered":"<p>Le<strong>\u00a0Camon 18P<\/strong>\u00a0disopose d\u2019une dimension 168,9 x 76,7 x 8,8 mm et est disponible en trois couleurs magnifiques pour une style particulier.\u00a0 Ce smartphone de haute qualit\u00e9 vous offre une connectivit\u00e9 double SIM avec double VoLTE 4G. Ils ont un capteur d\u2019<strong>empreintes digitales mont\u00e9 sur le c\u00f4t\u00e9<\/strong>\u00a0et fonctionnent sur HiOS 8 bas\u00e9 sur Android 11. Votre t\u00e9l\u00e9phone Androit est dot\u00e9 d\u2019un \u00e9cran FHD 120 Hz de 6,7 pouces, un processeur Helio G96, 8 Go de RAM, 128 Go de stockage interne et Batterie 5000 mAh prenant en charge la charge rapide de 33 W. Il comporte une cam\u00e9ra frontale de 16 m\u00e9gapixels et son arri\u00e8re trois capteurs photos de 48 m\u00e9gapixels 13 m\u00e9gapixels 2 m\u00e9gapixels avec zoom 30x.<\/p>\n<h3><strong>Une performance remarquable<\/strong><\/h3>\n<p>Ce\u00a0<strong>t\u00e9l\u00e9phone tecno camon 18p<\/strong>\u00a0int\u00e8gre un processeur Octa-core (2\u00d72.05 GHz Cortex-A76 &amp; 6\u00d72.0 GHz Cortex-A55) aliment\u00e9 par Mediatek et une puce Helio G96 et de\u00a0<strong>m\u00e9moire de 128Go, 8Go de RAM<\/strong>\u00a0pour offrir un confort dans l\u2019utilisation. Ces performances rendent votre smartphone fluide et rapide. Vous avez le privil\u00e8ge de visionner en toute s\u00e9curit\u00e9 et s\u00e9r\u00e9nit\u00e9.\u00a0Les options de connectivit\u00e9 incluent Wi-Fi 802.11 a\/b\/g\/n\/ac, Wi-Fi Hotspot, Bluetooth V5.0, USB Type-C, GPS\/GLONASS\/Beidou, NFC et prise audio 3,5 mm.<\/p>\n","protected":false},"featured_media":7250,"comment_status":"closed","ping_status":"closed","template":"","meta":{"_bst_post_transparent":"","_bst_post_title":"","_bst_post_layout":"","_bst_post_sidebar_id":"","_bst_post_content_style":"","_bst_post_vertical_padding":"","_bst_post_feature":"","_bst_post_feature_position":"","_bst_post_header":false,"_bst_post_footer":false},"product_brand":[],"product_cat":[152],"product_tag":[],"product_brands":[],"class_list":{"0":"post-8753","1":"product","2":"type-product","3":"status-publish","4":"has-post-thumbnail","6":"product_cat-telephones-accessoires","8":"first","9":"instock","10":"sale","11":"purchasable","12":"product-type-simple","13":"entry","14":"content-bg","15":"loop-entry"},"_links":{"self":[{"href":"https:\/\/anopri.com\/index.php?rest_route=\/wp\/v2\/product\/8753","targetHints":{"allow":["GET"]}}],"collection":[{"href":"https:\/\/anopri.com\/index.php?rest_route=\/wp\/v2\/product"}],"about":[{"href":"https:\/\/anopri.com\/index.php?rest_route=\/wp\/v2\/types\/product"}],"replies":[{"embeddable":true,"href":"https:\/\/anopri.com\/index.php?rest_route=%2Fwp%2Fv2%2Fcomments&post=8753"}],"wp:featuredmedia":[{"embeddable":true,"href":"https:\/\/anopri.com\/index.php?rest_route=\/wp\/v2\/media\/7250"}],"wp:attachment":[{"href":"https:\/\/anopri.com\/index.php?rest_route=%2Fwp%2Fv2%2Fmedia&parent=8753"}],"wp:term":[{"taxonomy":"product_brand","embeddable":true,"href":"https:\/\/anopri.com\/index.php?rest_route=%2Fwp%2Fv2%2Fproduct_brand&post=8753"},{"taxonomy":"product_cat","embeddable":true,"href":"https:\/\/anopri.com\/index.php?rest_route=%2Fwp%2Fv2%2Fproduct_cat&post=8753"},{"taxonomy":"product_tag","embeddable":true,"href":"https:\/\/anopri.com\/index.php?rest_route=%2Fwp%2Fv2%2Fproduct_tag&post=8753"},{"taxonomy":"product_brands","embeddable":true,"href":"https:\/\/anopri.com\/index.php?rest_route=%2Fwp%2Fv2%2Fproduct_brands&post=8753"}],"curies":[{"name":"wp","href":"https:\/\/api.w.org\/{rel}","templated":true}]}}