{"id":8752,"date":"2026-04-25T13:05:34","date_gmt":"2026-04-25T13:05:34","guid":{"rendered":"https:\/\/anopri.com\/?post_type=product&#038;p=8752"},"modified":"2026-04-25T13:05:37","modified_gmt":"2026-04-25T13:05:37","slug":"infinix-hot-10s-triple-cameras-6-78-128go-6go-6000mah","status":"publish","type":"product","link":"https:\/\/anopri.com\/?product=infinix-hot-10s-triple-cameras-6-78-128go-6go-6000mah","title":{"rendered":"Infinix Hot 10s Triple cam\u00e9ras &#8211; 6.78&#8243; &#8211; 128Go\/6Go &#8211; 6000mAh"},"content":{"rendered":"<p>Le smartphone <strong>Infinix Hot 10s (HOT10S)<\/strong> mis en vente en 2021. Il marche \u00e0 un jeu de puces Mediatek Helio G85, 6 GB de RAM et 128 GB de stockage interne.<\/p>\n<p><strong>Le Infinix Hot 10s<\/strong> fonctionne avec Android OS v11.0 sortie de l&#8217;emballage. Il vient avec une batterie Li-Po 6000 mAh, non-amovible. Il dispose d&#8217;un \u00e9cran IPS 6,82 pouces avec une r\u00e9solution 720 x 1640 px. La technologie IPS est l&#8217;une des technologies LCD les plus \u00e9minentes dans le monde.<\/p>\n","protected":false},"excerpt":{"rendered":"<p>Le smartphone <strong>Infinix Hot 10s (HOT10S)<\/strong> mis en vente en 2021. Il marche \u00e0 un jeu de puces Mediatek Helio G85, 6 GB de RAM et 128 GB de stockage interne.<\/p>\n<p><strong>Le Infinix Hot 10s<\/strong> fonctionne avec Android OS v11.0 sortie de l&#8217;emballage. Il vient avec une batterie Li-Po 6000 mAh, non-amovible. Il dispose d&#8217;un \u00e9cran IPS 6,82 pouces avec une r\u00e9solution 720 x 1640 px. La technologie IPS est l&#8217;une des technologies LCD les plus \u00e9minentes dans le monde.<\/p>\n","protected":false},"featured_media":7248,"comment_status":"closed","ping_status":"closed","template":"","meta":{"_bst_post_transparent":"","_bst_post_title":"","_bst_post_layout":"","_bst_post_sidebar_id":"","_bst_post_content_style":"","_bst_post_vertical_padding":"","_bst_post_feature":"","_bst_post_feature_position":"","_bst_post_header":false,"_bst_post_footer":false},"product_brand":[],"product_cat":[152],"product_tag":[],"product_brands":[],"class_list":{"0":"post-8752","1":"product","2":"type-product","3":"status-publish","4":"has-post-thumbnail","6":"product_cat-telephones-accessoires","8":"first","9":"instock","10":"purchasable","11":"product-type-simple","12":"entry","13":"content-bg","14":"loop-entry"},"_links":{"self":[{"href":"https:\/\/anopri.com\/index.php?rest_route=\/wp\/v2\/product\/8752","targetHints":{"allow":["GET"]}}],"collection":[{"href":"https:\/\/anopri.com\/index.php?rest_route=\/wp\/v2\/product"}],"about":[{"href":"https:\/\/anopri.com\/index.php?rest_route=\/wp\/v2\/types\/product"}],"replies":[{"embeddable":true,"href":"https:\/\/anopri.com\/index.php?rest_route=%2Fwp%2Fv2%2Fcomments&post=8752"}],"wp:featuredmedia":[{"embeddable":true,"href":"https:\/\/anopri.com\/index.php?rest_route=\/wp\/v2\/media\/7248"}],"wp:attachment":[{"href":"https:\/\/anopri.com\/index.php?rest_route=%2Fwp%2Fv2%2Fmedia&parent=8752"}],"wp:term":[{"taxonomy":"product_brand","embeddable":true,"href":"https:\/\/anopri.com\/index.php?rest_route=%2Fwp%2Fv2%2Fproduct_brand&post=8752"},{"taxonomy":"product_cat","embeddable":true,"href":"https:\/\/anopri.com\/index.php?rest_route=%2Fwp%2Fv2%2Fproduct_cat&post=8752"},{"taxonomy":"product_tag","embeddable":true,"href":"https:\/\/anopri.com\/index.php?rest_route=%2Fwp%2Fv2%2Fproduct_tag&post=8752"},{"taxonomy":"product_brands","embeddable":true,"href":"https:\/\/anopri.com\/index.php?rest_route=%2Fwp%2Fv2%2Fproduct_brands&post=8752"}],"curies":[{"name":"wp","href":"https:\/\/api.w.org\/{rel}","templated":true}]}}