{"id":8751,"date":"2026-04-25T13:05:34","date_gmt":"2026-04-25T13:05:34","guid":{"rendered":"https:\/\/anopri.com\/?post_type=product&#038;p=8751"},"modified":"2026-04-25T13:05:37","modified_gmt":"2026-04-25T13:05:37","slug":"xiaomi-mi-11-lite-5g-256g-8g-dual-sim","status":"publish","type":"product","link":"https:\/\/anopri.com\/?product=xiaomi-mi-11-lite-5g-256g-8g-dual-sim","title":{"rendered":"Xiaomi Mi 11 Lite 5G 256G\/8G- DUAL SIM"},"content":{"rendered":"<p>Compatible 5G, le Xiaomi Mi 11 Lite NE renferme des performances de haut niveau. Il est notamment \u00e9quip\u00e9 d&#8217;un \u00e9cran sublime AMOLED de 6.55&#8243; \u00e0 r\u00e9solution Full HD de 1080 x 2400 pixels avec taux de rafra\u00eechissement de 90 Hz. De plus, il est dot\u00e9 d&#8217;un processeur Qualcomm Snapdragon 778G Octo-Core cadenc\u00e9 \u00e0 2.4 GHz accompagn\u00e9 de 8 Go de RAM et une capacit\u00e9 de stockage de 256 Go. Vous pouvez ainsi b\u00e9n\u00e9ficier de toute la puissance n\u00e9cessaire pour une utilisation intensive.<\/p>\n","protected":false},"excerpt":{"rendered":"<p>Compatible 5G, le Xiaomi Mi 11 Lite NE renferme des performances de haut niveau. Il est notamment \u00e9quip\u00e9 d&#8217;un \u00e9cran sublime AMOLED de 6.55&#8243; \u00e0 r\u00e9solution Full HD de 1080 x 2400 pixels avec taux de rafra\u00eechissement de 90 Hz. De plus, il est dot\u00e9 d&#8217;un processeur Qualcomm Snapdragon 778G Octo-Core cadenc\u00e9 \u00e0 2.4 GHz accompagn\u00e9 de 8 Go de RAM et une capacit\u00e9 de stockage de 256 Go. Vous pouvez ainsi b\u00e9n\u00e9ficier de toute la puissance n\u00e9cessaire pour une utilisation intensive.<\/p>\n","protected":false},"featured_media":7246,"comment_status":"closed","ping_status":"closed","template":"","meta":{"_bst_post_transparent":"","_bst_post_title":"","_bst_post_layout":"","_bst_post_sidebar_id":"","_bst_post_content_style":"","_bst_post_vertical_padding":"","_bst_post_feature":"","_bst_post_feature_position":"","_bst_post_header":false,"_bst_post_footer":false},"product_brand":[],"product_cat":[152],"product_tag":[],"product_brands":[],"class_list":{"0":"post-8751","1":"product","2":"type-product","3":"status-publish","4":"has-post-thumbnail","6":"product_cat-telephones-accessoires","8":"first","9":"instock","10":"sale","11":"purchasable","12":"product-type-simple","13":"entry","14":"content-bg","15":"loop-entry"},"_links":{"self":[{"href":"https:\/\/anopri.com\/index.php?rest_route=\/wp\/v2\/product\/8751","targetHints":{"allow":["GET"]}}],"collection":[{"href":"https:\/\/anopri.com\/index.php?rest_route=\/wp\/v2\/product"}],"about":[{"href":"https:\/\/anopri.com\/index.php?rest_route=\/wp\/v2\/types\/product"}],"replies":[{"embeddable":true,"href":"https:\/\/anopri.com\/index.php?rest_route=%2Fwp%2Fv2%2Fcomments&post=8751"}],"wp:featuredmedia":[{"embeddable":true,"href":"https:\/\/anopri.com\/index.php?rest_route=\/wp\/v2\/media\/7246"}],"wp:attachment":[{"href":"https:\/\/anopri.com\/index.php?rest_route=%2Fwp%2Fv2%2Fmedia&parent=8751"}],"wp:term":[{"taxonomy":"product_brand","embeddable":true,"href":"https:\/\/anopri.com\/index.php?rest_route=%2Fwp%2Fv2%2Fproduct_brand&post=8751"},{"taxonomy":"product_cat","embeddable":true,"href":"https:\/\/anopri.com\/index.php?rest_route=%2Fwp%2Fv2%2Fproduct_cat&post=8751"},{"taxonomy":"product_tag","embeddable":true,"href":"https:\/\/anopri.com\/index.php?rest_route=%2Fwp%2Fv2%2Fproduct_tag&post=8751"},{"taxonomy":"product_brands","embeddable":true,"href":"https:\/\/anopri.com\/index.php?rest_route=%2Fwp%2Fv2%2Fproduct_brands&post=8751"}],"curies":[{"name":"wp","href":"https:\/\/api.w.org\/{rel}","templated":true}]}}