{"id":8748,"date":"2026-04-25T13:05:34","date_gmt":"2026-04-25T13:05:34","guid":{"rendered":"https:\/\/anopri.com\/?post_type=product&#038;p=8748"},"modified":"2026-04-25T13:05:37","modified_gmt":"2026-04-25T13:05:37","slug":"samsung-galaxy-a12-128gb-dual-sim","status":"publish","type":"product","link":"https:\/\/anopri.com\/?product=samsung-galaxy-a12-128gb-dual-sim","title":{"rendered":"SAMSUNG GALAXY A12 128GB -Dual SIM"},"content":{"rendered":"<p>Le Samsung Galaxy A12 est un smartphone entr\u00e9e de gamme \u00e9quip\u00e9 d&#8217;un SoC Mediatek coupl\u00e9 \u00e0 3, 4 ou 6 Go de RAM et 32, 64 ou 128 Go de stockage, extensible via microSD. Il poss\u00e8de 4 capteurs photo \u00e0 l&#8217;arri\u00e8re : le principal \u00e0 48 m\u00e9gapixels, un ultra grand-angle \u00e0 5 m\u00e9gapixels, un objectif macro et un capteur de profondeur. Il a une batterie de 5000 mAh compatible charge rapide (15 W).<\/p>\n","protected":false},"excerpt":{"rendered":"<p>Le Samsung Galaxy A12 est un smartphone entr\u00e9e de gamme \u00e9quip\u00e9 d&#8217;un SoC Mediatek coupl\u00e9 \u00e0 3, 4 ou 6 Go de RAM et 32, 64 ou 128 Go de stockage, extensible via microSD. Il poss\u00e8de 4 capteurs photo \u00e0 l&#8217;arri\u00e8re : le principal \u00e0 48 m\u00e9gapixels, un ultra grand-angle \u00e0 5 m\u00e9gapixels, un objectif macro et un capteur de profondeur. Il a une batterie de 5000 mAh compatible charge rapide (15 W).<\/p>\n","protected":false},"featured_media":7244,"comment_status":"closed","ping_status":"closed","template":"","meta":{"_bst_post_transparent":"","_bst_post_title":"","_bst_post_layout":"","_bst_post_sidebar_id":"","_bst_post_content_style":"","_bst_post_vertical_padding":"","_bst_post_feature":"","_bst_post_feature_position":"","_bst_post_header":false,"_bst_post_footer":false},"product_brand":[],"product_cat":[152],"product_tag":[],"product_brands":[],"class_list":{"0":"post-8748","1":"product","2":"type-product","3":"status-publish","4":"has-post-thumbnail","6":"product_cat-telephones-accessoires","8":"first","9":"instock","10":"purchasable","11":"product-type-simple","12":"entry","13":"content-bg","14":"loop-entry"},"_links":{"self":[{"href":"https:\/\/anopri.com\/index.php?rest_route=\/wp\/v2\/product\/8748","targetHints":{"allow":["GET"]}}],"collection":[{"href":"https:\/\/anopri.com\/index.php?rest_route=\/wp\/v2\/product"}],"about":[{"href":"https:\/\/anopri.com\/index.php?rest_route=\/wp\/v2\/types\/product"}],"replies":[{"embeddable":true,"href":"https:\/\/anopri.com\/index.php?rest_route=%2Fwp%2Fv2%2Fcomments&post=8748"}],"wp:featuredmedia":[{"embeddable":true,"href":"https:\/\/anopri.com\/index.php?rest_route=\/wp\/v2\/media\/7244"}],"wp:attachment":[{"href":"https:\/\/anopri.com\/index.php?rest_route=%2Fwp%2Fv2%2Fmedia&parent=8748"}],"wp:term":[{"taxonomy":"product_brand","embeddable":true,"href":"https:\/\/anopri.com\/index.php?rest_route=%2Fwp%2Fv2%2Fproduct_brand&post=8748"},{"taxonomy":"product_cat","embeddable":true,"href":"https:\/\/anopri.com\/index.php?rest_route=%2Fwp%2Fv2%2Fproduct_cat&post=8748"},{"taxonomy":"product_tag","embeddable":true,"href":"https:\/\/anopri.com\/index.php?rest_route=%2Fwp%2Fv2%2Fproduct_tag&post=8748"},{"taxonomy":"product_brands","embeddable":true,"href":"https:\/\/anopri.com\/index.php?rest_route=%2Fwp%2Fv2%2Fproduct_brands&post=8748"}],"curies":[{"name":"wp","href":"https:\/\/api.w.org\/{rel}","templated":true}]}}