{"id":8746,"date":"2026-04-25T13:05:34","date_gmt":"2026-04-25T13:05:34","guid":{"rendered":"https:\/\/anopri.com\/?post_type=product&#038;p=8746"},"modified":"2026-04-25T13:05:36","modified_gmt":"2026-04-25T13:05:36","slug":"smartphone-samsung-galaxy-a13-64go","status":"publish","type":"product","link":"https:\/\/anopri.com\/?product=smartphone-samsung-galaxy-a13-64go","title":{"rendered":"SMARTPHONE SAMSUNG GALAXY A13 64Go"},"content":{"rendered":"<h3>Un smartphone performant et abordable<\/h3>\n<p>Avec son\u00a0<b>\u00e9cran panoramique Infinity-U de 6,6 pouces<\/b>\u00a0d&#8217;une r\u00e9solution de\u00a0<b>1080 x 2408 pixels<\/b>\u00a0et\u00a0<b>compatible HDR<\/b>, le Samsung Galaxy A13 offre une immersion totale dans tous vos contenus. Les applications, les jeux et les films et s\u00e9ries profiteront d&#8217;un tel espace avec un affichage d&#8217;une grande clart\u00e9 et nettet\u00e9.<\/p>\n<p>Pour que toute application puisse r\u00e9pondra \u00e0 vos sollicitations avec r\u00e9activit\u00e9, Samsung a dot\u00e9 le Galaxy A13 de son\u00a0<b>processeur octo-core Exynos 850<\/b>\u00a0avec\u00a0<b>4 Go de m\u00e9moire<\/b>\u00a0et un\u00a0<b>stockage interne de 64 Go<\/b>\u00a0pour stocker ais\u00e9ment vos apps, vos jeux et vos donn\u00e9es. Au besoin, vous pourrez \u00e9tendre ce stockage avec une carte microSD jusqu&#8217;\u00e0 1 To.<\/p>\n","protected":false},"excerpt":{"rendered":"<h3>Un smartphone performant et abordable<\/h3>\n<p>Avec son\u00a0<b>\u00e9cran panoramique Infinity-U de 6,6 pouces<\/b>\u00a0d&#8217;une r\u00e9solution de\u00a0<b>1080 x 2408 pixels<\/b>\u00a0et\u00a0<b>compatible HDR<\/b>, le Samsung Galaxy A13 offre une immersion totale dans tous vos contenus. Les applications, les jeux et les films et s\u00e9ries profiteront d&#8217;un tel espace avec un affichage d&#8217;une grande clart\u00e9 et nettet\u00e9.<\/p>\n<p>Pour que toute application puisse r\u00e9pondra \u00e0 vos sollicitations avec r\u00e9activit\u00e9, Samsung a dot\u00e9 le Galaxy A13 de son\u00a0<b>processeur octo-core Exynos 850<\/b>\u00a0avec\u00a0<b>4 Go de m\u00e9moire<\/b>\u00a0et un\u00a0<b>stockage interne de 64 Go<\/b>\u00a0pour stocker ais\u00e9ment vos apps, vos jeux et vos donn\u00e9es. Au besoin, vous pourrez \u00e9tendre ce stockage avec une carte microSD jusqu&#8217;\u00e0 1 To.<\/p>\n","protected":false},"featured_media":7242,"comment_status":"closed","ping_status":"closed","template":"","meta":{"_bst_post_transparent":"","_bst_post_title":"","_bst_post_layout":"","_bst_post_sidebar_id":"","_bst_post_content_style":"","_bst_post_vertical_padding":"","_bst_post_feature":"","_bst_post_feature_position":"","_bst_post_header":false,"_bst_post_footer":false},"product_brand":[],"product_cat":[152],"product_tag":[],"product_brands":[],"class_list":{"0":"post-8746","1":"product","2":"type-product","3":"status-publish","4":"has-post-thumbnail","6":"product_cat-telephones-accessoires","8":"first","9":"instock","10":"purchasable","11":"product-type-simple","12":"entry","13":"content-bg","14":"loop-entry"},"_links":{"self":[{"href":"https:\/\/anopri.com\/index.php?rest_route=\/wp\/v2\/product\/8746","targetHints":{"allow":["GET"]}}],"collection":[{"href":"https:\/\/anopri.com\/index.php?rest_route=\/wp\/v2\/product"}],"about":[{"href":"https:\/\/anopri.com\/index.php?rest_route=\/wp\/v2\/types\/product"}],"replies":[{"embeddable":true,"href":"https:\/\/anopri.com\/index.php?rest_route=%2Fwp%2Fv2%2Fcomments&post=8746"}],"wp:featuredmedia":[{"embeddable":true,"href":"https:\/\/anopri.com\/index.php?rest_route=\/wp\/v2\/media\/7242"}],"wp:attachment":[{"href":"https:\/\/anopri.com\/index.php?rest_route=%2Fwp%2Fv2%2Fmedia&parent=8746"}],"wp:term":[{"taxonomy":"product_brand","embeddable":true,"href":"https:\/\/anopri.com\/index.php?rest_route=%2Fwp%2Fv2%2Fproduct_brand&post=8746"},{"taxonomy":"product_cat","embeddable":true,"href":"https:\/\/anopri.com\/index.php?rest_route=%2Fwp%2Fv2%2Fproduct_cat&post=8746"},{"taxonomy":"product_tag","embeddable":true,"href":"https:\/\/anopri.com\/index.php?rest_route=%2Fwp%2Fv2%2Fproduct_tag&post=8746"},{"taxonomy":"product_brands","embeddable":true,"href":"https:\/\/anopri.com\/index.php?rest_route=%2Fwp%2Fv2%2Fproduct_brands&post=8746"}],"curies":[{"name":"wp","href":"https:\/\/api.w.org\/{rel}","templated":true}]}}