{"id":8745,"date":"2026-04-25T13:05:34","date_gmt":"2026-04-25T13:05:34","guid":{"rendered":"https:\/\/anopri.com\/?post_type=product&#038;p=8745"},"modified":"2026-04-25T13:05:36","modified_gmt":"2026-04-25T13:05:36","slug":"samsung-galaxy-a22-64-64-go-double-sim","status":"publish","type":"product","link":"https:\/\/anopri.com\/?product=samsung-galaxy-a22-64-64-go-double-sim","title":{"rendered":"Samsung Galaxy A22 6,4&#8243; &#8211; 64 Go Double SIM"},"content":{"rendered":"<p>\u00c9largissez votre champ de vision aux dimensions exceptionnelles de l\u2019\u00e9cran Infinity-V 6,6 pouces du t\u00e9l\u00e9phone portable Galaxy A22 et d\u00e9couvrez ce qui vous a manqu\u00e9 jusqu\u2019\u00e0 pr\u00e9sent. Gr\u00e2ce \u00e0 la technologie FHD , votre contenu habituel a meilleure allure : net, clair et \u00e9blouissant. De plus, Real Smooth offre un affichage fluide, pour vos jeux comme pour vos d\u00e9filements. Gardez une longueur d\u2019avance avec une batterie qui ne vous ralentira pas. La batterie 5 000 mAh (par d\u00e9faut) de votre t\u00e9l\u00e9phone vous permet de continuer \u00e0 faire ce que vous aimez pendant des heures et votre t\u00e9l\u00e9phone portable d\u00e9bloqu\u00e9 Galaxy A22 retrouve vite toute sa puissance avec la Charge Rapide Adaptive jusqu\u2019\u00e0 15 W. Vous pouvez dormir sur vos deux oreilles quand vous d\u00e9cidez d\u2019acheter un smartphone Samsung Galaxy. Les diagnostics interactifs et l\u2019optimisation de l\u2019application Samsung Members facilitent le r\u00e9glage des performances de vos appareils, tandis que notre service d\u2019assistance t\u00e9l\u00e9phonique vous aide \u00e0 r\u00e9soudre vos probl\u00e8mes quand vous avez besoin d\u2019un soutien suppl\u00e9mentaire.<\/p>\n","protected":false},"excerpt":{"rendered":"<p>\u00c9largissez votre champ de vision aux dimensions exceptionnelles de l\u2019\u00e9cran Infinity-V 6,6 pouces du t\u00e9l\u00e9phone portable Galaxy A22 et d\u00e9couvrez ce qui vous a manqu\u00e9 jusqu\u2019\u00e0 pr\u00e9sent. Gr\u00e2ce \u00e0 la technologie FHD , votre contenu habituel a meilleure allure : net, clair et \u00e9blouissant. De plus, Real Smooth offre un affichage fluide, pour vos jeux comme pour vos d\u00e9filements. Gardez une longueur d\u2019avance avec une batterie qui ne vous ralentira pas. La batterie 5 000 mAh (par d\u00e9faut) de votre t\u00e9l\u00e9phone vous permet de continuer \u00e0 faire ce que vous aimez pendant des heures et votre t\u00e9l\u00e9phone portable d\u00e9bloqu\u00e9 Galaxy A22 retrouve vite toute sa puissance avec la Charge Rapide Adaptive jusqu\u2019\u00e0 15 W. Vous pouvez dormir sur vos deux oreilles quand vous d\u00e9cidez d\u2019acheter un smartphone Samsung Galaxy. Les diagnostics interactifs et l\u2019optimisation de l\u2019application Samsung Members facilitent le r\u00e9glage des performances de vos appareils, tandis que notre service d\u2019assistance t\u00e9l\u00e9phonique vous aide \u00e0 r\u00e9soudre vos probl\u00e8mes quand vous avez besoin d\u2019un soutien suppl\u00e9mentaire.<\/p>\n","protected":false},"featured_media":7240,"comment_status":"closed","ping_status":"closed","template":"","meta":{"_bst_post_transparent":"","_bst_post_title":"","_bst_post_layout":"","_bst_post_sidebar_id":"","_bst_post_content_style":"","_bst_post_vertical_padding":"","_bst_post_feature":"","_bst_post_feature_position":"","_bst_post_header":false,"_bst_post_footer":false},"product_brand":[],"product_cat":[152],"product_tag":[],"product_brands":[],"class_list":{"0":"post-8745","1":"product","2":"type-product","3":"status-publish","4":"has-post-thumbnail","6":"product_cat-telephones-accessoires","8":"first","9":"instock","10":"purchasable","11":"product-type-simple","12":"entry","13":"content-bg","14":"loop-entry"},"_links":{"self":[{"href":"https:\/\/anopri.com\/index.php?rest_route=\/wp\/v2\/product\/8745","targetHints":{"allow":["GET"]}}],"collection":[{"href":"https:\/\/anopri.com\/index.php?rest_route=\/wp\/v2\/product"}],"about":[{"href":"https:\/\/anopri.com\/index.php?rest_route=\/wp\/v2\/types\/product"}],"replies":[{"embeddable":true,"href":"https:\/\/anopri.com\/index.php?rest_route=%2Fwp%2Fv2%2Fcomments&post=8745"}],"wp:featuredmedia":[{"embeddable":true,"href":"https:\/\/anopri.com\/index.php?rest_route=\/wp\/v2\/media\/7240"}],"wp:attachment":[{"href":"https:\/\/anopri.com\/index.php?rest_route=%2Fwp%2Fv2%2Fmedia&parent=8745"}],"wp:term":[{"taxonomy":"product_brand","embeddable":true,"href":"https:\/\/anopri.com\/index.php?rest_route=%2Fwp%2Fv2%2Fproduct_brand&post=8745"},{"taxonomy":"product_cat","embeddable":true,"href":"https:\/\/anopri.com\/index.php?rest_route=%2Fwp%2Fv2%2Fproduct_cat&post=8745"},{"taxonomy":"product_tag","embeddable":true,"href":"https:\/\/anopri.com\/index.php?rest_route=%2Fwp%2Fv2%2Fproduct_tag&post=8745"},{"taxonomy":"product_brands","embeddable":true,"href":"https:\/\/anopri.com\/index.php?rest_route=%2Fwp%2Fv2%2Fproduct_brands&post=8745"}],"curies":[{"name":"wp","href":"https:\/\/api.w.org\/{rel}","templated":true}]}}