{"id":8744,"date":"2026-04-25T13:05:34","date_gmt":"2026-04-25T13:05:34","guid":{"rendered":"https:\/\/anopri.com\/?post_type=product&#038;p=8744"},"modified":"2026-04-25T13:05:36","modified_gmt":"2026-04-25T13:05:36","slug":"samsung-galaxy-a22-66-128-go-double-sim","status":"publish","type":"product","link":"https:\/\/anopri.com\/?product=samsung-galaxy-a22-66-128-go-double-sim","title":{"rendered":"Samsung Galaxy A22 6,6&#8243; &#8211; 128 Go Double SIM"},"content":{"rendered":"<p>Entrez dans la derni\u00e8re g\u00e9n\u00e9ration r\u00e9seau : le pouvoir de la vitesse 5G change la mani\u00e8re dont vous consommez et vivez vos contenus. T\u00e9l\u00e9chargez votre s\u00e9rie pr\u00e9f\u00e9r\u00e9e, jouez \u00e0 votre meilleur niveau et partagez vos plus beaux moments, vitesse 5G. Plongez dans l&#8217;\u00e9cran 6,6&#8221; panoramique du Galaxy A22 5G et red\u00e9couvrez votre exp\u00e9rience smartphone. Dot\u00e9 de la technologie FHD et d&#8217;un taux de rafraichissement de 90Hz, votre utilisation est nette et fluide. La batterie de 5 000 mAh* vous permet de regarder vos contenus, tout au long de la journ\u00e9e, sans interruption. Et gr\u00e2ce \u00e0 une charge rapide de 15 W, le Galaxy A22 5G retrouve rapidement sa pleine puissance. Surfez en toute tranquillit\u00e9 sur votre smartphone.<\/p>\n","protected":false},"excerpt":{"rendered":"<p>Entrez dans la derni\u00e8re g\u00e9n\u00e9ration r\u00e9seau : le pouvoir de la vitesse 5G change la mani\u00e8re dont vous consommez et vivez vos contenus. T\u00e9l\u00e9chargez votre s\u00e9rie pr\u00e9f\u00e9r\u00e9e, jouez \u00e0 votre meilleur niveau et partagez vos plus beaux moments, vitesse 5G. Plongez dans l&#8217;\u00e9cran 6,6&#8221; panoramique du Galaxy A22 5G et red\u00e9couvrez votre exp\u00e9rience smartphone. Dot\u00e9 de la technologie FHD et d&#8217;un taux de rafraichissement de 90Hz, votre utilisation est nette et fluide. La batterie de 5 000 mAh* vous permet de regarder vos contenus, tout au long de la journ\u00e9e, sans interruption. Et gr\u00e2ce \u00e0 une charge rapide de 15 W, le Galaxy A22 5G retrouve rapidement sa pleine puissance. Surfez en toute tranquillit\u00e9 sur votre smartphone.<\/p>\n","protected":false},"featured_media":7238,"comment_status":"closed","ping_status":"closed","template":"","meta":{"_bst_post_transparent":"","_bst_post_title":"","_bst_post_layout":"","_bst_post_sidebar_id":"","_bst_post_content_style":"","_bst_post_vertical_padding":"","_bst_post_feature":"","_bst_post_feature_position":"","_bst_post_header":false,"_bst_post_footer":false},"product_brand":[],"product_cat":[152],"product_tag":[],"product_brands":[],"class_list":{"0":"post-8744","1":"product","2":"type-product","3":"status-publish","4":"has-post-thumbnail","6":"product_cat-telephones-accessoires","8":"first","9":"instock","10":"sale","11":"purchasable","12":"product-type-simple","13":"entry","14":"content-bg","15":"loop-entry"},"_links":{"self":[{"href":"https:\/\/anopri.com\/index.php?rest_route=\/wp\/v2\/product\/8744","targetHints":{"allow":["GET"]}}],"collection":[{"href":"https:\/\/anopri.com\/index.php?rest_route=\/wp\/v2\/product"}],"about":[{"href":"https:\/\/anopri.com\/index.php?rest_route=\/wp\/v2\/types\/product"}],"replies":[{"embeddable":true,"href":"https:\/\/anopri.com\/index.php?rest_route=%2Fwp%2Fv2%2Fcomments&post=8744"}],"wp:featuredmedia":[{"embeddable":true,"href":"https:\/\/anopri.com\/index.php?rest_route=\/wp\/v2\/media\/7238"}],"wp:attachment":[{"href":"https:\/\/anopri.com\/index.php?rest_route=%2Fwp%2Fv2%2Fmedia&parent=8744"}],"wp:term":[{"taxonomy":"product_brand","embeddable":true,"href":"https:\/\/anopri.com\/index.php?rest_route=%2Fwp%2Fv2%2Fproduct_brand&post=8744"},{"taxonomy":"product_cat","embeddable":true,"href":"https:\/\/anopri.com\/index.php?rest_route=%2Fwp%2Fv2%2Fproduct_cat&post=8744"},{"taxonomy":"product_tag","embeddable":true,"href":"https:\/\/anopri.com\/index.php?rest_route=%2Fwp%2Fv2%2Fproduct_tag&post=8744"},{"taxonomy":"product_brands","embeddable":true,"href":"https:\/\/anopri.com\/index.php?rest_route=%2Fwp%2Fv2%2Fproduct_brands&post=8744"}],"curies":[{"name":"wp","href":"https:\/\/api.w.org\/{rel}","templated":true}]}}