{"id":8730,"date":"2026-04-25T13:05:24","date_gmt":"2026-04-25T13:05:24","guid":{"rendered":"https:\/\/anopri.com\/?post_type=product&#038;p=8730"},"modified":"2026-04-25T13:05:30","modified_gmt":"2026-04-25T13:05:30","slug":"minel-color-detergent-15-litres","status":"publish","type":"product","link":"https:\/\/anopri.com\/?product=minel-color-detergent-15-litres","title":{"rendered":"Minel Color D\u00e9tergent 1,5 Litres"},"content":{"rendered":"<p>Prot\u00e8ge les couleurs de la d\u00e9coloration trop rapide.\u00a0Sans javel ni azurants optiques, avec protection de la couleur.\u00a0Fort pouvoir d\u00e9graissant.\u00a0Dissout m\u00eame la salet\u00e9 la plus tenace.<\/p>\n","protected":false},"excerpt":{"rendered":"<p>Prot\u00e8ge les couleurs de la d\u00e9coloration trop rapide.\u00a0Sans javel ni azurants optiques, avec protection de la couleur.\u00a0Fort pouvoir d\u00e9graissant.\u00a0Dissout m\u00eame la salet\u00e9 la plus tenace.<\/p>\n","protected":false},"featured_media":7214,"comment_status":"closed","ping_status":"closed","template":"","meta":{"_bst_post_transparent":"","_bst_post_title":"","_bst_post_layout":"","_bst_post_sidebar_id":"","_bst_post_content_style":"","_bst_post_vertical_padding":"","_bst_post_feature":"","_bst_post_feature_position":"","_bst_post_header":false,"_bst_post_footer":false},"product_brand":[],"product_cat":[180],"product_tag":[],"product_brands":[],"class_list":{"0":"post-8730","1":"product","2":"type-product","3":"status-publish","4":"has-post-thumbnail","6":"product_cat-cosmetique","8":"first","9":"outofstock","10":"purchasable","11":"product-type-simple","12":"entry","13":"content-bg","14":"loop-entry"},"_links":{"self":[{"href":"https:\/\/anopri.com\/index.php?rest_route=\/wp\/v2\/product\/8730","targetHints":{"allow":["GET"]}}],"collection":[{"href":"https:\/\/anopri.com\/index.php?rest_route=\/wp\/v2\/product"}],"about":[{"href":"https:\/\/anopri.com\/index.php?rest_route=\/wp\/v2\/types\/product"}],"replies":[{"embeddable":true,"href":"https:\/\/anopri.com\/index.php?rest_route=%2Fwp%2Fv2%2Fcomments&post=8730"}],"wp:featuredmedia":[{"embeddable":true,"href":"https:\/\/anopri.com\/index.php?rest_route=\/wp\/v2\/media\/7214"}],"wp:attachment":[{"href":"https:\/\/anopri.com\/index.php?rest_route=%2Fwp%2Fv2%2Fmedia&parent=8730"}],"wp:term":[{"taxonomy":"product_brand","embeddable":true,"href":"https:\/\/anopri.com\/index.php?rest_route=%2Fwp%2Fv2%2Fproduct_brand&post=8730"},{"taxonomy":"product_cat","embeddable":true,"href":"https:\/\/anopri.com\/index.php?rest_route=%2Fwp%2Fv2%2Fproduct_cat&post=8730"},{"taxonomy":"product_tag","embeddable":true,"href":"https:\/\/anopri.com\/index.php?rest_route=%2Fwp%2Fv2%2Fproduct_tag&post=8730"},{"taxonomy":"product_brands","embeddable":true,"href":"https:\/\/anopri.com\/index.php?rest_route=%2Fwp%2Fv2%2Fproduct_brands&post=8730"}],"curies":[{"name":"wp","href":"https:\/\/api.w.org\/{rel}","templated":true}]}}