{"id":8724,"date":"2026-04-25T13:05:24","date_gmt":"2026-04-25T13:05:24","guid":{"rendered":"https:\/\/anopri.com\/?post_type=product&#038;p=8724"},"modified":"2026-04-25T13:05:29","modified_gmt":"2026-04-25T13:05:29","slug":"mousse-a-raser-pour-homme-beauty-kiss","status":"publish","type":"product","link":"https:\/\/anopri.com\/?product=mousse-a-raser-pour-homme-beauty-kiss","title":{"rendered":"Mousse \u00e0 raser pour homme Beauty Kiss"},"content":{"rendered":"<ul>\n<li class=\"page-title-subline\"><strong>Mousse \u00e0 Raser Sensitive avec Aloe Vera &amp; Vitamine E<\/strong><\/li>\n<\/ul>\n","protected":false},"excerpt":{"rendered":"<p>Le rasage fr\u00e9quent est tr\u00e8s stressant pour la peau.\u00a0La mousse et la cr\u00e8me \u00e0 raser rafra\u00eechissantes et douces Beauty Kiss soignent et prot\u00e8gent en douceur les peaux sensibles.<\/p>\n","protected":false},"featured_media":7202,"comment_status":"closed","ping_status":"closed","template":"","meta":{"_bst_post_transparent":"","_bst_post_title":"","_bst_post_layout":"","_bst_post_sidebar_id":"","_bst_post_content_style":"","_bst_post_vertical_padding":"","_bst_post_feature":"","_bst_post_feature_position":"","_bst_post_header":false,"_bst_post_footer":false},"product_brand":[],"product_cat":[180],"product_tag":[],"product_brands":[],"class_list":{"0":"post-8724","1":"product","2":"type-product","3":"status-publish","4":"has-post-thumbnail","6":"product_cat-cosmetique","8":"first","9":"outofstock","10":"purchasable","11":"product-type-simple","12":"entry","13":"content-bg","14":"loop-entry"},"_links":{"self":[{"href":"https:\/\/anopri.com\/index.php?rest_route=\/wp\/v2\/product\/8724","targetHints":{"allow":["GET"]}}],"collection":[{"href":"https:\/\/anopri.com\/index.php?rest_route=\/wp\/v2\/product"}],"about":[{"href":"https:\/\/anopri.com\/index.php?rest_route=\/wp\/v2\/types\/product"}],"replies":[{"embeddable":true,"href":"https:\/\/anopri.com\/index.php?rest_route=%2Fwp%2Fv2%2Fcomments&post=8724"}],"wp:featuredmedia":[{"embeddable":true,"href":"https:\/\/anopri.com\/index.php?rest_route=\/wp\/v2\/media\/7202"}],"wp:attachment":[{"href":"https:\/\/anopri.com\/index.php?rest_route=%2Fwp%2Fv2%2Fmedia&parent=8724"}],"wp:term":[{"taxonomy":"product_brand","embeddable":true,"href":"https:\/\/anopri.com\/index.php?rest_route=%2Fwp%2Fv2%2Fproduct_brand&post=8724"},{"taxonomy":"product_cat","embeddable":true,"href":"https:\/\/anopri.com\/index.php?rest_route=%2Fwp%2Fv2%2Fproduct_cat&post=8724"},{"taxonomy":"product_tag","embeddable":true,"href":"https:\/\/anopri.com\/index.php?rest_route=%2Fwp%2Fv2%2Fproduct_tag&post=8724"},{"taxonomy":"product_brands","embeddable":true,"href":"https:\/\/anopri.com\/index.php?rest_route=%2Fwp%2Fv2%2Fproduct_brands&post=8724"}],"curies":[{"name":"wp","href":"https:\/\/api.w.org\/{rel}","templated":true}]}}