{"id":8721,"date":"2026-04-25T13:05:24","date_gmt":"2026-04-25T13:05:24","guid":{"rendered":"https:\/\/anopri.com\/?post_type=product&#038;p=8721"},"modified":"2026-04-25T13:05:28","modified_gmt":"2026-04-25T13:05:28","slug":"balea-beurre-de-karite-creme-corporelle-500-ml","status":"publish","type":"product","link":"https:\/\/anopri.com\/?product=balea-beurre-de-karite-creme-corporelle-500-ml","title":{"rendered":"Balea- Beurre de Karit\u00e9 Cr\u00e8me Corporelle 500 ml"},"content":{"rendered":"<div id=\"productDescription_feature_div\" class=\"celwidget\" data-feature-name=\"productDescription\" data-csa-c-id=\"5kahe6-87dpw8-405t01-2wmojy\" data-cel-widget=\"productDescription_feature_div\">\n<div>\n<div id=\"productDescription_feature_div\" class=\"a-row feature\" data-feature-name=\"productDescription\" data-template-name=\"productDescription\" data-cel-widget=\"productDescription_feature_div\">\n<div id=\"productDescription\" class=\"a-section a-spacing-small\">\n<p>La cr\u00e8me pour le corps <strong>Balea<\/strong> est un hydratant riche pour les peaux s\u00e8ches.\u00a0Sa formule au beurre de karit\u00e9 naturel et \u00e0 l&#8217;huile d&#8217;argan hydrate intens\u00e9ment la peau et la nourrit avec de la pr\u00e9cieuse vitamine E. La peau est prot\u00e9g\u00e9e du dess\u00e8chement et devient agr\u00e9ablement douce et souple.\u00a0Id\u00e9al pour les soins corporels cocooning.<\/p>\n<\/div>\n<\/div>\n<\/div>\n<\/div>\n<div id=\"aplusBrandStory_feature_div\" class=\"celwidget\" data-feature-name=\"aplusBrandStory\" data-csa-c-id=\"j1hegx-hsrx0h-gm02gu-68j0t8\" data-cel-widget=\"aplusBrandStory_feature_div\"><\/div>\n<div id=\"aplus_feature_div\" class=\"celwidget\" data-feature-name=\"aplus\" data-csa-c-id=\"7votcs-aodex-l2i5ke-o1g0y0\" data-cel-widget=\"aplus_feature_div\">\n<div id=\"aplus\" class=\"a-section a-spacing-large bucket\"><\/div>\n<\/div>\n","protected":false},"excerpt":{"rendered":"<div id=\"productDescription_feature_div\" class=\"celwidget\" data-feature-name=\"productDescription\" data-csa-c-id=\"5kahe6-87dpw8-405t01-2wmojy\" data-cel-widget=\"productDescription_feature_div\">\n<div>\n<div id=\"productDescription_feature_div\" class=\"a-row feature\" data-feature-name=\"productDescription\" data-template-name=\"productDescription\" data-cel-widget=\"productDescription_feature_div\">\n<div id=\"productDescription\" class=\"a-section a-spacing-small\">\n<p>La cr\u00e8me pour le corps <strong>Balea<\/strong> est un hydratant riche pour les peaux s\u00e8ches.\u00a0Sa formule au beurre de karit\u00e9 naturel et \u00e0 l&#8217;huile d&#8217;argan hydrate intens\u00e9ment la peau et la nourrit avec de la pr\u00e9cieuse vitamine E. La peau est prot\u00e9g\u00e9e du dess\u00e8chement et devient agr\u00e9ablement douce et souple.\u00a0Id\u00e9al pour les soins corporels cocooning.<\/p>\n<\/div>\n<\/div>\n<\/div>\n<\/div>\n<div id=\"aplusBrandStory_feature_div\" class=\"celwidget\" data-feature-name=\"aplusBrandStory\" data-csa-c-id=\"j1hegx-hsrx0h-gm02gu-68j0t8\" data-cel-widget=\"aplusBrandStory_feature_div\"><\/div>\n<div id=\"aplus_feature_div\" class=\"celwidget\" data-feature-name=\"aplus\" data-csa-c-id=\"7votcs-aodex-l2i5ke-o1g0y0\" data-cel-widget=\"aplus_feature_div\">\n<div id=\"aplus\" class=\"a-section a-spacing-large bucket\"><\/div>\n<\/div>\n","protected":false},"featured_media":7196,"comment_status":"closed","ping_status":"closed","template":"","meta":{"_bst_post_transparent":"","_bst_post_title":"","_bst_post_layout":"","_bst_post_sidebar_id":"","_bst_post_content_style":"","_bst_post_vertical_padding":"","_bst_post_feature":"","_bst_post_feature_position":"","_bst_post_header":false,"_bst_post_footer":false},"product_brand":[],"product_cat":[180],"product_tag":[],"product_brands":[],"class_list":{"0":"post-8721","1":"product","2":"type-product","3":"status-publish","4":"has-post-thumbnail","6":"product_cat-cosmetique","8":"first","9":"outofstock","10":"purchasable","11":"product-type-simple","12":"entry","13":"content-bg","14":"loop-entry"},"_links":{"self":[{"href":"https:\/\/anopri.com\/index.php?rest_route=\/wp\/v2\/product\/8721","targetHints":{"allow":["GET"]}}],"collection":[{"href":"https:\/\/anopri.com\/index.php?rest_route=\/wp\/v2\/product"}],"about":[{"href":"https:\/\/anopri.com\/index.php?rest_route=\/wp\/v2\/types\/product"}],"replies":[{"embeddable":true,"href":"https:\/\/anopri.com\/index.php?rest_route=%2Fwp%2Fv2%2Fcomments&post=8721"}],"wp:featuredmedia":[{"embeddable":true,"href":"https:\/\/anopri.com\/index.php?rest_route=\/wp\/v2\/media\/7196"}],"wp:attachment":[{"href":"https:\/\/anopri.com\/index.php?rest_route=%2Fwp%2Fv2%2Fmedia&parent=8721"}],"wp:term":[{"taxonomy":"product_brand","embeddable":true,"href":"https:\/\/anopri.com\/index.php?rest_route=%2Fwp%2Fv2%2Fproduct_brand&post=8721"},{"taxonomy":"product_cat","embeddable":true,"href":"https:\/\/anopri.com\/index.php?rest_route=%2Fwp%2Fv2%2Fproduct_cat&post=8721"},{"taxonomy":"product_tag","embeddable":true,"href":"https:\/\/anopri.com\/index.php?rest_route=%2Fwp%2Fv2%2Fproduct_tag&post=8721"},{"taxonomy":"product_brands","embeddable":true,"href":"https:\/\/anopri.com\/index.php?rest_route=%2Fwp%2Fv2%2Fproduct_brands&post=8721"}],"curies":[{"name":"wp","href":"https:\/\/api.w.org\/{rel}","templated":true}]}}