{"id":8720,"date":"2026-04-25T13:05:24","date_gmt":"2026-04-25T13:05:24","guid":{"rendered":"https:\/\/anopri.com\/?post_type=product&#038;p=8720"},"modified":"2026-04-25T13:05:28","modified_gmt":"2026-04-25T13:05:28","slug":"bodycreme-vanille-balea","status":"publish","type":"product","link":"https:\/\/anopri.com\/?product=bodycreme-vanille-balea","title":{"rendered":"Bodycreme Vanille- Balea"},"content":{"rendered":"<p>La cr\u00e8me pour le corps <strong>Balea Exotic Vanilla<\/strong> vous g\u00e2te avec le parfum de la vanille exotique et donne \u00e0 votre peau une souplesse remarquable. La formule fondante \u00e0 base de vitamine E, de beurre de karit\u00e9 riche et d&#8217;huiles pr\u00e9cieuses nourrit la peau s\u00e8che et soyeuse et leur procure une hydratation apaisante.<\/p>\n<p>&nbsp;<\/p>\n","protected":false},"excerpt":{"rendered":"<p>&#8216;- Peau s\u00e8che<br \/>\n&#8211; Parfum de vanille exotique<br \/>\n&#8211; Avec de la vitamine E, du beurre de karit\u00e9 riche et des huiles pr\u00e9cieuses<br \/>\n&#8211; Compatibilit\u00e9 cutan\u00e9e confirm\u00e9e dermatologiquement<\/p>\n","protected":false},"featured_media":7194,"comment_status":"closed","ping_status":"closed","template":"","meta":{"_bst_post_transparent":"","_bst_post_title":"","_bst_post_layout":"","_bst_post_sidebar_id":"","_bst_post_content_style":"","_bst_post_vertical_padding":"","_bst_post_feature":"","_bst_post_feature_position":"","_bst_post_header":false,"_bst_post_footer":false},"product_brand":[],"product_cat":[180],"product_tag":[],"product_brands":[],"class_list":{"0":"post-8720","1":"product","2":"type-product","3":"status-publish","4":"has-post-thumbnail","6":"product_cat-cosmetique","8":"first","9":"outofstock","10":"purchasable","11":"product-type-simple","12":"entry","13":"content-bg","14":"loop-entry"},"_links":{"self":[{"href":"https:\/\/anopri.com\/index.php?rest_route=\/wp\/v2\/product\/8720","targetHints":{"allow":["GET"]}}],"collection":[{"href":"https:\/\/anopri.com\/index.php?rest_route=\/wp\/v2\/product"}],"about":[{"href":"https:\/\/anopri.com\/index.php?rest_route=\/wp\/v2\/types\/product"}],"replies":[{"embeddable":true,"href":"https:\/\/anopri.com\/index.php?rest_route=%2Fwp%2Fv2%2Fcomments&post=8720"}],"wp:featuredmedia":[{"embeddable":true,"href":"https:\/\/anopri.com\/index.php?rest_route=\/wp\/v2\/media\/7194"}],"wp:attachment":[{"href":"https:\/\/anopri.com\/index.php?rest_route=%2Fwp%2Fv2%2Fmedia&parent=8720"}],"wp:term":[{"taxonomy":"product_brand","embeddable":true,"href":"https:\/\/anopri.com\/index.php?rest_route=%2Fwp%2Fv2%2Fproduct_brand&post=8720"},{"taxonomy":"product_cat","embeddable":true,"href":"https:\/\/anopri.com\/index.php?rest_route=%2Fwp%2Fv2%2Fproduct_cat&post=8720"},{"taxonomy":"product_tag","embeddable":true,"href":"https:\/\/anopri.com\/index.php?rest_route=%2Fwp%2Fv2%2Fproduct_tag&post=8720"},{"taxonomy":"product_brands","embeddable":true,"href":"https:\/\/anopri.com\/index.php?rest_route=%2Fwp%2Fv2%2Fproduct_brands&post=8720"}],"curies":[{"name":"wp","href":"https:\/\/api.w.org\/{rel}","templated":true}]}}