{"id":8710,"date":"2026-04-25T13:05:23","date_gmt":"2026-04-25T13:05:23","guid":{"rendered":"https:\/\/anopri.com\/?post_type=product&#038;p=8710"},"modified":"2026-04-25T13:05:26","modified_gmt":"2026-04-25T13:05:26","slug":"parfum-daren-dance-homme-et-femme","status":"publish","type":"product","link":"https:\/\/anopri.com\/?product=parfum-daren-dance-homme-et-femme","title":{"rendered":"Parfum Dare&#8217;n Dance, homme et femme"},"content":{"rendered":"","protected":false},"excerpt":{"rendered":"<div id=\"presContent\" class=\"o-block__content o-block__content--white\">\n<div class=\"fpBlk testSep extCode\" data-provider=\"None\">Eau de parfum Homme et\u00a0 femme Dare &#8216;n Dance 100ml, Pr\u00e9sent\u00e9e dans un flacon qui devrait inspirer les fans de danse classique, cette eau de parfum ne manque pas de charme, ni de caract\u00e8re. Elle se caract\u00e9rise par une alliance des notes fruit\u00e9es et florales que sont la m\u00fbre, la violette et la rose de Damas. Quelques notes de santal et de musc viennent r\u00e9chauffer la fragrance.<\/div>\n<\/div>\n","protected":false},"featured_media":7170,"comment_status":"closed","ping_status":"closed","template":"","meta":{"_bst_post_transparent":"","_bst_post_title":"","_bst_post_layout":"","_bst_post_sidebar_id":"","_bst_post_content_style":"","_bst_post_vertical_padding":"","_bst_post_feature":"","_bst_post_feature_position":"","_bst_post_header":false,"_bst_post_footer":false},"product_brand":[],"product_cat":[180],"product_tag":[],"product_brands":[],"class_list":{"0":"post-8710","1":"product","2":"type-product","3":"status-publish","4":"has-post-thumbnail","6":"product_cat-cosmetique","8":"first","9":"instock","10":"purchasable","11":"product-type-simple","12":"entry","13":"content-bg","14":"loop-entry"},"_links":{"self":[{"href":"https:\/\/anopri.com\/index.php?rest_route=\/wp\/v2\/product\/8710","targetHints":{"allow":["GET"]}}],"collection":[{"href":"https:\/\/anopri.com\/index.php?rest_route=\/wp\/v2\/product"}],"about":[{"href":"https:\/\/anopri.com\/index.php?rest_route=\/wp\/v2\/types\/product"}],"replies":[{"embeddable":true,"href":"https:\/\/anopri.com\/index.php?rest_route=%2Fwp%2Fv2%2Fcomments&post=8710"}],"wp:featuredmedia":[{"embeddable":true,"href":"https:\/\/anopri.com\/index.php?rest_route=\/wp\/v2\/media\/7170"}],"wp:attachment":[{"href":"https:\/\/anopri.com\/index.php?rest_route=%2Fwp%2Fv2%2Fmedia&parent=8710"}],"wp:term":[{"taxonomy":"product_brand","embeddable":true,"href":"https:\/\/anopri.com\/index.php?rest_route=%2Fwp%2Fv2%2Fproduct_brand&post=8710"},{"taxonomy":"product_cat","embeddable":true,"href":"https:\/\/anopri.com\/index.php?rest_route=%2Fwp%2Fv2%2Fproduct_cat&post=8710"},{"taxonomy":"product_tag","embeddable":true,"href":"https:\/\/anopri.com\/index.php?rest_route=%2Fwp%2Fv2%2Fproduct_tag&post=8710"},{"taxonomy":"product_brands","embeddable":true,"href":"https:\/\/anopri.com\/index.php?rest_route=%2Fwp%2Fv2%2Fproduct_brands&post=8710"}],"curies":[{"name":"wp","href":"https:\/\/api.w.org\/{rel}","templated":true}]}}