{"id":8706,"date":"2026-04-25T13:05:16","date_gmt":"2026-04-25T13:05:16","guid":{"rendered":"https:\/\/anopri.com\/?post_type=product&#038;p=8706"},"modified":"2026-04-25T13:05:21","modified_gmt":"2026-04-25T13:05:21","slug":"tondeuse-a-cheveux-professionnelle-waer-911401","status":"publish","type":"product","link":"https:\/\/anopri.com\/?product=tondeuse-a-cheveux-professionnelle-waer-911401","title":{"rendered":"TONDEUSE \u00c0 CHEVEUX PROFESSIONNELLE WAER 911401"},"content":{"rendered":"<p>Type de produit : Tondeuse \u00e0 cheveux professionnelle<br \/>\nMarque : Waer<br \/>\nMod\u00e8le : 911407<br \/>\nMoteur : Moteur \u00e0 armature oscillante<br \/>\nTension secteur : 220 V , 50 Hz<br \/>\nPoids : 2 kg<br \/>\nTemps de fonctionnement : fonctionnement continu<br \/>\nT\u00eate de coupe : Viss\u00e9e, Chrome Blade avec levier de r\u00e9glage<br \/>\nLongueur du c\u00e2ble : 6 m<\/p>\n","protected":false},"excerpt":{"rendered":"<p>D\u00e9tails du produit de WAER 911401 TONDEUSE \u00c0 CHEVEUX PROFESSIONNELLE Tondeuse \u00e0 cheveux professionnelle Super Taper. Moteur le plus puissant pour plus de puissance. Lame r\u00e9glable. Lame en acier inoxydable de 40 mm. Livr\u00e9 avec 4 peignes de fixation, huile de tondeuse, levier de tapotement, prot\u00e8ge-lame, peigne de barbier, brosse de nettoyage et manuel. Entretien facile. Beau design \u00e9l\u00e9gant Pour tous les d\u00e9tails, veuillez discuter avec nous.<\/p>\n","protected":false},"featured_media":7162,"comment_status":"closed","ping_status":"closed","template":"","meta":{"_bst_post_transparent":"","_bst_post_title":"","_bst_post_layout":"","_bst_post_sidebar_id":"","_bst_post_content_style":"","_bst_post_vertical_padding":"","_bst_post_feature":"","_bst_post_feature_position":"","_bst_post_header":false,"_bst_post_footer":false},"product_brand":[],"product_cat":[142,181],"product_tag":[],"product_brands":[],"class_list":{"0":"post-8706","1":"product","2":"type-product","3":"status-publish","4":"has-post-thumbnail","6":"product_cat-electronique","7":"product_cat-les-electriques-de-la-coiffure","9":"first","10":"instock","11":"purchasable","12":"product-type-simple","13":"entry","14":"content-bg","15":"loop-entry"},"_links":{"self":[{"href":"https:\/\/anopri.com\/index.php?rest_route=\/wp\/v2\/product\/8706","targetHints":{"allow":["GET"]}}],"collection":[{"href":"https:\/\/anopri.com\/index.php?rest_route=\/wp\/v2\/product"}],"about":[{"href":"https:\/\/anopri.com\/index.php?rest_route=\/wp\/v2\/types\/product"}],"replies":[{"embeddable":true,"href":"https:\/\/anopri.com\/index.php?rest_route=%2Fwp%2Fv2%2Fcomments&post=8706"}],"wp:featuredmedia":[{"embeddable":true,"href":"https:\/\/anopri.com\/index.php?rest_route=\/wp\/v2\/media\/7162"}],"wp:attachment":[{"href":"https:\/\/anopri.com\/index.php?rest_route=%2Fwp%2Fv2%2Fmedia&parent=8706"}],"wp:term":[{"taxonomy":"product_brand","embeddable":true,"href":"https:\/\/anopri.com\/index.php?rest_route=%2Fwp%2Fv2%2Fproduct_brand&post=8706"},{"taxonomy":"product_cat","embeddable":true,"href":"https:\/\/anopri.com\/index.php?rest_route=%2Fwp%2Fv2%2Fproduct_cat&post=8706"},{"taxonomy":"product_tag","embeddable":true,"href":"https:\/\/anopri.com\/index.php?rest_route=%2Fwp%2Fv2%2Fproduct_tag&post=8706"},{"taxonomy":"product_brands","embeddable":true,"href":"https:\/\/anopri.com\/index.php?rest_route=%2Fwp%2Fv2%2Fproduct_brands&post=8706"}],"curies":[{"name":"wp","href":"https:\/\/api.w.org\/{rel}","templated":true}]}}