{"id":8704,"date":"2026-04-25T13:05:16","date_gmt":"2026-04-25T13:05:16","guid":{"rendered":"https:\/\/anopri.com\/?post_type=product&#038;p=8704"},"modified":"2026-04-25T13:05:21","modified_gmt":"2026-04-25T13:05:21","slug":"tondeuse-a-cheveux-chaoba-808","status":"publish","type":"product","link":"https:\/\/anopri.com\/?product=tondeuse-a-cheveux-chaoba-808","title":{"rendered":"Tondeuse \u00e0 cheveux CHAOBA 808"},"content":{"rendered":"<ul>\n<li><strong>Marque\u00a0<\/strong>: Chaoba<\/li>\n<li><strong>Type de produit<\/strong>\u00a0: Tondeuse<\/li>\n<li><strong>Cat\u00e9gorie\u00a0<\/strong>: Sant\u00e9 et beaut\u00e9<\/li>\n<li><strong>Mod\u00e8le\u00a0<\/strong>: 808<\/li>\n<li><strong>Mati\u00e8re\u00a0<\/strong>: Acier inoxydable<\/li>\n<li><strong>Lames\u00a0<\/strong>: auto-aff\u00fbt\u00e9es<\/li>\n<li><strong>Nombre de lames<\/strong>\u00a0: 4<\/li>\n<li><strong>2 syst\u00e8mes<\/strong><\/li>\n<li><strong>Couleur :\u00a0<\/strong>Cr\u00e8me Et Noir<\/li>\n<\/ul>\n","protected":false},"excerpt":{"rendered":"<p>Cette tondeuse Professionnelle est adapt\u00e9e pour une utilisation sur tous types de cheveux. En d\u00e9placement ou \u00e0 la maison, elle est con\u00e7ue pour fournir un toilettage facile gr\u00e2ce \u00e0 ses lames en acier de carbone qui lui assurent de ne pas rouiller. Elle a un design ergonomique pour une utilisation facile, vous donnant le contr\u00f4le absolu et la pr\u00e9cision pour un rasage de plus pr\u00e8s.<\/p>\n","protected":false},"featured_media":7160,"comment_status":"closed","ping_status":"closed","template":"","meta":{"_bst_post_transparent":"","_bst_post_title":"","_bst_post_layout":"","_bst_post_sidebar_id":"","_bst_post_content_style":"","_bst_post_vertical_padding":"","_bst_post_feature":"","_bst_post_feature_position":"","_bst_post_header":false,"_bst_post_footer":false},"product_brand":[],"product_cat":[142,181],"product_tag":[],"product_brands":[],"class_list":{"0":"post-8704","1":"product","2":"type-product","3":"status-publish","4":"has-post-thumbnail","6":"product_cat-electronique","7":"product_cat-les-electriques-de-la-coiffure","9":"first","10":"instock","11":"purchasable","12":"product-type-simple","13":"entry","14":"content-bg","15":"loop-entry"},"_links":{"self":[{"href":"https:\/\/anopri.com\/index.php?rest_route=\/wp\/v2\/product\/8704","targetHints":{"allow":["GET"]}}],"collection":[{"href":"https:\/\/anopri.com\/index.php?rest_route=\/wp\/v2\/product"}],"about":[{"href":"https:\/\/anopri.com\/index.php?rest_route=\/wp\/v2\/types\/product"}],"replies":[{"embeddable":true,"href":"https:\/\/anopri.com\/index.php?rest_route=%2Fwp%2Fv2%2Fcomments&post=8704"}],"wp:featuredmedia":[{"embeddable":true,"href":"https:\/\/anopri.com\/index.php?rest_route=\/wp\/v2\/media\/7160"}],"wp:attachment":[{"href":"https:\/\/anopri.com\/index.php?rest_route=%2Fwp%2Fv2%2Fmedia&parent=8704"}],"wp:term":[{"taxonomy":"product_brand","embeddable":true,"href":"https:\/\/anopri.com\/index.php?rest_route=%2Fwp%2Fv2%2Fproduct_brand&post=8704"},{"taxonomy":"product_cat","embeddable":true,"href":"https:\/\/anopri.com\/index.php?rest_route=%2Fwp%2Fv2%2Fproduct_cat&post=8704"},{"taxonomy":"product_tag","embeddable":true,"href":"https:\/\/anopri.com\/index.php?rest_route=%2Fwp%2Fv2%2Fproduct_tag&post=8704"},{"taxonomy":"product_brands","embeddable":true,"href":"https:\/\/anopri.com\/index.php?rest_route=%2Fwp%2Fv2%2Fproduct_brands&post=8704"}],"curies":[{"name":"wp","href":"https:\/\/api.w.org\/{rel}","templated":true}]}}