{"id":8703,"date":"2026-04-25T13:05:16","date_gmt":"2026-04-25T13:05:16","guid":{"rendered":"https:\/\/anopri.com\/?post_type=product&#038;p=8703"},"modified":"2026-04-25T13:05:21","modified_gmt":"2026-04-25T13:05:21","slug":"tondeuse-a-cheveux-professionnel-chaoba-ch-308","status":"publish","type":"product","link":"https:\/\/anopri.com\/?product=tondeuse-a-cheveux-professionnel-chaoba-ch-308","title":{"rendered":"Tondeuse \u00c0 Cheveux Professionnel CHAOBA CH-308"},"content":{"rendered":"<ul>\n<li>Type d&#8217;article : Tondeuse \u00e0 cheveux<\/li>\n<li>Mod\u00e8le : CH-308<\/li>\n<li>Mat\u00e9riel : Carbon Steel + Copper<\/li>\n<li>Taille : 220 V \/ 50 HZ<\/li>\n<li>Poids : 0.5 Kg<\/li>\n<\/ul>\n","protected":false},"excerpt":{"rendered":"<p>Vos cheveux refl\u00e8tent peut-\u00eatre votre personnalit\u00e9. Vous aimez jouez avec pour s\u00e9duire ou avoir de l\u2019allure. La coupe parfaite est essentielle \u00e0 votre quotidien et quand votre \u00ab t\u00eate \u00bb n\u2019est pas \u00e0 votre go\u00fbt, bonjour le stress !<br \/>\nC\u2019est pourquoi, nous vous proposons les outils essentiels \u00e0 une belle coiffure et une belle chevelure au quotidien ; Des tondeuses, des lisseurs pour cheveux et accessoires de marque sont \u00e0 votre disposition pour vous permettre d\u2019\u00eatre toujours au top.<\/p>\n","protected":false},"featured_media":7158,"comment_status":"closed","ping_status":"closed","template":"","meta":{"_bst_post_transparent":"","_bst_post_title":"","_bst_post_layout":"","_bst_post_sidebar_id":"","_bst_post_content_style":"","_bst_post_vertical_padding":"","_bst_post_feature":"","_bst_post_feature_position":"","_bst_post_header":false,"_bst_post_footer":false},"product_brand":[],"product_cat":[142,181],"product_tag":[],"product_brands":[],"class_list":{"0":"post-8703","1":"product","2":"type-product","3":"status-publish","4":"has-post-thumbnail","6":"product_cat-electronique","7":"product_cat-les-electriques-de-la-coiffure","9":"first","10":"instock","11":"purchasable","12":"product-type-simple","13":"entry","14":"content-bg","15":"loop-entry"},"_links":{"self":[{"href":"https:\/\/anopri.com\/index.php?rest_route=\/wp\/v2\/product\/8703","targetHints":{"allow":["GET"]}}],"collection":[{"href":"https:\/\/anopri.com\/index.php?rest_route=\/wp\/v2\/product"}],"about":[{"href":"https:\/\/anopri.com\/index.php?rest_route=\/wp\/v2\/types\/product"}],"replies":[{"embeddable":true,"href":"https:\/\/anopri.com\/index.php?rest_route=%2Fwp%2Fv2%2Fcomments&post=8703"}],"wp:featuredmedia":[{"embeddable":true,"href":"https:\/\/anopri.com\/index.php?rest_route=\/wp\/v2\/media\/7158"}],"wp:attachment":[{"href":"https:\/\/anopri.com\/index.php?rest_route=%2Fwp%2Fv2%2Fmedia&parent=8703"}],"wp:term":[{"taxonomy":"product_brand","embeddable":true,"href":"https:\/\/anopri.com\/index.php?rest_route=%2Fwp%2Fv2%2Fproduct_brand&post=8703"},{"taxonomy":"product_cat","embeddable":true,"href":"https:\/\/anopri.com\/index.php?rest_route=%2Fwp%2Fv2%2Fproduct_cat&post=8703"},{"taxonomy":"product_tag","embeddable":true,"href":"https:\/\/anopri.com\/index.php?rest_route=%2Fwp%2Fv2%2Fproduct_tag&post=8703"},{"taxonomy":"product_brands","embeddable":true,"href":"https:\/\/anopri.com\/index.php?rest_route=%2Fwp%2Fv2%2Fproduct_brands&post=8703"}],"curies":[{"name":"wp","href":"https:\/\/api.w.org\/{rel}","templated":true}]}}