{"id":8701,"date":"2026-04-25T13:05:16","date_gmt":"2026-04-25T13:05:16","guid":{"rendered":"https:\/\/anopri.com\/?post_type=product&#038;p=8701"},"modified":"2026-04-25T13:05:21","modified_gmt":"2026-04-25T13:05:21","slug":"bouilloire-irvings-1-8l","status":"publish","type":"product","link":"https:\/\/anopri.com\/?product=bouilloire-irvings-1-8l","title":{"rendered":"Bouilloire IRVINGS 1.8L"},"content":{"rendered":"<div>Bouilloire IRVINGS IKTE01SS.<\/div>\n<div>La bouilloire est un ustensile de cuisine utilis\u00e9 pour porter un liquide \u00e0 \u00e9bullition. Elle est g\u00e9n\u00e9ralement utilis\u00e9e pour la pr\u00e9paration du th\u00e9 . Vous trouverez chez ANOPRI plusieurs les vari\u00e9t\u00e9s a des prix imbattables.<\/div>\n","protected":false},"excerpt":{"rendered":"<ul>\n<li><strong>Mod\u00e8le : IKTE01SS<\/strong><\/li>\n<li><strong>Marque : IRVINGS<\/strong><\/li>\n<li><strong>Volume : 1.8L Litre<\/strong><\/li>\n<li><strong>Puissance : 1800W<\/strong><\/li>\n<li><strong>Voltage AC : 220-240V Fr\u00e9quence 50-60Hz<\/strong><\/li>\n<li><strong>Poids : 0,8kgs<\/strong><\/li>\n<\/ul>\n","protected":false},"featured_media":7156,"comment_status":"closed","ping_status":"closed","template":"","meta":{"_bst_post_transparent":"","_bst_post_title":"","_bst_post_layout":"","_bst_post_sidebar_id":"","_bst_post_content_style":"","_bst_post_vertical_padding":"","_bst_post_feature":"","_bst_post_feature_position":"","_bst_post_header":false,"_bst_post_footer":false},"product_brand":[],"product_cat":[155],"product_tag":[],"product_brands":[],"class_list":{"0":"post-8701","1":"product","2":"type-product","3":"status-publish","4":"has-post-thumbnail","6":"product_cat-bouilloire-electrique","8":"first","9":"instock","10":"purchasable","11":"product-type-simple","12":"entry","13":"content-bg","14":"loop-entry"},"_links":{"self":[{"href":"https:\/\/anopri.com\/index.php?rest_route=\/wp\/v2\/product\/8701","targetHints":{"allow":["GET"]}}],"collection":[{"href":"https:\/\/anopri.com\/index.php?rest_route=\/wp\/v2\/product"}],"about":[{"href":"https:\/\/anopri.com\/index.php?rest_route=\/wp\/v2\/types\/product"}],"replies":[{"embeddable":true,"href":"https:\/\/anopri.com\/index.php?rest_route=%2Fwp%2Fv2%2Fcomments&post=8701"}],"wp:featuredmedia":[{"embeddable":true,"href":"https:\/\/anopri.com\/index.php?rest_route=\/wp\/v2\/media\/7156"}],"wp:attachment":[{"href":"https:\/\/anopri.com\/index.php?rest_route=%2Fwp%2Fv2%2Fmedia&parent=8701"}],"wp:term":[{"taxonomy":"product_brand","embeddable":true,"href":"https:\/\/anopri.com\/index.php?rest_route=%2Fwp%2Fv2%2Fproduct_brand&post=8701"},{"taxonomy":"product_cat","embeddable":true,"href":"https:\/\/anopri.com\/index.php?rest_route=%2Fwp%2Fv2%2Fproduct_cat&post=8701"},{"taxonomy":"product_tag","embeddable":true,"href":"https:\/\/anopri.com\/index.php?rest_route=%2Fwp%2Fv2%2Fproduct_tag&post=8701"},{"taxonomy":"product_brands","embeddable":true,"href":"https:\/\/anopri.com\/index.php?rest_route=%2Fwp%2Fv2%2Fproduct_brands&post=8701"}],"curies":[{"name":"wp","href":"https:\/\/api.w.org\/{rel}","templated":true}]}}