{"id":8695,"date":"2026-04-25T13:05:15","date_gmt":"2026-04-25T13:05:15","guid":{"rendered":"https:\/\/anopri.com\/?post_type=product&#038;p=8695"},"modified":"2026-04-25T13:05:19","modified_gmt":"2026-04-25T13:05:19","slug":"machine-a-coudre-brother-ja1400","status":"publish","type":"product","link":"https:\/\/anopri.com\/?product=machine-a-coudre-brother-ja1400","title":{"rendered":"Machine \u00e0 coudre Brother JA1400"},"content":{"rendered":"<p>Compact et facile \u00e0 utiliser; le JA1400 est parfait pour la couture et le raccommodage.\u00a0Dot\u00e9 de 14 points int\u00e9gr\u00e9s, d&#8217;une boutonni\u00e8re en 4 \u00e9tapes et d&#8217;un r\u00e9glage automatique de la longueur et de la largeur des points.\u00a0La surface de couture \u00e0 bras libre est facilement convertible du plateau traditionnel au bras libre pour coudre les poignets et les manches.\u00a0Il dispose \u00e9galement d&#8217;un \u00e9clairage LED pour une couture lumineuse et facile, ainsi que d&#8217;une bobine \u00e0 chargement par le haut pour un r\u00e9glage facile, un entretien facile et une vue d\u00e9gag\u00e9e.\u00a0Le JA1400 est livr\u00e9 avec un DVD qui vous guide pas \u00e0 pas dans la couture et comprend toutes les instructions pour deux excellents projets de couture.<\/p>\n<ul>\n<li>14 points int\u00e9gr\u00e9s<\/li>\n<li>boutonni\u00e8re en 4 \u00e9tapes<\/li>\n<li>Bobine \u00e0 chargement par le haut<\/li>\n<li>Lampe \u00e0 coudre LED<\/li>\n<li>DVD p\u00e9dagogique<\/li>\n<\/ul>\n","protected":false},"excerpt":{"rendered":"<p>Compact et facile \u00e0 utiliser; le JA1400 est parfait pour la couture et le raccommodage.\u00a0Dot\u00e9 de 14 points int\u00e9gr\u00e9s, d&#8217;une boutonni\u00e8re en 4 \u00e9tapes et d&#8217;un r\u00e9glage automatique de la longueur et de la largeur des points.\u00a0La surface de couture \u00e0 bras libre est facilement convertible du plateau traditionnel au bras libre pour coudre les poignets et les manches.\u00a0Il dispose \u00e9galement d&#8217;un \u00e9clairage LED pour une couture lumineuse et facile, ainsi que d&#8217;une bobine \u00e0 chargement par le haut pour un r\u00e9glage facile, un entretien facile et une vue d\u00e9gag\u00e9e.\u00a0Le JA1400 est livr\u00e9 avec un DVD qui vous guide pas \u00e0 pas dans la couture et comprend toutes les instructions pour deux excellents projets de couture.<\/p>\n","protected":false},"featured_media":6340,"comment_status":"closed","ping_status":"closed","template":"","meta":{"_bst_post_transparent":"","_bst_post_title":"","_bst_post_layout":"","_bst_post_sidebar_id":"","_bst_post_content_style":"","_bst_post_vertical_padding":"","_bst_post_feature":"","_bst_post_feature_position":"","_bst_post_header":false,"_bst_post_footer":false},"product_brand":[],"product_cat":[176],"product_tag":[],"product_brands":[],"class_list":{"0":"post-8695","1":"product","2":"type-product","3":"status-publish","4":"has-post-thumbnail","6":"product_cat-machines-a-coudre-accessoires-de-couture","8":"first","9":"instock","10":"purchasable","11":"product-type-simple","12":"entry","13":"content-bg","14":"loop-entry"},"_links":{"self":[{"href":"https:\/\/anopri.com\/index.php?rest_route=\/wp\/v2\/product\/8695","targetHints":{"allow":["GET"]}}],"collection":[{"href":"https:\/\/anopri.com\/index.php?rest_route=\/wp\/v2\/product"}],"about":[{"href":"https:\/\/anopri.com\/index.php?rest_route=\/wp\/v2\/types\/product"}],"replies":[{"embeddable":true,"href":"https:\/\/anopri.com\/index.php?rest_route=%2Fwp%2Fv2%2Fcomments&post=8695"}],"wp:featuredmedia":[{"embeddable":true,"href":"https:\/\/anopri.com\/index.php?rest_route=\/wp\/v2\/media\/6340"}],"wp:attachment":[{"href":"https:\/\/anopri.com\/index.php?rest_route=%2Fwp%2Fv2%2Fmedia&parent=8695"}],"wp:term":[{"taxonomy":"product_brand","embeddable":true,"href":"https:\/\/anopri.com\/index.php?rest_route=%2Fwp%2Fv2%2Fproduct_brand&post=8695"},{"taxonomy":"product_cat","embeddable":true,"href":"https:\/\/anopri.com\/index.php?rest_route=%2Fwp%2Fv2%2Fproduct_cat&post=8695"},{"taxonomy":"product_tag","embeddable":true,"href":"https:\/\/anopri.com\/index.php?rest_route=%2Fwp%2Fv2%2Fproduct_tag&post=8695"},{"taxonomy":"product_brands","embeddable":true,"href":"https:\/\/anopri.com\/index.php?rest_route=%2Fwp%2Fv2%2Fproduct_brands&post=8695"}],"curies":[{"name":"wp","href":"https:\/\/api.w.org\/{rel}","templated":true}]}}