{"id":8694,"date":"2026-04-25T13:05:15","date_gmt":"2026-04-25T13:05:15","guid":{"rendered":"https:\/\/anopri.com\/?post_type=product&#038;p=8694"},"modified":"2026-04-25T13:05:19","modified_gmt":"2026-04-25T13:05:19","slug":"machine-a-cafe-express-sonifer","status":"publish","type":"product","link":"https:\/\/anopri.com\/?product=machine-a-cafe-express-sonifer","title":{"rendered":"Machine \u00e0 caf\u00e9 express SONIFER"},"content":{"rendered":"<p><b>Machine \u00c0 Capsules &#8211; 3 En 1 &#8211; Dolce Gusto \/ Nespresso \/ Poudre &#8211; SF 3539 &#8211; Blanc<\/b><br \/>\nCommencez votre journ\u00e9e du bon pied avec la machine \u00e0 Capsule de SONIFER Elle met litt\u00e9ralement un d\u00e9licieux un caf\u00e9 entre vos mains, et offre un temps de pr\u00e9chauffage rapide\u00a0 pour que vous ne sortiez pas de chez vous les mains vides lorsque vous \u00eates press\u00e9.<br \/>\nCompatible avec les capsules Nespresso \/ Dolce Gusto et Caf\u00e9 moulu<br \/>\nGr\u00e2ce \u00e0 ses\u00a0dimensions r\u00e9duites\u00a0elle est id\u00e9ale dans une petite cuisine, dans une chambre, sur un bureau&#8230; ou pour l&#8217;emporter en vacances, elle se pose partout ! Elle devient votre compagnon au quotidien.<br \/>\nSyst\u00e8me Haute Pression 19 bar :\u00a0La pompe d&#8217;extraction de 19 bar est sp\u00e9cialement con\u00e7ue pour r\u00e9v\u00e9ler la qualit\u00e9 exceptionnelle des Grands Crus\u00a0<em>Nespresso<\/em>.<br \/>\nAvec une pompe \u00e0 haute pression permet de g\u00e9rer tous les param\u00e8tres n\u00e9cessaires (temp\u00e9rature de l\u2019eau, quantit\u00e9, pression\u2026) \u00e0 la r\u00e9alisation d\u2019un Espresso \u00e0 la cr\u00e8me onctueuse.<\/p>\n","protected":false},"excerpt":{"rendered":"<p><b>Machine \u00c0 Capsules &#8211; 3 En 1 &#8211; Dolce Gusto \/ Nespresso \/ Poudre &#8211; SF 3539 &#8211; Blanc<\/b><br \/>\nCommencez votre journ\u00e9e du bon pied avec la machine \u00e0 Capsule de SONIFER Elle met litt\u00e9ralement un d\u00e9licieux un caf\u00e9 entre vos mains, et offre un temps de pr\u00e9chauffage rapide\u00a0 pour que vous ne sortiez pas de chez vous les mains vides lorsque vous \u00eates press\u00e9.<br \/>\nCompatible avec les capsules Nespresso \/ Dolce Gusto et Caf\u00e9 moulu<br \/>\nGr\u00e2ce \u00e0 ses\u00a0dimensions r\u00e9duites\u00a0elle est id\u00e9ale dans une petite cuisine, dans une chambre, sur un bureau&#8230; ou pour l&#8217;emporter en vacances, elle se pose partout ! Elle devient votre compagnon au quotidien.<br \/>\nSyst\u00e8me Haute Pression 19 bar :\u00a0La pompe d&#8217;extraction de 19 bar est sp\u00e9cialement con\u00e7ue pour r\u00e9v\u00e9ler la qualit\u00e9 exceptionnelle des Grands Crus\u00a0<em>Nespresso<\/em>.<br \/>\nAvec une pompe \u00e0 haute pression permet de g\u00e9rer tous les param\u00e8tres n\u00e9cessaires (temp\u00e9rature de l\u2019eau, quantit\u00e9, pression\u2026) \u00e0 la r\u00e9alisation d\u2019un Espresso \u00e0 la cr\u00e8me onctueuse.<\/p>\n","protected":false},"featured_media":7146,"comment_status":"closed","ping_status":"closed","template":"","meta":{"_bst_post_transparent":"","_bst_post_title":"","_bst_post_layout":"","_bst_post_sidebar_id":"","_bst_post_content_style":"","_bst_post_vertical_padding":"","_bst_post_feature":"","_bst_post_feature_position":"","_bst_post_header":false,"_bst_post_footer":false},"product_brand":[],"product_cat":[145],"product_tag":[],"product_brands":[],"class_list":{"0":"post-8694","1":"product","2":"type-product","3":"status-publish","4":"has-post-thumbnail","6":"product_cat-electromenager","8":"first","9":"instock","10":"purchasable","11":"product-type-simple","12":"entry","13":"content-bg","14":"loop-entry"},"_links":{"self":[{"href":"https:\/\/anopri.com\/index.php?rest_route=\/wp\/v2\/product\/8694","targetHints":{"allow":["GET"]}}],"collection":[{"href":"https:\/\/anopri.com\/index.php?rest_route=\/wp\/v2\/product"}],"about":[{"href":"https:\/\/anopri.com\/index.php?rest_route=\/wp\/v2\/types\/product"}],"replies":[{"embeddable":true,"href":"https:\/\/anopri.com\/index.php?rest_route=%2Fwp%2Fv2%2Fcomments&post=8694"}],"wp:featuredmedia":[{"embeddable":true,"href":"https:\/\/anopri.com\/index.php?rest_route=\/wp\/v2\/media\/7146"}],"wp:attachment":[{"href":"https:\/\/anopri.com\/index.php?rest_route=%2Fwp%2Fv2%2Fmedia&parent=8694"}],"wp:term":[{"taxonomy":"product_brand","embeddable":true,"href":"https:\/\/anopri.com\/index.php?rest_route=%2Fwp%2Fv2%2Fproduct_brand&post=8694"},{"taxonomy":"product_cat","embeddable":true,"href":"https:\/\/anopri.com\/index.php?rest_route=%2Fwp%2Fv2%2Fproduct_cat&post=8694"},{"taxonomy":"product_tag","embeddable":true,"href":"https:\/\/anopri.com\/index.php?rest_route=%2Fwp%2Fv2%2Fproduct_tag&post=8694"},{"taxonomy":"product_brands","embeddable":true,"href":"https:\/\/anopri.com\/index.php?rest_route=%2Fwp%2Fv2%2Fproduct_brands&post=8694"}],"curies":[{"name":"wp","href":"https:\/\/api.w.org\/{rel}","templated":true}]}}