{"id":8691,"date":"2026-04-25T13:05:15","date_gmt":"2026-04-25T13:05:15","guid":{"rendered":"https:\/\/anopri.com\/?post_type=product&#038;p=8691"},"modified":"2026-04-25T13:05:19","modified_gmt":"2026-04-25T13:05:19","slug":"balance-bascule-numerique-100kg","status":"publish","type":"product","link":"https:\/\/anopri.com\/?product=balance-bascule-numerique-100kg","title":{"rendered":"Balance Bascule Num\u00e9rique 100kg"},"content":{"rendered":"<p>Le mode d&#8217;\u00e9conomie d&#8217;\u00e9nergie automatique d\u00e9sactive l&#8217;affichage apr\u00e8s 10 secondes d&#8217;inactivit\u00e9 PRECISE &#8211; La balance Industrielle mesure par incr\u00e9ments de 20g vous permettant de mesurer avec pr\u00e9cision les mati\u00e8res premi\u00e8res, colis, bo\u00eetes, fruits, l\u00e9gumes et autres articles. Id\u00e9al pour une utilisation au bureau de poste, sur les march\u00e9s, dans les entrep\u00f4ts ou au moment de la r\u00e9colte pour les r\u00e9coltes CONCU POUR LA CONVENIENCE &#8211; Sa portabilit\u00e9, ses dimensions compactes et sa conception pliable permettent un transport rapide et facile partout. L&#8217;\u00e9cran LCD double face, grand et bien \u00e9clair\u00e9, est facile \u00e0 lire de l&#8217;avant et de l&#8217;arri\u00e8re, m\u00eame dans des environnements sombres ou \u00e0 distance. Facile \u00e0 nettoyer \u00e0 l&#8217;eau gr\u00e2ce \u00e0 sa plaque amovible en acier trait\u00e9 thermiquement de 60\u00d760cmDEPENDABLE ET DURABLE &#8211; Livr\u00e9 avec une batterie interne rechargeable qui permet 96 heures\u00a0 d&#8217;utilisation continue. Sa plaque en acier renforc\u00e9 et ses boutons \u00e9tanches sont \u00e9galement parfaits pour une utilisation \u00e0 l&#8217;ext\u00e9rieur, m\u00eame par temps pluvieux. Sa conception en acier renforc\u00e9 durable est con\u00e7ue pour r\u00e9sister \u00e0 une utilisation quotidienne intense. Id\u00e9al pour peser des objets encombrants ou lourds FACILE D&#8217;UTILISATION ET FOLDABLE &#8211; Gr\u00e2ce \u00e0 sa construction et \u00e0 sa conception intuitive, il est facile \u00e0 utiliser et peut \u00eatre assembl\u00e9 en 2 minutes. De plus, vous pouvez le plier rapidement et facilement afin qu&#8217;il prenne moins de place pour l&#8217;entreposage ou le transport<\/p>\n","protected":false},"excerpt":{"rendered":"<p>Le mode d&#8217;\u00e9conomie d&#8217;\u00e9nergie automatique d\u00e9sactive l&#8217;affichage apr\u00e8s 10 secondes d&#8217;inactivit\u00e9 PRECISE &#8211; La balance Industrielle mesure par incr\u00e9ments de 20g vous permettant de mesurer avec pr\u00e9cision les mati\u00e8res premi\u00e8res, colis, bo\u00eetes, fruits, l\u00e9gumes et autres articles. Id\u00e9al pour une utilisation au bureau de poste, sur les march\u00e9s, dans les entrep\u00f4ts ou au moment de la r\u00e9colte pour les r\u00e9coltes CONCU POUR LA CONVENIENCE &#8211; Sa portabilit\u00e9, ses dimensions compactes et sa conception pliable permettent un transport rapide et facile partout. L&#8217;\u00e9cran LCD double face, grand et bien \u00e9clair\u00e9, est facile \u00e0 lire de l&#8217;avant et de l&#8217;arri\u00e8re, m\u00eame dans des environnements sombres ou \u00e0 distance. Facile \u00e0 nettoyer \u00e0 l&#8217;eau gr\u00e2ce \u00e0 sa plaque amovible en acier trait\u00e9 thermiquement de 60\u00d760cmDEPENDABLE ET DURABLE &#8211; Livr\u00e9 avec une batterie interne rechargeable qui permet 96 heures\u00a0 d&#8217;utilisation continue. Sa plaque en acier renforc\u00e9 et ses boutons \u00e9tanches sont \u00e9galement parfaits pour une utilisation \u00e0 l&#8217;ext\u00e9rieur, m\u00eame par temps pluvieux. Sa conception en acier renforc\u00e9 durable est con\u00e7ue pour r\u00e9sister \u00e0 une utilisation quotidienne intense. Id\u00e9al pour peser des objets encombrants ou lourds FACILE D&#8217;UTILISATION ET FOLDABLE &#8211; Gr\u00e2ce \u00e0 sa construction et \u00e0 sa conception intuitive, il est facile \u00e0 utiliser et peut \u00eatre assembl\u00e9 en 2 minutes. De plus, vous pouvez le plier rapidement et facilement afin qu&#8217;il prenne moins de place pour l&#8217;entreposage ou le transport<\/p>\n","protected":false},"featured_media":7142,"comment_status":"closed","ping_status":"closed","template":"","meta":{"_bst_post_transparent":"","_bst_post_title":"","_bst_post_layout":"","_bst_post_sidebar_id":"","_bst_post_content_style":"","_bst_post_vertical_padding":"","_bst_post_feature":"","_bst_post_feature_position":"","_bst_post_header":false,"_bst_post_footer":false},"product_brand":[],"product_cat":[171],"product_tag":[],"product_brands":[],"class_list":{"0":"post-8691","1":"product","2":"type-product","3":"status-publish","4":"has-post-thumbnail","6":"product_cat-balance","8":"first","9":"instock","10":"purchasable","11":"product-type-simple","12":"entry","13":"content-bg","14":"loop-entry"},"_links":{"self":[{"href":"https:\/\/anopri.com\/index.php?rest_route=\/wp\/v2\/product\/8691","targetHints":{"allow":["GET"]}}],"collection":[{"href":"https:\/\/anopri.com\/index.php?rest_route=\/wp\/v2\/product"}],"about":[{"href":"https:\/\/anopri.com\/index.php?rest_route=\/wp\/v2\/types\/product"}],"replies":[{"embeddable":true,"href":"https:\/\/anopri.com\/index.php?rest_route=%2Fwp%2Fv2%2Fcomments&post=8691"}],"wp:featuredmedia":[{"embeddable":true,"href":"https:\/\/anopri.com\/index.php?rest_route=\/wp\/v2\/media\/7142"}],"wp:attachment":[{"href":"https:\/\/anopri.com\/index.php?rest_route=%2Fwp%2Fv2%2Fmedia&parent=8691"}],"wp:term":[{"taxonomy":"product_brand","embeddable":true,"href":"https:\/\/anopri.com\/index.php?rest_route=%2Fwp%2Fv2%2Fproduct_brand&post=8691"},{"taxonomy":"product_cat","embeddable":true,"href":"https:\/\/anopri.com\/index.php?rest_route=%2Fwp%2Fv2%2Fproduct_cat&post=8691"},{"taxonomy":"product_tag","embeddable":true,"href":"https:\/\/anopri.com\/index.php?rest_route=%2Fwp%2Fv2%2Fproduct_tag&post=8691"},{"taxonomy":"product_brands","embeddable":true,"href":"https:\/\/anopri.com\/index.php?rest_route=%2Fwp%2Fv2%2Fproduct_brands&post=8691"}],"curies":[{"name":"wp","href":"https:\/\/api.w.org\/{rel}","templated":true}]}}