{"id":8690,"date":"2026-04-25T13:05:15","date_gmt":"2026-04-25T13:05:15","guid":{"rendered":"https:\/\/anopri.com\/?post_type=product&#038;p=8690"},"modified":"2026-04-25T13:05:18","modified_gmt":"2026-04-25T13:05:18","slug":"destructeur-dinsectes-domo-avec-lampe-uv-11-w","status":"publish","type":"product","link":"https:\/\/anopri.com\/?product=destructeur-dinsectes-domo-avec-lampe-uv-11-w","title":{"rendered":"Destructeur d&#8217;insectes DOMO avec lampe UV 11 W"},"content":{"rendered":"<p>* Pas de produits chimiques.<br \/>\n* Sans odeur et silencieux.<br \/>\n* Bo\u00eetier transparent.<br \/>\n* Convient pour montage au plafond (avec cha\u00eene de fixation) ou sur une table (poign\u00e9e extractible).<br \/>\n* Le bac collecteur peut \u00eatre retir\u00e9 et vid\u00e9 (avec brosse de nettoyage).<br \/>\n* Tension de la grille : 1500 V.<br \/>\n* Interrupteur marche\/arr\u00eat.<br \/>\n* Lampe UV interchangeable 11 W + ampoule de rechange.<\/p>\n","protected":false},"excerpt":{"rendered":"<p>Protection anti-insectes sans utilisation de produits chimiques.<\/p>\n<p>Avec le destructeur d&#8217;insectes \u00e9lectrique de la marque Domo, vos soir\u00e9es sont prot\u00e9g\u00e9es contre les insectes g\u00eanants.<\/p>\n<p>Ce pi\u00e8ge \u00e0 insectes fonctionne via une lampe UV fluorescente, entour\u00e9e d&#8217;une grille haute tension (1500 V), donc appel\u00e9e lampe \u00e0 insectes.<\/p>\n<p>Les moustiques et les mouches sont attir\u00e9s par les lampes UV et re\u00e7oivent une d\u00e9charge \u00e9lectrique du filet m\u00e9tallique. Toute la construction est s\u00e9curis\u00e9e \u00e0 l&#8217;ext\u00e9rieur par une cage de protection en plastique. Il n&#8217;y a donc aucun danger pour l&#8217;homme et les animaux domestiques.<\/p>\n<p>Dans la partie inf\u00e9rieure de la lampe \u00e0 insectes se trouve un r\u00e9cipient de collecte amovible, ce qui facilite la vidange et le nettoyage. Une brosse de nettoyage est incluse.<\/p>\n<p>Le r\u00e9pulsif \u00e0 insectes n&#8217;est pas seulement utilisable comme pi\u00e8ge \u00e0 moustiques, mais attire \u00e9galement les mouches et est donc aussi id\u00e9al comme pi\u00e8ge \u00e0 mouches.<\/p>\n<p>L&#8217;attrape-insectes dispose d&#8217;un interrupteur marche\/arr\u00eat et d&#8217;une poign\u00e9e extensible. Il peut \u00eatre facilement pos\u00e9 ou accroch\u00e9 avec la cha\u00eene de fixation fournie. La lampe \u00e0 insectes a une taille de 35 x 10 x 17 cm et est livr\u00e9e avec une ampoule de rechange.<\/p>\n<p>Le destructeur d&#8217;insectes est adapt\u00e9 \u00e0 tous les int\u00e9rieurs et peut donc \u00eatre utilis\u00e9 id\u00e9alement \u00e0 la maison dans le salon ou la chambre \u00e0 coucher, au bureau ou m\u00eame en camping dans la caravane.<\/p>\n","protected":false},"featured_media":7139,"comment_status":"closed","ping_status":"closed","template":"","meta":{"_bst_post_transparent":"","_bst_post_title":"","_bst_post_layout":"","_bst_post_sidebar_id":"","_bst_post_content_style":"","_bst_post_vertical_padding":"","_bst_post_feature":"","_bst_post_feature_position":"","_bst_post_header":false,"_bst_post_footer":false},"product_brand":[],"product_cat":[169],"product_tag":[],"product_brands":[],"class_list":{"0":"post-8690","1":"product","2":"type-product","3":"status-publish","4":"has-post-thumbnail","6":"product_cat-ustensiles-gadgets-maison-et-bureau","8":"first","9":"instock","10":"purchasable","11":"product-type-simple","12":"entry","13":"content-bg","14":"loop-entry"},"_links":{"self":[{"href":"https:\/\/anopri.com\/index.php?rest_route=\/wp\/v2\/product\/8690","targetHints":{"allow":["GET"]}}],"collection":[{"href":"https:\/\/anopri.com\/index.php?rest_route=\/wp\/v2\/product"}],"about":[{"href":"https:\/\/anopri.com\/index.php?rest_route=\/wp\/v2\/types\/product"}],"replies":[{"embeddable":true,"href":"https:\/\/anopri.com\/index.php?rest_route=%2Fwp%2Fv2%2Fcomments&post=8690"}],"wp:featuredmedia":[{"embeddable":true,"href":"https:\/\/anopri.com\/index.php?rest_route=\/wp\/v2\/media\/7139"}],"wp:attachment":[{"href":"https:\/\/anopri.com\/index.php?rest_route=%2Fwp%2Fv2%2Fmedia&parent=8690"}],"wp:term":[{"taxonomy":"product_brand","embeddable":true,"href":"https:\/\/anopri.com\/index.php?rest_route=%2Fwp%2Fv2%2Fproduct_brand&post=8690"},{"taxonomy":"product_cat","embeddable":true,"href":"https:\/\/anopri.com\/index.php?rest_route=%2Fwp%2Fv2%2Fproduct_cat&post=8690"},{"taxonomy":"product_tag","embeddable":true,"href":"https:\/\/anopri.com\/index.php?rest_route=%2Fwp%2Fv2%2Fproduct_tag&post=8690"},{"taxonomy":"product_brands","embeddable":true,"href":"https:\/\/anopri.com\/index.php?rest_route=%2Fwp%2Fv2%2Fproduct_brands&post=8690"}],"curies":[{"name":"wp","href":"https:\/\/api.w.org\/{rel}","templated":true}]}}