{"id":8689,"date":"2026-04-25T13:05:15","date_gmt":"2026-04-25T13:05:15","guid":{"rendered":"https:\/\/anopri.com\/?post_type=product&#038;p=8689"},"modified":"2026-04-25T13:05:18","modified_gmt":"2026-04-25T13:05:18","slug":"mini-balance-de-grue-portative-de-300-kg","status":"publish","type":"product","link":"https:\/\/anopri.com\/?product=mini-balance-de-grue-portative-de-300-kg","title":{"rendered":"Mini balance de grue portative de 300 kg"},"content":{"rendered":"<p>Les balances ont une grande limite de charge et une grande r\u00e9sistance, compacit\u00e9 et polyvalence, et sont fabriqu\u00e9es en fonte extr\u00eamement durable.<br \/>\nHaute fiabilit\u00e9. Technologie de circuit int\u00e9gr\u00e9 de haute qualit\u00e9 pour des performances \u00e9lev\u00e9es et une stabilit\u00e9 \u00e0 long terme.<br \/>\nMini balance de grue industrielle portable 300 kg &#8211; Balance \u00e9lectronique num\u00e9rique LCD &#8211; 2 couleurs<br \/>\nCette mini balance de grue de 300 kg est une combinaison du son et de la conception m\u00e9canique \u00e9prouv\u00e9e. La balance \u00e9lectronique offre un superbe ensemble de fonctionnalit\u00e9s. Il est polyvalent, fiable, pr\u00e9cis et facile \u00e0 utiliser. Cl\u00e9<br \/>\nCaract\u00e9ristiques :<br \/>\n* Con\u00e7u pour mesurer un poids inf\u00e9rieur \u00e0 300 kg.<br \/>\n* Syst\u00e8me de qualit\u00e9 certifi\u00e9 * Technologie SMT, qualit\u00e9 int\u00e9gr\u00e9e<br \/>\n* 3 modes de pes\u00e9e : Kg, LB et N pour plusieurs utilisations<br \/>\n* Circuit et cellule de pes\u00e9e d\u00e9di\u00e9e, assure une stabilit\u00e9 longue dur\u00e9e.<br \/>\n* Grand \u00e9cran LCD de 23 mm avec \u00e9clairage de secours pour une utilisation pratique.<br \/>\n* R\u00e9cepteur de charge en acier inoxydable et bo\u00eetier en alliage d&#8217;aluminium pour une meilleure s\u00e9curit\u00e9.<br \/>\n* Mise hors tension automatique.<\/p>\n","protected":false},"excerpt":{"rendered":"<p>Balances de grue \u00e9lectroniques num\u00e9riques \u00e0 usage intensif &#8211; 300 kg<br \/>\nCette mini balance de grue de 300 kg offre \u00e0 l&#8217;utilisateur une m\u00e9thode simple et facile pour peser des marchandises dans une application de levage\/tension.<\/p>\n<p>Il a un bo\u00eetier robuste et un grand \u00e9cran LED lisible \u00e0 5 chiffres.\u00a0L&#8217;\u00e9cran LED affiche les lectures de poids tout en offrant un acc\u00e8s direct aux touches de fonction et d&#8217;alimentation de la balance.\u00a0La conception robuste du bo\u00eetier lui permet de r\u00e9sister aux coups et aux bosses attendus dans les op\u00e9rations de pesage tr\u00e8s lourdes.<\/p>\n<p>Convient pour mesurer le poids d&#8217;une charge lorsqu&#8217;elle est soulev\u00e9e, g\u00e9n\u00e9ralement par une grue, un palan ou un treuil.<\/p>\n","protected":false},"featured_media":7137,"comment_status":"closed","ping_status":"closed","template":"","meta":{"_bst_post_transparent":"","_bst_post_title":"","_bst_post_layout":"","_bst_post_sidebar_id":"","_bst_post_content_style":"","_bst_post_vertical_padding":"","_bst_post_feature":"","_bst_post_feature_position":"","_bst_post_header":false,"_bst_post_footer":false},"product_brand":[],"product_cat":[171],"product_tag":[],"product_brands":[],"class_list":{"0":"post-8689","1":"product","2":"type-product","3":"status-publish","4":"has-post-thumbnail","6":"product_cat-balance","8":"first","9":"instock","10":"purchasable","11":"product-type-simple","12":"entry","13":"content-bg","14":"loop-entry"},"_links":{"self":[{"href":"https:\/\/anopri.com\/index.php?rest_route=\/wp\/v2\/product\/8689","targetHints":{"allow":["GET"]}}],"collection":[{"href":"https:\/\/anopri.com\/index.php?rest_route=\/wp\/v2\/product"}],"about":[{"href":"https:\/\/anopri.com\/index.php?rest_route=\/wp\/v2\/types\/product"}],"replies":[{"embeddable":true,"href":"https:\/\/anopri.com\/index.php?rest_route=%2Fwp%2Fv2%2Fcomments&post=8689"}],"wp:featuredmedia":[{"embeddable":true,"href":"https:\/\/anopri.com\/index.php?rest_route=\/wp\/v2\/media\/7137"}],"wp:attachment":[{"href":"https:\/\/anopri.com\/index.php?rest_route=%2Fwp%2Fv2%2Fmedia&parent=8689"}],"wp:term":[{"taxonomy":"product_brand","embeddable":true,"href":"https:\/\/anopri.com\/index.php?rest_route=%2Fwp%2Fv2%2Fproduct_brand&post=8689"},{"taxonomy":"product_cat","embeddable":true,"href":"https:\/\/anopri.com\/index.php?rest_route=%2Fwp%2Fv2%2Fproduct_cat&post=8689"},{"taxonomy":"product_tag","embeddable":true,"href":"https:\/\/anopri.com\/index.php?rest_route=%2Fwp%2Fv2%2Fproduct_tag&post=8689"},{"taxonomy":"product_brands","embeddable":true,"href":"https:\/\/anopri.com\/index.php?rest_route=%2Fwp%2Fv2%2Fproduct_brands&post=8689"}],"curies":[{"name":"wp","href":"https:\/\/api.w.org\/{rel}","templated":true}]}}