{"id":8684,"date":"2026-04-25T13:05:15","date_gmt":"2026-04-25T13:05:15","guid":{"rendered":"https:\/\/anopri.com\/?post_type=product&#038;p=8684"},"modified":"2026-04-25T13:05:17","modified_gmt":"2026-04-25T13:05:17","slug":"machine-a-gaufrier-bm-satellite-bm-7092","status":"publish","type":"product","link":"https:\/\/anopri.com\/?product=machine-a-gaufrier-bm-satellite-bm-7092","title":{"rendered":"Machine \u00e0 Gaufrier BM Satellite (bM-7092)"},"content":{"rendered":"","protected":false},"excerpt":{"rendered":"<p><span>Le grille-pain \u00e0 sandwich BM Satellitete est un grille-pain \u00e0 sandwich compact et \u00e9l\u00e9gant.\u00a0<\/span><span>Il a une finition attrayante, ce qui en fait un appareil de cuisine moderne et \u00e9l\u00e9gant.\u00a0<\/span><span>avec une base antid\u00e9rapante qui ne bouge pas pendant le grillage des pains, il s&#8217;assurera qu&#8217;il reste stable en place.\u00a0<\/span><span>Il a \u00e9galement une surface de rev\u00eatement antiadh\u00e9sif qui rend propre<\/span><\/p>\n","protected":false},"featured_media":7127,"comment_status":"closed","ping_status":"closed","template":"","meta":{"_bst_post_transparent":"","_bst_post_title":"","_bst_post_layout":"","_bst_post_sidebar_id":"","_bst_post_content_style":"","_bst_post_vertical_padding":"","_bst_post_feature":"","_bst_post_feature_position":"","_bst_post_header":false,"_bst_post_footer":false},"product_brand":[],"product_cat":[145],"product_tag":[],"product_brands":[],"class_list":{"0":"post-8684","1":"product","2":"type-product","3":"status-publish","4":"has-post-thumbnail","6":"product_cat-electromenager","8":"first","9":"instock","10":"purchasable","11":"product-type-simple","12":"entry","13":"content-bg","14":"loop-entry"},"_links":{"self":[{"href":"https:\/\/anopri.com\/index.php?rest_route=\/wp\/v2\/product\/8684","targetHints":{"allow":["GET"]}}],"collection":[{"href":"https:\/\/anopri.com\/index.php?rest_route=\/wp\/v2\/product"}],"about":[{"href":"https:\/\/anopri.com\/index.php?rest_route=\/wp\/v2\/types\/product"}],"replies":[{"embeddable":true,"href":"https:\/\/anopri.com\/index.php?rest_route=%2Fwp%2Fv2%2Fcomments&post=8684"}],"wp:featuredmedia":[{"embeddable":true,"href":"https:\/\/anopri.com\/index.php?rest_route=\/wp\/v2\/media\/7127"}],"wp:attachment":[{"href":"https:\/\/anopri.com\/index.php?rest_route=%2Fwp%2Fv2%2Fmedia&parent=8684"}],"wp:term":[{"taxonomy":"product_brand","embeddable":true,"href":"https:\/\/anopri.com\/index.php?rest_route=%2Fwp%2Fv2%2Fproduct_brand&post=8684"},{"taxonomy":"product_cat","embeddable":true,"href":"https:\/\/anopri.com\/index.php?rest_route=%2Fwp%2Fv2%2Fproduct_cat&post=8684"},{"taxonomy":"product_tag","embeddable":true,"href":"https:\/\/anopri.com\/index.php?rest_route=%2Fwp%2Fv2%2Fproduct_tag&post=8684"},{"taxonomy":"product_brands","embeddable":true,"href":"https:\/\/anopri.com\/index.php?rest_route=%2Fwp%2Fv2%2Fproduct_brands&post=8684"}],"curies":[{"name":"wp","href":"https:\/\/api.w.org\/{rel}","templated":true}]}}