{"id":8676,"date":"2026-04-25T13:05:06","date_gmt":"2026-04-25T13:05:06","guid":{"rendered":"https:\/\/anopri.com\/?post_type=product&#038;p=8676"},"modified":"2026-04-25T13:05:12","modified_gmt":"2026-04-25T13:05:12","slug":"machine-a-laver-automatique-roch-rwm-6fl-ls-6kg","status":"publish","type":"product","link":"https:\/\/anopri.com\/?product=machine-a-laver-automatique-roch-rwm-6fl-ls-6kg","title":{"rendered":"Machine \u00e0 Laver automatique &#8211; Roch RWM-6FL-L(S) 6KG"},"content":{"rendered":"<ul>\n<li><strong>Marque :<\/strong>\u00a0Roch<\/li>\n<li><strong>Produit :<\/strong>\u00a0Machine \u00e0 laver<\/li>\n<li><strong>Model :<\/strong>\u00a0RWM-6FL-A(S)<\/li>\n<li><strong>Capacit\u00e9 :<\/strong>\u00a06 KG<\/li>\n<li><strong>\u00a0Nombre d\u2019options :<\/strong>\u00a010<\/li>\n<li><strong>Capacit\u00e9 du tambour:<\/strong>\u00a042 litres<\/li>\n<li><strong>1000 tours\/min<\/strong><\/li>\n<li><strong>Class En\u00e9rgetique:<\/strong>\u00a0A+++<\/li>\n<li><strong>\u00c9conomie d\u2019\u00e9nergie:<\/strong>\u00a0-50%<\/li>\n<li><strong>Voltage :<\/strong>220-240V<\/li>\n<li><strong>Courant max:<\/strong>\u00a010A<\/li>\n<li><strong>Pression d\u2019eau :<\/strong>\u00a00.05-1MPa<\/li>\n<li><strong>Degr\u00e9 de r\u00e9sistance a l\u2019eau :<\/strong>\u00a0IPX4<\/li>\n<li><strong>Dimension :<\/strong>\u00a0(L*H*P (mm)) 595 * 470 * 850<\/li>\n<li><strong>Poids :<\/strong>\u00a054kg<\/li>\n<li><strong>Garantie :<\/strong>\u00a012 Mois<\/li>\n<\/ul>\n","protected":false},"excerpt":{"rendered":"<p><strong>Gr\u00e2ce \u00e0 sa\u00a0capacit\u00e9 de 6Kg\u00a0soit 42 litres, la\u00a0machine \u00e0 laver \u00e9conomique Roch\u00a0RWM-6FL-A(S)\u00a0vous permet de laver assez de v\u00eatements d&#8217;un coup de fa\u00e7on \u00e0 gagner en temps et en \u00e9nergie. En plus, l&#8217;une de ses particularit\u00e9s est qu&#8217;elle n&#8217;occupe pas beaucoup d&#8217;espace, vous donnant ainsi la possibilit\u00e9 de circuler sans aucun probl\u00e8me. L&#8217;ext\u00e9rieur de cette machine \u00e0 laver est super r\u00e9sistante, avec un verre r\u00e9sistant aux chocs. son int\u00e9rieur est fait en acier inoxydable sans bact\u00e9ries dont non nocif pour vos v\u00eatements.<\/strong><\/p>\n","protected":false},"featured_media":7103,"comment_status":"closed","ping_status":"closed","template":"","meta":{"_bst_post_transparent":"","_bst_post_title":"","_bst_post_layout":"","_bst_post_sidebar_id":"","_bst_post_content_style":"","_bst_post_vertical_padding":"","_bst_post_feature":"","_bst_post_feature_position":"","_bst_post_header":false,"_bst_post_footer":false},"product_brand":[],"product_cat":[168,167],"product_tag":[],"product_brands":[],"class_list":{"0":"post-8676","1":"product","2":"type-product","3":"status-publish","4":"has-post-thumbnail","6":"product_cat-machine-a-laver","7":"product_cat-machine-a-laver-et-seche-linge","9":"first","10":"instock","11":"purchasable","12":"product-type-simple","13":"entry","14":"content-bg","15":"loop-entry"},"_links":{"self":[{"href":"https:\/\/anopri.com\/index.php?rest_route=\/wp\/v2\/product\/8676","targetHints":{"allow":["GET"]}}],"collection":[{"href":"https:\/\/anopri.com\/index.php?rest_route=\/wp\/v2\/product"}],"about":[{"href":"https:\/\/anopri.com\/index.php?rest_route=\/wp\/v2\/types\/product"}],"replies":[{"embeddable":true,"href":"https:\/\/anopri.com\/index.php?rest_route=%2Fwp%2Fv2%2Fcomments&post=8676"}],"wp:featuredmedia":[{"embeddable":true,"href":"https:\/\/anopri.com\/index.php?rest_route=\/wp\/v2\/media\/7103"}],"wp:attachment":[{"href":"https:\/\/anopri.com\/index.php?rest_route=%2Fwp%2Fv2%2Fmedia&parent=8676"}],"wp:term":[{"taxonomy":"product_brand","embeddable":true,"href":"https:\/\/anopri.com\/index.php?rest_route=%2Fwp%2Fv2%2Fproduct_brand&post=8676"},{"taxonomy":"product_cat","embeddable":true,"href":"https:\/\/anopri.com\/index.php?rest_route=%2Fwp%2Fv2%2Fproduct_cat&post=8676"},{"taxonomy":"product_tag","embeddable":true,"href":"https:\/\/anopri.com\/index.php?rest_route=%2Fwp%2Fv2%2Fproduct_tag&post=8676"},{"taxonomy":"product_brands","embeddable":true,"href":"https:\/\/anopri.com\/index.php?rest_route=%2Fwp%2Fv2%2Fproduct_brands&post=8676"}],"curies":[{"name":"wp","href":"https:\/\/api.w.org\/{rel}","templated":true}]}}