{"id":8675,"date":"2026-04-25T13:05:06","date_gmt":"2026-04-25T13:05:06","guid":{"rendered":"https:\/\/anopri.com\/?post_type=product&#038;p=8675"},"modified":"2026-04-25T13:05:12","modified_gmt":"2026-04-25T13:05:12","slug":"machine-a-laver-automatique-hisense-6kg-lave-rince-essor","status":"publish","type":"product","link":"https:\/\/anopri.com\/?product=machine-a-laver-automatique-hisense-6kg-lave-rince-essor","title":{"rendered":"Machine \u00e0 Laver automatique HISENSE 6KG-LAVE\/Rince\/Essor"},"content":{"rendered":"<p>Plus d&#8217;information<br \/>\nCouleur : Argent<br \/>\nType de chargeur : frontal<br \/>\nVitesse d&#8217;essorage : 1000 tr\/min<br \/>\nCapacit\u00e9 de lavage : 6kg<br \/>\nCapacit\u00e9 de s\u00e9chage : N\/A<br \/>\nNombre de programmes : 15<br \/>\nAffichage : LED<br \/>\nFonction vapeur : Non<br \/>\nWifi activ\u00e9 : Non<br \/>\nClasse \u00e9nerg\u00e9tique : A+++<br \/>\nVerrouillage enfant : Oui<br \/>\nLongueur du produit (cm) : 46<br \/>\nLargeur du produit (cm) : 59<br \/>\nHauteur du produit (cm) : 85<br \/>\nFabricant : Hisense<\/p>\n<p>Une machine \u00e0 laver le linge HISENSE se distingue par son fonctionnement silencieux et la fiabilit\u00e9 qui fait la r\u00e9putation des appareils HISENSE.<\/p>\n<p>HISENSE apporte \u00e0 sa nouvelle gamme de machines \u00e0 laver tout un panel de solutions toujours plus intelligentes afin d&#8217;am\u00e9liorer et de simplifier la vie de tous les jours.<\/p>\n<p>&nbsp;<\/p>\n<ul>\n<li>Smart Machine \u00e0 laver 8 programmes automatique 6 Kg<\/li>\n<li>Vitesse d&#8217;essorage\u00a0\u00a0<u>1000 tr<\/u>\u00a0\/min<\/li>\n<li>Finition\u00a0\u00a0<u>Argent<\/u><\/li>\n<li>Utilisations faciles<\/li>\n<li>Fonction protection enfant<\/li>\n<li>Fonction lavage rapide<\/li>\n<li>Fonction rapport du temps pour plus d&#8217;\u00e9conomie de temps<\/li>\n<li>Auto-Control pour la recherche des d\u00e9fauts de fonctionnement<\/li>\n<li>Indicateur du temps restant du programme<\/li>\n<li>Faible profondeur<\/li>\n<li>D\u00e9part\u00a0\u00a0<u>d\u00e9f\u00e9r\u00e9<\/u><\/li>\n<li>Contr\u00f4le intelligent de l&#8217;\u00e9quilibre du tombeur<\/li>\n<li>\u00c9cran Digital<\/li>\n<li>Capteur Anti mousse<\/li>\n<li>Couleur : Finition Argent<\/li>\n<li>Mat\u00e9riau principal : Aluminium<\/li>\n<li>Capacit\u00e9 (KG):\u00a0\u00a0<u>6 kg<\/u><\/li>\n<\/ul>\n","protected":false},"excerpt":{"rendered":"<p>Machine Id\u00e9ale pour la famille, le nouveau lave linge <strong>automatique Hisense WFVC6010S<\/strong>\u00a0vous offre une\u00a0<strong>capacit\u00e9 de lavage de 6\u00a0kg<\/strong>\u00a0 assez pour un lavage en quantit\u00e9 suffisante. Sa vitesse d&#8217;essorage est de1000 tr\/min et elle est \u00e9quip\u00e9e d&#8217;un \u00e9cran de contr\u00f4le LED digital pour un meilleur confort d&#8217;utilisation pour vous.<\/p>\n","protected":false},"featured_media":7100,"comment_status":"closed","ping_status":"closed","template":"","meta":{"_bst_post_transparent":"","_bst_post_title":"","_bst_post_layout":"","_bst_post_sidebar_id":"","_bst_post_content_style":"","_bst_post_vertical_padding":"","_bst_post_feature":"","_bst_post_feature_position":"","_bst_post_header":false,"_bst_post_footer":false},"product_brand":[],"product_cat":[168,167],"product_tag":[],"product_brands":[],"class_list":{"0":"post-8675","1":"product","2":"type-product","3":"status-publish","4":"has-post-thumbnail","6":"product_cat-machine-a-laver","7":"product_cat-machine-a-laver-et-seche-linge","9":"first","10":"instock","11":"purchasable","12":"product-type-simple","13":"entry","14":"content-bg","15":"loop-entry"},"_links":{"self":[{"href":"https:\/\/anopri.com\/index.php?rest_route=\/wp\/v2\/product\/8675","targetHints":{"allow":["GET"]}}],"collection":[{"href":"https:\/\/anopri.com\/index.php?rest_route=\/wp\/v2\/product"}],"about":[{"href":"https:\/\/anopri.com\/index.php?rest_route=\/wp\/v2\/types\/product"}],"replies":[{"embeddable":true,"href":"https:\/\/anopri.com\/index.php?rest_route=%2Fwp%2Fv2%2Fcomments&post=8675"}],"wp:featuredmedia":[{"embeddable":true,"href":"https:\/\/anopri.com\/index.php?rest_route=\/wp\/v2\/media\/7100"}],"wp:attachment":[{"href":"https:\/\/anopri.com\/index.php?rest_route=%2Fwp%2Fv2%2Fmedia&parent=8675"}],"wp:term":[{"taxonomy":"product_brand","embeddable":true,"href":"https:\/\/anopri.com\/index.php?rest_route=%2Fwp%2Fv2%2Fproduct_brand&post=8675"},{"taxonomy":"product_cat","embeddable":true,"href":"https:\/\/anopri.com\/index.php?rest_route=%2Fwp%2Fv2%2Fproduct_cat&post=8675"},{"taxonomy":"product_tag","embeddable":true,"href":"https:\/\/anopri.com\/index.php?rest_route=%2Fwp%2Fv2%2Fproduct_tag&post=8675"},{"taxonomy":"product_brands","embeddable":true,"href":"https:\/\/anopri.com\/index.php?rest_route=%2Fwp%2Fv2%2Fproduct_brands&post=8675"}],"curies":[{"name":"wp","href":"https:\/\/api.w.org\/{rel}","templated":true}]}}