{"id":8672,"date":"2026-04-25T13:05:06","date_gmt":"2026-04-25T13:05:06","guid":{"rendered":"https:\/\/anopri.com\/?post_type=product&#038;p=8672"},"modified":"2026-04-25T13:05:11","modified_gmt":"2026-04-25T13:05:11","slug":"imprimantes-matricielles-a-impact-epson-lq-350","status":"publish","type":"product","link":"https:\/\/anopri.com\/?product=imprimantes-matricielles-a-impact-epson-lq-350","title":{"rendered":"IMPRIMANTES MATRICIELLES \u00c0 IMPACT EPSON LQ-350"},"content":{"rendered":"<p>L&#8217;Epson LQ-350 est tr\u00e8s fiable et poss\u00e8de un temps de bon fonctionnement moyen sans intervention de 10 000 heures. Elle est id\u00e9ale pour les applications de FrontOffice et de back-office n\u00e9cessitant un papier continu ou plusieurs articles de papeterie.<\/p>\n<p>La LQ-350 est une imprimante tr\u00e8s \u00e9conomique qui permet de r\u00e9duire les co\u00fbts d&#8217;exploitation gr\u00e2ce \u00e0 son ruban disposant d&#8217;une longue dur\u00e9e de vie (2,5\u00a0millions de caract\u00e8res) et sa faible consommation \u00e9lectrique. La LQ-350 n&#8217;utilise que 1,3\u00a0W en veille et 23\u00a0W en impression. Elle est donc certifi\u00e9e ENERGY STAR pour son excellente efficacit\u00e9 \u00e9nerg\u00e9tique.<\/p>\n<p>Facile \u00e0 int\u00e9grer, la LQ-350 poss\u00e8de des interfaces Parall\u00e8le, S\u00e9rie et USB de s\u00e9rie et trouvera facilement une place sur le bureau gr\u00e2ce \u00e0 sa conception compacte et \u00e0 son syst\u00e8me de gestion des c\u00e2bles.<\/p>\n","protected":false},"excerpt":{"rendered":"<p>L&#8217;Epson LQ-350 est tr\u00e8s fiable et poss\u00e8de un temps de bon fonctionnement moyen sans intervention de 10 000 heures. Elle est id\u00e9ale pour les applications de FrontOffice et de back-office n\u00e9cessitant un papier continu ou plusieurs articles de papeterie.<\/p>\n<p>La LQ-350 est une imprimante tr\u00e8s \u00e9conomique qui permet de r\u00e9duire les co\u00fbts d&#8217;exploitation gr\u00e2ce \u00e0 son ruban disposant d&#8217;une longue dur\u00e9e de vie (2,5\u00a0millions de caract\u00e8res) et sa faible consommation \u00e9lectrique. La LQ-350 n&#8217;utilise que 1,3\u00a0W en veille et 23\u00a0W en impression. Elle est donc certifi\u00e9e ENERGY STAR pour son excellente efficacit\u00e9 \u00e9nerg\u00e9tique.<\/p>\n<p>Facile \u00e0 int\u00e9grer, la LQ-350 poss\u00e8de des interfaces Parall\u00e8le, S\u00e9rie et USB de s\u00e9rie et trouvera facilement une place sur le bureau gr\u00e2ce \u00e0 sa conception compacte et \u00e0 son syst\u00e8me de gestion des c\u00e2bles.<\/p>\n","protected":false},"featured_media":7092,"comment_status":"closed","ping_status":"closed","template":"","meta":{"_bst_post_transparent":"","_bst_post_title":"","_bst_post_layout":"","_bst_post_sidebar_id":"","_bst_post_content_style":"","_bst_post_vertical_padding":"","_bst_post_feature":"","_bst_post_feature_position":"","_bst_post_header":false,"_bst_post_footer":false},"product_brand":[],"product_cat":[190,169],"product_tag":[],"product_brands":[],"class_list":{"0":"post-8672","1":"product","2":"type-product","3":"status-publish","4":"has-post-thumbnail","6":"product_cat-informatique-et-connectivite","7":"product_cat-ustensiles-gadgets-maison-et-bureau","9":"first","10":"instock","11":"purchasable","12":"product-type-simple","13":"entry","14":"content-bg","15":"loop-entry"},"_links":{"self":[{"href":"https:\/\/anopri.com\/index.php?rest_route=\/wp\/v2\/product\/8672","targetHints":{"allow":["GET"]}}],"collection":[{"href":"https:\/\/anopri.com\/index.php?rest_route=\/wp\/v2\/product"}],"about":[{"href":"https:\/\/anopri.com\/index.php?rest_route=\/wp\/v2\/types\/product"}],"replies":[{"embeddable":true,"href":"https:\/\/anopri.com\/index.php?rest_route=%2Fwp%2Fv2%2Fcomments&post=8672"}],"wp:featuredmedia":[{"embeddable":true,"href":"https:\/\/anopri.com\/index.php?rest_route=\/wp\/v2\/media\/7092"}],"wp:attachment":[{"href":"https:\/\/anopri.com\/index.php?rest_route=%2Fwp%2Fv2%2Fmedia&parent=8672"}],"wp:term":[{"taxonomy":"product_brand","embeddable":true,"href":"https:\/\/anopri.com\/index.php?rest_route=%2Fwp%2Fv2%2Fproduct_brand&post=8672"},{"taxonomy":"product_cat","embeddable":true,"href":"https:\/\/anopri.com\/index.php?rest_route=%2Fwp%2Fv2%2Fproduct_cat&post=8672"},{"taxonomy":"product_tag","embeddable":true,"href":"https:\/\/anopri.com\/index.php?rest_route=%2Fwp%2Fv2%2Fproduct_tag&post=8672"},{"taxonomy":"product_brands","embeddable":true,"href":"https:\/\/anopri.com\/index.php?rest_route=%2Fwp%2Fv2%2Fproduct_brands&post=8672"}],"curies":[{"name":"wp","href":"https:\/\/api.w.org\/{rel}","templated":true}]}}