{"id":8668,"date":"2026-04-25T13:05:06","date_gmt":"2026-04-25T13:05:06","guid":{"rendered":"https:\/\/anopri.com\/?post_type=product&#038;p=8668"},"modified":"2026-04-25T13:05:10","modified_gmt":"2026-04-25T13:05:10","slug":"machine-a-laver-oscar-7kg-lave-rince-essor-semi-automatique","status":"publish","type":"product","link":"https:\/\/anopri.com\/?product=machine-a-laver-oscar-7kg-lave-rince-essor-semi-automatique","title":{"rendered":"MACHINE A LAVER OSCAR 7Kg -LAVE\/RINCE\/ESSOR \u2013 Semi-Automatique"},"content":{"rendered":"<p><span style=\"vertical-align: inherit;\"><span style=\"vertical-align: inherit;\">La machine \u00e0 laver est un appareil \u00e9lectrom\u00e9nager qui commence \u00e0 prendre sa place dans les foyers. A l&#8217;heure du modernisme, le lave-linge se trouve \u00eatre un v\u00e9ritable alli\u00e9 pour le bien-\u00eatre de votre maison. Il permet, sans effort, de nettoyer le linge de toute la maison. ce mod\u00e8le est \u00e0 chargement frontal et dispose d&#8217;une capacit\u00e9 de 7 kg. sa classe \u00e9nerg\u00e9tique A vous permet d&#8217;\u00e9conomiser encore plus .<\/span><\/span><\/p>\n","protected":false},"excerpt":{"rendered":"<ul>\n<li>\n<h3><span style=\"vertical-align: inherit;\"><span style=\"vertical-align: inherit;\">type de produit: Machine \u00e0 Laver Semi-automatique<\/span><\/span><\/h3>\n<\/li>\n<li>\n<h3><span style=\"vertical-align: inherit;\"><span style=\"vertical-align: inherit;\">marque OSCAR<\/span><\/span><\/h3>\n<\/li>\n<li>\n<h3><span style=\"vertical-align: inherit;\"><span style=\"vertical-align: inherit;\">Mod\u00e8le:TTB-TE0107<\/span><\/span><\/h3>\n<\/li>\n<li>\n<h3><span style=\"vertical-align: inherit;\"><span style=\"vertical-align: inherit;\">Capacit\u00e9 lavage : 7Kg<\/span><\/span><\/h3>\n<\/li>\n<li>\n<h3><span style=\"vertical-align: inherit;\"><span style=\"vertical-align: inherit;\">Capacit\u00e9 d&#8217;essorage : 4,6kg<\/span><\/span><\/h3>\n<\/li>\n<li>\n<h3><span style=\"vertical-align: inherit;\"><span style=\"vertical-align: inherit;\">Fonction : Lave\/Rince\/Essor<\/span><\/span><\/h3>\n<\/li>\n<li>\n<h3><span style=\"vertical-align: inherit;\"><span style=\"vertical-align: inherit;\">Tension nominale : 220-240V\/ 5Hz<\/span><\/span><\/h3>\n<\/li>\n<li>\n<h3><span style=\"vertical-align: inherit;\"><span style=\"vertical-align: inherit;\">Dimension:75x42x77cm<\/span><\/span><\/h3>\n<\/li>\n<li>\n<h3><span style=\"vertical-align: inherit;\"><span style=\"vertical-align: inherit;\">Mati\u00e8re: Plastique<\/span><\/span><\/h3>\n<\/li>\n<li>\n<h3><span style=\"vertical-align: inherit;\"><span style=\"vertical-align: inherit;\">Garantie:12 mois<\/span><\/span><\/h3>\n<\/li>\n<\/ul>\n","protected":false},"featured_media":7081,"comment_status":"closed","ping_status":"closed","template":"","meta":{"_bst_post_transparent":"","_bst_post_title":"","_bst_post_layout":"","_bst_post_sidebar_id":"","_bst_post_content_style":"","_bst_post_vertical_padding":"","_bst_post_feature":"","_bst_post_feature_position":"","_bst_post_header":false,"_bst_post_footer":false},"product_brand":[],"product_cat":[168,167],"product_tag":[],"product_brands":[],"class_list":{"0":"post-8668","1":"product","2":"type-product","3":"status-publish","4":"has-post-thumbnail","6":"product_cat-machine-a-laver","7":"product_cat-machine-a-laver-et-seche-linge","9":"first","10":"instock","11":"purchasable","12":"product-type-simple","13":"entry","14":"content-bg","15":"loop-entry"},"_links":{"self":[{"href":"https:\/\/anopri.com\/index.php?rest_route=\/wp\/v2\/product\/8668","targetHints":{"allow":["GET"]}}],"collection":[{"href":"https:\/\/anopri.com\/index.php?rest_route=\/wp\/v2\/product"}],"about":[{"href":"https:\/\/anopri.com\/index.php?rest_route=\/wp\/v2\/types\/product"}],"replies":[{"embeddable":true,"href":"https:\/\/anopri.com\/index.php?rest_route=%2Fwp%2Fv2%2Fcomments&post=8668"}],"wp:featuredmedia":[{"embeddable":true,"href":"https:\/\/anopri.com\/index.php?rest_route=\/wp\/v2\/media\/7081"}],"wp:attachment":[{"href":"https:\/\/anopri.com\/index.php?rest_route=%2Fwp%2Fv2%2Fmedia&parent=8668"}],"wp:term":[{"taxonomy":"product_brand","embeddable":true,"href":"https:\/\/anopri.com\/index.php?rest_route=%2Fwp%2Fv2%2Fproduct_brand&post=8668"},{"taxonomy":"product_cat","embeddable":true,"href":"https:\/\/anopri.com\/index.php?rest_route=%2Fwp%2Fv2%2Fproduct_cat&post=8668"},{"taxonomy":"product_tag","embeddable":true,"href":"https:\/\/anopri.com\/index.php?rest_route=%2Fwp%2Fv2%2Fproduct_tag&post=8668"},{"taxonomy":"product_brands","embeddable":true,"href":"https:\/\/anopri.com\/index.php?rest_route=%2Fwp%2Fv2%2Fproduct_brands&post=8668"}],"curies":[{"name":"wp","href":"https:\/\/api.w.org\/{rel}","templated":true}]}}