{"id":8667,"date":"2026-04-25T13:05:06","date_gmt":"2026-04-25T13:05:06","guid":{"rendered":"https:\/\/anopri.com\/?post_type=product&#038;p=8667"},"modified":"2026-04-25T13:05:10","modified_gmt":"2026-04-25T13:05:10","slug":"refrigerateur-combine-oscar-204-litres-d227","status":"publish","type":"product","link":"https:\/\/anopri.com\/?product=refrigerateur-combine-oscar-204-litres-d227","title":{"rendered":"R\u00e9frig\u00e9rateur Combin\u00e9 Oscar -204 Litres &#8211; D227"},"content":{"rendered":"<ul>\n<li>Type de produit: R\u00c9FRIG\u00c9RATEUR COMBIN\u00c9<\/li>\n<li>Marque: OSCAR<\/li>\n<li>Mod\u00e8le: OSC-D227<\/li>\n<li>Capacit\u00e9: 204 L<\/li>\n<li>Consommation annuelle: 227 KWh\/an<\/li>\n<li>Dimension lx L x H: 54x 54 x 160 cm<\/li>\n<li>Distributeur d&#8217;eau: non<\/li>\n<li>Tension d&#8217;alimentation: 220-240V\/ 50 Hz<\/li>\n<li>Puissance des lampe: 1.8 w<\/li>\n<li>R\u00e9frig\u00e9rant: R600a(70g)<\/li>\n<li>Garantie: 12 mois<\/li>\n<\/ul>\n","protected":false},"excerpt":{"rendered":"<p>Type de produit: R\u00c9FRIG\u00c9RATEUR COMBIN\u00c9 Marque: OSCAR Mod\u00e8le: OSC-D227 Capacit\u00e9: 204 L Consommation annuelle: 227 KWh\/an Dimension lx L x H: 54x 54 x 160 cm Distributeur d&#8217;eau: non Tension d&#8217;alimentation: 220-240V\/ 50 Hz Puissance des lampe: 1.8 w R\u00e9frig\u00e9rant: R600a(70g) Garantie: 12 mois<\/p>\n","protected":false},"featured_media":7079,"comment_status":"closed","ping_status":"closed","template":"","meta":{"_bst_post_transparent":"","_bst_post_title":"","_bst_post_layout":"","_bst_post_sidebar_id":"","_bst_post_content_style":"","_bst_post_vertical_padding":"","_bst_post_feature":"","_bst_post_feature_position":"","_bst_post_header":false,"_bst_post_footer":false},"product_brand":[],"product_cat":[157],"product_tag":[],"product_brands":[],"class_list":{"0":"post-8667","1":"product","2":"type-product","3":"status-publish","4":"has-post-thumbnail","6":"product_cat-refrigerateur","8":"first","9":"instock","10":"purchasable","11":"product-type-simple","12":"entry","13":"content-bg","14":"loop-entry"},"_links":{"self":[{"href":"https:\/\/anopri.com\/index.php?rest_route=\/wp\/v2\/product\/8667","targetHints":{"allow":["GET"]}}],"collection":[{"href":"https:\/\/anopri.com\/index.php?rest_route=\/wp\/v2\/product"}],"about":[{"href":"https:\/\/anopri.com\/index.php?rest_route=\/wp\/v2\/types\/product"}],"replies":[{"embeddable":true,"href":"https:\/\/anopri.com\/index.php?rest_route=%2Fwp%2Fv2%2Fcomments&post=8667"}],"wp:featuredmedia":[{"embeddable":true,"href":"https:\/\/anopri.com\/index.php?rest_route=\/wp\/v2\/media\/7079"}],"wp:attachment":[{"href":"https:\/\/anopri.com\/index.php?rest_route=%2Fwp%2Fv2%2Fmedia&parent=8667"}],"wp:term":[{"taxonomy":"product_brand","embeddable":true,"href":"https:\/\/anopri.com\/index.php?rest_route=%2Fwp%2Fv2%2Fproduct_brand&post=8667"},{"taxonomy":"product_cat","embeddable":true,"href":"https:\/\/anopri.com\/index.php?rest_route=%2Fwp%2Fv2%2Fproduct_cat&post=8667"},{"taxonomy":"product_tag","embeddable":true,"href":"https:\/\/anopri.com\/index.php?rest_route=%2Fwp%2Fv2%2Fproduct_tag&post=8667"},{"taxonomy":"product_brands","embeddable":true,"href":"https:\/\/anopri.com\/index.php?rest_route=%2Fwp%2Fv2%2Fproduct_brands&post=8667"}],"curies":[{"name":"wp","href":"https:\/\/api.w.org\/{rel}","templated":true}]}}