{"id":8666,"date":"2026-04-25T13:05:06","date_gmt":"2026-04-25T13:05:06","guid":{"rendered":"https:\/\/anopri.com\/?post_type=product&#038;p=8666"},"modified":"2026-04-25T13:05:10","modified_gmt":"2026-04-25T13:05:10","slug":"refrigerateur-combine-oscar-242-litres-osc-d233","status":"publish","type":"product","link":"https:\/\/anopri.com\/?product=refrigerateur-combine-oscar-242-litres-osc-d233","title":{"rendered":"R\u00e9frig\u00e9rateur Combin\u00e9 Oscar &#8211; 242 Litres &#8211; OSC-D233"},"content":{"rendered":"<p><span data-sheets-value=\"{&quot;1&quot;:2,&quot;2&quot;:&quot;Marque : FIABTEC\\n-Mod\u00e8les : FTTMS-595NF\\n-Type de produit : R\u00e9frig\u00e9rateur Grand Model\\n-Nombre de portes : 2\\n-Volume brut \/ Volume net : 410 litres\\n-Classe \u00e9nerg\u00e9tique\/Climatique : A+\/ ST\\n-R\u00e9frig\u00e9rant : R600a ( 70g)\\n-Tension\/Frequency: 220\/240V\\n-Garantie: 6 mois\\n- Current :1.8A\\n- Rated Frequency 50Hz\\n- Net Weight :81kg\\n&quot;}\" data-sheets-userformat=\"{&quot;2&quot;:4224,&quot;10&quot;:2,&quot;15&quot;:&quot;Arial&quot;}\">Vous n&#8217;\u00eates pas au bout de vos surprises, car cet appareil electrom\u00e9nager haut standing vous offre le meilleur. Constitu\u00e9 de 2 portes, , ce\u00a0<strong>r\u00e9frig\u00e9rateur combin\u00e9 Oscar OSC-D233 de bas prix<\/strong>\u00a0vous donne assez d&#8217;espace pour que vous puissiez en profiter pleinement. Avec une\u00a0<strong>capacit\u00e9 de 242 litres<\/strong>, il vous permet de faire d\u00e9sormais des achats en quantit\u00e9 suffisante, ce qui vous permet de gagner en temps et en \u00e9nergie. Constitu\u00e9 de plusieurs bacs et \u00e9tages de rangement, ce r\u00e9frig\u00e9rateur vous permet de Conservez vos p\u00e9rissables d\u00e9licats tels que la viande, le poisson ou les l\u00e9gumes dans la partie cong\u00e9lateur et les produits de premi\u00e8re n\u00e9ccessit\u00e9 dans la partie refrig\u00e9rateur.<\/span><\/p>\n","protected":false},"excerpt":{"rendered":"<ul>\n<li><span data-sheets-value=\"{&quot;1&quot;:2,&quot;2&quot;:&quot;-Marque : Oscar\\n-Mod\u00e8les : OSC-D233\\n-Type de produit : R\u00e9frig\u00e9rateur \\n-Nombre de portes :2\\n-Volume brut \/ Volume net  : 242L\\n-Classe \u00e9nerg\u00e9tique\/Climatique : A+\\n-R\u00e9frig\u00e9rant : R600a (80g)\\n-Tension: 220\/240Hz\\n- Frequency :50Hz\\n-Garantie: 6mois\\nLamp Power : 95W\\n- Net poids:52kg\\n- Current ; 0.6A&quot;}\" data-sheets-userformat=\"{&quot;2&quot;:4226,&quot;4&quot;:{&quot;1&quot;:2,&quot;2&quot;:16750848},&quot;10&quot;:2,&quot;15&quot;:&quot;Arial&quot;}\"><strong>Marque :<\/strong>\u00a0Oscar<\/span><\/li>\n<li><span data-sheets-value=\"{&quot;1&quot;:2,&quot;2&quot;:&quot;-Marque : Oscar\\n-Mod\u00e8les : OSC-D233\\n-Type de produit : R\u00e9frig\u00e9rateur \\n-Nombre de portes :2\\n-Volume brut \/ Volume net  : 242L\\n-Classe \u00e9nerg\u00e9tique\/Climatique : A+\\n-R\u00e9frig\u00e9rant : R600a (80g)\\n-Tension: 220\/240Hz\\n- Frequency :50Hz\\n-Garantie: 6mois\\nLamp Power : 95W\\n- Net poids:52kg\\n- Current ; 0.6A&quot;}\" data-sheets-userformat=\"{&quot;2&quot;:4226,&quot;4&quot;:{&quot;1&quot;:2,&quot;2&quot;:16750848},&quot;10&quot;:2,&quot;15&quot;:&quot;Arial&quot;}\"><strong>Mod\u00e8les :<\/strong>\u00a0OSC-D233<\/span><\/li>\n<li><span data-sheets-value=\"{&quot;1&quot;:2,&quot;2&quot;:&quot;-Marque : Oscar\\n-Mod\u00e8les : OSC-D233\\n-Type de produit : R\u00e9frig\u00e9rateur \\n-Nombre de portes :2\\n-Volume brut \/ Volume net  : 242L\\n-Classe \u00e9nerg\u00e9tique\/Climatique : A+\\n-R\u00e9frig\u00e9rant : R600a (80g)\\n-Tension: 220\/240Hz\\n- Frequency :50Hz\\n-Garantie: 6mois\\nLamp Power : 95W\\n- Net poids:52kg\\n- Current ; 0.6A&quot;}\" data-sheets-userformat=\"{&quot;2&quot;:4226,&quot;4&quot;:{&quot;1&quot;:2,&quot;2&quot;:16750848},&quot;10&quot;:2,&quot;15&quot;:&quot;Arial&quot;}\"><strong>Type de produit :<\/strong>\u00a0R\u00e9frig\u00e9rateur<\/span><\/li>\n<li><span data-sheets-value=\"{&quot;1&quot;:2,&quot;2&quot;:&quot;-Marque : Oscar\\n-Mod\u00e8les : OSC-D233\\n-Type de produit : R\u00e9frig\u00e9rateur \\n-Nombre de portes :2\\n-Volume brut \/ Volume net  : 242L\\n-Classe \u00e9nerg\u00e9tique\/Climatique : A+\\n-R\u00e9frig\u00e9rant : R600a (80g)\\n-Tension: 220\/240Hz\\n- Frequency :50Hz\\n-Garantie: 6mois\\nLamp Power : 95W\\n- Net poids:52kg\\n- Current ; 0.6A&quot;}\" data-sheets-userformat=\"{&quot;2&quot;:4226,&quot;4&quot;:{&quot;1&quot;:2,&quot;2&quot;:16750848},&quot;10&quot;:2,&quot;15&quot;:&quot;Arial&quot;}\"><strong>Nombre de portes :<\/strong>2<br \/>\n<\/span><\/li>\n<li><span data-sheets-value=\"{&quot;1&quot;:2,&quot;2&quot;:&quot;-Marque : Oscar\\n-Mod\u00e8les : OSC-D233\\n-Type de produit : R\u00e9frig\u00e9rateur \\n-Nombre de portes :2\\n-Volume brut \/ Volume net  : 242L\\n-Classe \u00e9nerg\u00e9tique\/Climatique : A+\\n-R\u00e9frig\u00e9rant : R600a (80g)\\n-Tension: 220\/240Hz\\n- Frequency :50Hz\\n-Garantie: 6mois\\nLamp Power : 95W\\n- Net poids:52kg\\n- Current ; 0.6A&quot;}\" data-sheets-userformat=\"{&quot;2&quot;:4226,&quot;4&quot;:{&quot;1&quot;:2,&quot;2&quot;:16750848},&quot;10&quot;:2,&quot;15&quot;:&quot;Arial&quot;}\"><strong>Volume brut \/ Volume net :<\/strong>\u00a0242L<\/span><\/li>\n<li><span data-sheets-value=\"{&quot;1&quot;:2,&quot;2&quot;:&quot;-Marque : Oscar\\n-Mod\u00e8les : OSC-D233\\n-Type de produit : R\u00e9frig\u00e9rateur \\n-Nombre de portes :2\\n-Volume brut \/ Volume net  : 242L\\n-Classe \u00e9nerg\u00e9tique\/Climatique : A+\\n-R\u00e9frig\u00e9rant : R600a (80g)\\n-Tension: 220\/240Hz\\n- Frequency :50Hz\\n-Garantie: 6mois\\nLamp Power : 95W\\n- Net poids:52kg\\n- Current ; 0.6A&quot;}\" data-sheets-userformat=\"{&quot;2&quot;:4226,&quot;4&quot;:{&quot;1&quot;:2,&quot;2&quot;:16750848},&quot;10&quot;:2,&quot;15&quot;:&quot;Arial&quot;}\"><strong>Classe \u00e9nerg\u00e9tique\/Climatique :<\/strong>\u00a0A+<br \/>\n<\/span><\/li>\n<li><span data-sheets-value=\"{&quot;1&quot;:2,&quot;2&quot;:&quot;-Marque : Oscar\\n-Mod\u00e8les : OSC-D233\\n-Type de produit : R\u00e9frig\u00e9rateur \\n-Nombre de portes :2\\n-Volume brut \/ Volume net  : 242L\\n-Classe \u00e9nerg\u00e9tique\/Climatique : A+\\n-R\u00e9frig\u00e9rant : R600a (80g)\\n-Tension: 220\/240Hz\\n- Frequency :50Hz\\n-Garantie: 6mois\\nLamp Power : 95W\\n- Net poids:52kg\\n- Current ; 0.6A&quot;}\" data-sheets-userformat=\"{&quot;2&quot;:4226,&quot;4&quot;:{&quot;1&quot;:2,&quot;2&quot;:16750848},&quot;10&quot;:2,&quot;15&quot;:&quot;Arial&quot;}\"><strong>R\u00e9frig\u00e9rant :<\/strong>\u00a0R600a (80g)<\/span><\/li>\n<li><span data-sheets-value=\"{&quot;1&quot;:2,&quot;2&quot;:&quot;-Marque : Oscar\\n-Mod\u00e8les : OSC-D233\\n-Type de produit : R\u00e9frig\u00e9rateur \\n-Nombre de portes :2\\n-Volume brut \/ Volume net  : 242L\\n-Classe \u00e9nerg\u00e9tique\/Climatique : A+\\n-R\u00e9frig\u00e9rant : R600a (80g)\\n-Tension: 220\/240Hz\\n- Frequency :50Hz\\n-Garantie: 6mois\\nLamp Power : 95W\\n- Net poids:52kg\\n- Current ; 0.6A&quot;}\" data-sheets-userformat=\"{&quot;2&quot;:4226,&quot;4&quot;:{&quot;1&quot;:2,&quot;2&quot;:16750848},&quot;10&quot;:2,&quot;15&quot;:&quot;Arial&quot;}\"><strong>Tension:<\/strong>\u00a0220\/240Hz<br \/>\n<\/span><\/li>\n<li><span data-sheets-value=\"{&quot;1&quot;:2,&quot;2&quot;:&quot;-Marque : Oscar\\n-Mod\u00e8les : OSC-D233\\n-Type de produit : R\u00e9frig\u00e9rateur \\n-Nombre de portes :2\\n-Volume brut \/ Volume net  : 242L\\n-Classe \u00e9nerg\u00e9tique\/Climatique : A+\\n-R\u00e9frig\u00e9rant : R600a (80g)\\n-Tension: 220\/240Hz\\n- Frequency :50Hz\\n-Garantie: 6mois\\nLamp Power : 95W\\n- Net poids:52kg\\n- Current ; 0.6A&quot;}\" data-sheets-userformat=\"{&quot;2&quot;:4226,&quot;4&quot;:{&quot;1&quot;:2,&quot;2&quot;:16750848},&quot;10&quot;:2,&quot;15&quot;:&quot;Arial&quot;}\"><strong>Frequence :<\/strong>50Hz<br \/>\n<\/span><\/li>\n<li><span data-sheets-value=\"{&quot;1&quot;:2,&quot;2&quot;:&quot;-Marque : Oscar\\n-Mod\u00e8les : OSC-D233\\n-Type de produit : R\u00e9frig\u00e9rateur \\n-Nombre de portes :2\\n-Volume brut \/ Volume net  : 242L\\n-Classe \u00e9nerg\u00e9tique\/Climatique : A+\\n-R\u00e9frig\u00e9rant : R600a (80g)\\n-Tension: 220\/240Hz\\n- Frequency :50Hz\\n-Garantie: 6mois\\nLamp Power : 95W\\n- Net poids:52kg\\n- Current ; 0.6A&quot;}\" data-sheets-userformat=\"{&quot;2&quot;:4226,&quot;4&quot;:{&quot;1&quot;:2,&quot;2&quot;:16750848},&quot;10&quot;:2,&quot;15&quot;:&quot;Arial&quot;}\"><strong>Garantie:<\/strong>\u00a06mois<br \/>\n<\/span><\/li>\n<li><span data-sheets-value=\"{&quot;1&quot;:2,&quot;2&quot;:&quot;-Marque : Oscar\\n-Mod\u00e8les : OSC-D233\\n-Type de produit : R\u00e9frig\u00e9rateur \\n-Nombre de portes :2\\n-Volume brut \/ Volume net  : 242L\\n-Classe \u00e9nerg\u00e9tique\/Climatique : A+\\n-R\u00e9frig\u00e9rant : R600a (80g)\\n-Tension: 220\/240Hz\\n- Frequency :50Hz\\n-Garantie: 6mois\\nLamp Power : 95W\\n- Net poids:52kg\\n- Current ; 0.6A&quot;}\" data-sheets-userformat=\"{&quot;2&quot;:4226,&quot;4&quot;:{&quot;1&quot;:2,&quot;2&quot;:16750848},&quot;10&quot;:2,&quot;15&quot;:&quot;Arial&quot;}\"><strong>pouvoir lampe:<\/strong>\u00a095W<br \/>\n<\/span><\/li>\n<li><span data-sheets-value=\"{&quot;1&quot;:2,&quot;2&quot;:&quot;-Marque : Oscar\\n-Mod\u00e8les : OSC-D233\\n-Type de produit : R\u00e9frig\u00e9rateur \\n-Nombre de portes :2\\n-Volume brut \/ Volume net  : 242L\\n-Classe \u00e9nerg\u00e9tique\/Climatique : A+\\n-R\u00e9frig\u00e9rant : R600a (80g)\\n-Tension: 220\/240Hz\\n- Frequency :50Hz\\n-Garantie: 6mois\\nLamp Power : 95W\\n- Net poids:52kg\\n- Current ; 0.6A&quot;}\" data-sheets-userformat=\"{&quot;2&quot;:4226,&quot;4&quot;:{&quot;1&quot;:2,&quot;2&quot;:16750848},&quot;10&quot;:2,&quot;15&quot;:&quot;Arial&quot;}\"><strong>Net poids:<\/strong>\u00a052kg<br \/>\n<\/span><\/li>\n<li><span data-sheets-value=\"{&quot;1&quot;:2,&quot;2&quot;:&quot;-Marque : Oscar\\n-Mod\u00e8les : OSC-D233\\n-Type de produit : R\u00e9frig\u00e9rateur \\n-Nombre de portes :2\\n-Volume brut \/ Volume net  : 242L\\n-Classe \u00e9nerg\u00e9tique\/Climatique : A+\\n-R\u00e9frig\u00e9rant : R600a (80g)\\n-Tension: 220\/240Hz\\n- Frequency :50Hz\\n-Garantie: 6mois\\nLamp Power : 95W\\n- Net poids:52kg\\n- Current ; 0.6A&quot;}\" data-sheets-userformat=\"{&quot;2&quot;:4226,&quot;4&quot;:{&quot;1&quot;:2,&quot;2&quot;:16750848},&quot;10&quot;:2,&quot;15&quot;:&quot;Arial&quot;}\"><strong>Courant:<\/strong>\u00a00.6A<\/span><\/li>\n<li><span data-sheets-value=\"{&quot;1&quot;:2,&quot;2&quot;:&quot;-Marque : Oscar\\n-Mod\u00e8les : OSC-D233\\n-Type de produit : R\u00e9frig\u00e9rateur \\n-Nombre de portes :2\\n-Volume brut \/ Volume net  : 242L\\n-Classe \u00e9nerg\u00e9tique\/Climatique : A+\\n-R\u00e9frig\u00e9rant : R600a (80g)\\n-Tension: 220\/240Hz\\n- Frequency :50Hz\\n-Garantie: 6mois\\nLamp Power : 95W\\n- Net poids:52kg\\n- Current ; 0.6A&quot;}\" data-sheets-userformat=\"{&quot;2&quot;:4226,&quot;4&quot;:{&quot;1&quot;:2,&quot;2&quot;:16750848},&quot;10&quot;:2,&quot;15&quot;:&quot;Arial&quot;}\"><strong>Garantie:<\/strong>\u00a06 mois<\/span><\/li>\n<\/ul>\n","protected":false},"featured_media":7076,"comment_status":"closed","ping_status":"closed","template":"","meta":{"_bst_post_transparent":"","_bst_post_title":"","_bst_post_layout":"","_bst_post_sidebar_id":"","_bst_post_content_style":"","_bst_post_vertical_padding":"","_bst_post_feature":"","_bst_post_feature_position":"","_bst_post_header":false,"_bst_post_footer":false},"product_brand":[],"product_cat":[145,157],"product_tag":[],"product_brands":[],"class_list":{"0":"post-8666","1":"product","2":"type-product","3":"status-publish","4":"has-post-thumbnail","6":"product_cat-electromenager","7":"product_cat-refrigerateur","9":"first","10":"instock","11":"purchasable","12":"product-type-simple","13":"entry","14":"content-bg","15":"loop-entry"},"_links":{"self":[{"href":"https:\/\/anopri.com\/index.php?rest_route=\/wp\/v2\/product\/8666","targetHints":{"allow":["GET"]}}],"collection":[{"href":"https:\/\/anopri.com\/index.php?rest_route=\/wp\/v2\/product"}],"about":[{"href":"https:\/\/anopri.com\/index.php?rest_route=\/wp\/v2\/types\/product"}],"replies":[{"embeddable":true,"href":"https:\/\/anopri.com\/index.php?rest_route=%2Fwp%2Fv2%2Fcomments&post=8666"}],"wp:featuredmedia":[{"embeddable":true,"href":"https:\/\/anopri.com\/index.php?rest_route=\/wp\/v2\/media\/7076"}],"wp:attachment":[{"href":"https:\/\/anopri.com\/index.php?rest_route=%2Fwp%2Fv2%2Fmedia&parent=8666"}],"wp:term":[{"taxonomy":"product_brand","embeddable":true,"href":"https:\/\/anopri.com\/index.php?rest_route=%2Fwp%2Fv2%2Fproduct_brand&post=8666"},{"taxonomy":"product_cat","embeddable":true,"href":"https:\/\/anopri.com\/index.php?rest_route=%2Fwp%2Fv2%2Fproduct_cat&post=8666"},{"taxonomy":"product_tag","embeddable":true,"href":"https:\/\/anopri.com\/index.php?rest_route=%2Fwp%2Fv2%2Fproduct_tag&post=8666"},{"taxonomy":"product_brands","embeddable":true,"href":"https:\/\/anopri.com\/index.php?rest_route=%2Fwp%2Fv2%2Fproduct_brands&post=8666"}],"curies":[{"name":"wp","href":"https:\/\/api.w.org\/{rel}","templated":true}]}}