{"id":8662,"date":"2026-04-25T13:05:05","date_gmt":"2026-04-25T13:05:05","guid":{"rendered":"https:\/\/anopri.com\/?post_type=product&#038;p=8662"},"modified":"2026-04-25T13:05:09","modified_gmt":"2026-04-25T13:05:09","slug":"machine-a-laver-semi-automatique-hisense-wsrb113w-11kg","status":"publish","type":"product","link":"https:\/\/anopri.com\/?product=machine-a-laver-semi-automatique-hisense-wsrb113w-11kg","title":{"rendered":"Machine \u00e0 laver semi &#8211; Automatique Hisense &#8211; WSRB113W &#8211; 11KG"},"content":{"rendered":"<ul>\n<li><span data-sheets-value=\"{&quot;1&quot;:2,&quot;2&quot;:&quot;Marque: Hisense\\nType de produit: Machine \u00e0 laver\\nMod\u00e8le: WSRB113W\\nCapacit\u00e9 (en kg) : 11KG\\nVitesse d'essorage (en tours\/min) : 1200\\nClasse energ\u00e9tique : A+\\nTension nominale: 220-240V\\nFr\u00e9quence nominale: 50 Hz\\nClasse \u00e9nerg\u00e9tique: A\\nGarantie: 6mois&quot;}\" data-sheets-userformat=\"{&quot;2&quot;:4226,&quot;4&quot;:{&quot;1&quot;:2,&quot;2&quot;:16777215},&quot;10&quot;:2,&quot;15&quot;:&quot;Arial&quot;}\"><strong>Marque:<\/strong>\u00a0Hisense<br \/>\n<\/span><\/li>\n<li><span data-sheets-value=\"{&quot;1&quot;:2,&quot;2&quot;:&quot;Marque: Hisense\\nType de produit: Machine \u00e0 laver\\nMod\u00e8le: WSRB113W\\nCapacit\u00e9 (en kg) : 11KG\\nVitesse d'essorage (en tours\/min) : 1200\\nClasse energ\u00e9tique : A+\\nTension nominale: 220-240V\\nFr\u00e9quence nominale: 50 Hz\\nClasse \u00e9nerg\u00e9tique: A\\nGarantie: 6mois&quot;}\" data-sheets-userformat=\"{&quot;2&quot;:4226,&quot;4&quot;:{&quot;1&quot;:2,&quot;2&quot;:16777215},&quot;10&quot;:2,&quot;15&quot;:&quot;Arial&quot;}\"><strong>Type de produit:<\/strong>\u00a0Machine \u00e0 laver<br \/>\n<\/span><\/li>\n<li><span data-sheets-value=\"{&quot;1&quot;:2,&quot;2&quot;:&quot;Marque: Hisense\\nType de produit: Machine \u00e0 laver\\nMod\u00e8le: WSRB113W\\nCapacit\u00e9 (en kg) : 11KG\\nVitesse d'essorage (en tours\/min) : 1200\\nClasse energ\u00e9tique : A+\\nTension nominale: 220-240V\\nFr\u00e9quence nominale: 50 Hz\\nClasse \u00e9nerg\u00e9tique: A\\nGarantie: 6mois&quot;}\" data-sheets-userformat=\"{&quot;2&quot;:4226,&quot;4&quot;:{&quot;1&quot;:2,&quot;2&quot;:16777215},&quot;10&quot;:2,&quot;15&quot;:&quot;Arial&quot;}\"><strong>Mod\u00e8le:<\/strong>\u00a0WSRB113W<br \/>\n<\/span><\/li>\n<li><span data-sheets-value=\"{&quot;1&quot;:2,&quot;2&quot;:&quot;Marque: Hisense\\nType de produit: Machine \u00e0 laver\\nMod\u00e8le: WSRB113W\\nCapacit\u00e9 (en kg) : 11KG\\nVitesse d'essorage (en tours\/min) : 1200\\nClasse energ\u00e9tique : A+\\nTension nominale: 220-240V\\nFr\u00e9quence nominale: 50 Hz\\nClasse \u00e9nerg\u00e9tique: A\\nGarantie: 6mois&quot;}\" data-sheets-userformat=\"{&quot;2&quot;:4226,&quot;4&quot;:{&quot;1&quot;:2,&quot;2&quot;:16777215},&quot;10&quot;:2,&quot;15&quot;:&quot;Arial&quot;}\"><strong>Capacit\u00e9 (en kg) :<\/strong>\u00a011KG<br \/>\n<\/span><\/li>\n<li><span data-sheets-value=\"{&quot;1&quot;:2,&quot;2&quot;:&quot;Marque: Hisense\\nType de produit: Machine \u00e0 laver\\nMod\u00e8le: WSRB113W\\nCapacit\u00e9 (en kg) : 11KG\\nVitesse d'essorage (en tours\/min) : 1200\\nClasse energ\u00e9tique : A+\\nTension nominale: 220-240V\\nFr\u00e9quence nominale: 50 Hz\\nClasse \u00e9nerg\u00e9tique: A\\nGarantie: 6mois&quot;}\" data-sheets-userformat=\"{&quot;2&quot;:4226,&quot;4&quot;:{&quot;1&quot;:2,&quot;2&quot;:16777215},&quot;10&quot;:2,&quot;15&quot;:&quot;Arial&quot;}\"><strong>Vitesse d&#8217;essorage<\/strong>\u00a0(en tours\/min) : 1200<br \/>\n<\/span><\/li>\n<li><span data-sheets-value=\"{&quot;1&quot;:2,&quot;2&quot;:&quot;Marque: Hisense\\nType de produit: Machine \u00e0 laver\\nMod\u00e8le: WSRB113W\\nCapacit\u00e9 (en kg) : 11KG\\nVitesse d'essorage (en tours\/min) : 1200\\nClasse energ\u00e9tique : A+\\nTension nominale: 220-240V\\nFr\u00e9quence nominale: 50 Hz\\nClasse \u00e9nerg\u00e9tique: A\\nGarantie: 6mois&quot;}\" data-sheets-userformat=\"{&quot;2&quot;:4226,&quot;4&quot;:{&quot;1&quot;:2,&quot;2&quot;:16777215},&quot;10&quot;:2,&quot;15&quot;:&quot;Arial&quot;}\"><strong>Classe energ\u00e9tique :<\/strong>\u00a0A+<br \/>\n<\/span><\/li>\n<li><span data-sheets-value=\"{&quot;1&quot;:2,&quot;2&quot;:&quot;Marque: Hisense\\nType de produit: Machine \u00e0 laver\\nMod\u00e8le: WSRB113W\\nCapacit\u00e9 (en kg) : 11KG\\nVitesse d'essorage (en tours\/min) : 1200\\nClasse energ\u00e9tique : A+\\nTension nominale: 220-240V\\nFr\u00e9quence nominale: 50 Hz\\nClasse \u00e9nerg\u00e9tique: A\\nGarantie: 6mois&quot;}\" data-sheets-userformat=\"{&quot;2&quot;:4226,&quot;4&quot;:{&quot;1&quot;:2,&quot;2&quot;:16777215},&quot;10&quot;:2,&quot;15&quot;:&quot;Arial&quot;}\"><strong>Tension nominale:<\/strong>\u00a0220-240V<br \/>\n<\/span><\/li>\n<li><span data-sheets-value=\"{&quot;1&quot;:2,&quot;2&quot;:&quot;Marque: Hisense\\nType de produit: Machine \u00e0 laver\\nMod\u00e8le: WSRB113W\\nCapacit\u00e9 (en kg) : 11KG\\nVitesse d'essorage (en tours\/min) : 1200\\nClasse energ\u00e9tique : A+\\nTension nominale: 220-240V\\nFr\u00e9quence nominale: 50 Hz\\nClasse \u00e9nerg\u00e9tique: A\\nGarantie: 6mois&quot;}\" data-sheets-userformat=\"{&quot;2&quot;:4226,&quot;4&quot;:{&quot;1&quot;:2,&quot;2&quot;:16777215},&quot;10&quot;:2,&quot;15&quot;:&quot;Arial&quot;}\"><strong>Fr\u00e9quence nominale:<\/strong>\u00a050 Hz<br \/>\n<\/span><\/li>\n<li><span data-sheets-value=\"{&quot;1&quot;:2,&quot;2&quot;:&quot;Marque: Hisense\\nType de produit: Machine \u00e0 laver\\nMod\u00e8le: WSRB113W\\nCapacit\u00e9 (en kg) : 11KG\\nVitesse d'essorage (en tours\/min) : 1200\\nClasse energ\u00e9tique : A+\\nTension nominale: 220-240V\\nFr\u00e9quence nominale: 50 Hz\\nClasse \u00e9nerg\u00e9tique: A\\nGarantie: 6mois&quot;}\" data-sheets-userformat=\"{&quot;2&quot;:4226,&quot;4&quot;:{&quot;1&quot;:2,&quot;2&quot;:16777215},&quot;10&quot;:2,&quot;15&quot;:&quot;Arial&quot;}\"><strong>Classe \u00e9nerg\u00e9tique:<\/strong>\u00a0A<br \/>\n<\/span><\/li>\n<li><span data-sheets-value=\"{&quot;1&quot;:2,&quot;2&quot;:&quot;Marque: Hisense\\nType de produit: Machine \u00e0 laver\\nMod\u00e8le: WSRB113W\\nCapacit\u00e9 (en kg) : 11KG\\nVitesse d'essorage (en tours\/min) : 1200\\nClasse energ\u00e9tique : A+\\nTension nominale: 220-240V\\nFr\u00e9quence nominale: 50 Hz\\nClasse \u00e9nerg\u00e9tique: A\\nGarantie: 6mois&quot;}\" data-sheets-userformat=\"{&quot;2&quot;:4226,&quot;4&quot;:{&quot;1&quot;:2,&quot;2&quot;:16777215},&quot;10&quot;:2,&quot;15&quot;:&quot;Arial&quot;}\"><strong>Garantie:<\/strong>\u00a06mois<\/span><\/li>\n<\/ul>\n","protected":false},"excerpt":{"rendered":"<p>Faites le choix d&#8217;une machine \u00e0 laver pouvant vous rendre le quotidien bien plus simple. La\u00a0machine \u00e0 Laver semi-automatique\u00a0Hisense WSRB113W\u00a0est un\u00a0lave linge de qualit\u00e9,\u00a0qui vous permet de prendre soins de vos v\u00eatements de fa\u00e7on \u00e0 vous d\u00e9barrasser impeccablement des t\u00e2ches et salet\u00e9s. Il s&#8217;agit l\u00e0 d&#8217;une machine d&#8217;une\u00a0capacit\u00e9 de 11 Kg\u00a0qui vous donne assez d&#8217;espace pour laver vos v\u00eatements en grande quantit\u00e9. Elle est dot\u00e9 d&#8217;une puissance d&#8217;essorage de\u00a01200\u00a0tours\/min\u00a0et d&#8217;une\u00a0classe \u00e9nerg\u00e9tique A \u00a0r\u00e9duisant au maximum votre utilisation d&#8217;\u00e9nergie.<\/p>\n","protected":false},"featured_media":7066,"comment_status":"closed","ping_status":"closed","template":"","meta":{"_bst_post_transparent":"","_bst_post_title":"","_bst_post_layout":"","_bst_post_sidebar_id":"","_bst_post_content_style":"","_bst_post_vertical_padding":"","_bst_post_feature":"","_bst_post_feature_position":"","_bst_post_header":false,"_bst_post_footer":false},"product_brand":[],"product_cat":[168,167],"product_tag":[],"product_brands":[],"class_list":{"0":"post-8662","1":"product","2":"type-product","3":"status-publish","4":"has-post-thumbnail","6":"product_cat-machine-a-laver","7":"product_cat-machine-a-laver-et-seche-linge","9":"first","10":"instock","11":"purchasable","12":"product-type-simple","13":"entry","14":"content-bg","15":"loop-entry"},"_links":{"self":[{"href":"https:\/\/anopri.com\/index.php?rest_route=\/wp\/v2\/product\/8662","targetHints":{"allow":["GET"]}}],"collection":[{"href":"https:\/\/anopri.com\/index.php?rest_route=\/wp\/v2\/product"}],"about":[{"href":"https:\/\/anopri.com\/index.php?rest_route=\/wp\/v2\/types\/product"}],"replies":[{"embeddable":true,"href":"https:\/\/anopri.com\/index.php?rest_route=%2Fwp%2Fv2%2Fcomments&post=8662"}],"wp:featuredmedia":[{"embeddable":true,"href":"https:\/\/anopri.com\/index.php?rest_route=\/wp\/v2\/media\/7066"}],"wp:attachment":[{"href":"https:\/\/anopri.com\/index.php?rest_route=%2Fwp%2Fv2%2Fmedia&parent=8662"}],"wp:term":[{"taxonomy":"product_brand","embeddable":true,"href":"https:\/\/anopri.com\/index.php?rest_route=%2Fwp%2Fv2%2Fproduct_brand&post=8662"},{"taxonomy":"product_cat","embeddable":true,"href":"https:\/\/anopri.com\/index.php?rest_route=%2Fwp%2Fv2%2Fproduct_cat&post=8662"},{"taxonomy":"product_tag","embeddable":true,"href":"https:\/\/anopri.com\/index.php?rest_route=%2Fwp%2Fv2%2Fproduct_tag&post=8662"},{"taxonomy":"product_brands","embeddable":true,"href":"https:\/\/anopri.com\/index.php?rest_route=%2Fwp%2Fv2%2Fproduct_brands&post=8662"}],"curies":[{"name":"wp","href":"https:\/\/api.w.org\/{rel}","templated":true}]}}