{"id":8660,"date":"2026-04-25T13:05:05","date_gmt":"2026-04-25T13:05:05","guid":{"rendered":"https:\/\/anopri.com\/?post_type=product&#038;p=8660"},"modified":"2026-04-25T13:05:09","modified_gmt":"2026-04-25T13:05:09","slug":"refrigerateur-americain-oscar-osc-fs4-36-298l","status":"publish","type":"product","link":"https:\/\/anopri.com\/?product=refrigerateur-americain-oscar-osc-fs4-36-298l","title":{"rendered":"R\u00e9frig\u00e9rateur Am\u00e9ricain-Oscar -OSC-FS4\/36 298L"},"content":{"rendered":"<ul>\n<li>\n<h4>Marque : OSCAR<\/h4>\n<\/li>\n<li>\n<h4>Mod\u00e8le :DCF450NF<\/h4>\n<\/li>\n<li>\n<h4>Capacit\u00e9 (L): 298 L<\/h4>\n<\/li>\n<li>\n<h4>Tension d&#8217;alimentation: 220-240V\/ 50Hz<\/h4>\n<\/li>\n<li>\n<h4>Consommation annuelle:<\/h4>\n<\/li>\n<li>\n<h4>Classe \u00e9nerg\u00e9tique: A+<\/h4>\n<\/li>\n<li>\n<h4>Dimensions : 75 X 64 X 178 CM<\/h4>\n<\/li>\n<li>\n<h4>Couleur : GRIS<\/h4>\n<\/li>\n<\/ul>\n","protected":false},"excerpt":{"rendered":"<p>Gagnez d\u00e9sormais en temps et en argent en optant pour ce r\u00e9frig\u00e9rateur\u00a0<b>Am\u00e9ricain Oscar\u00a0multi door neuf<\/b>\u00a0assez large pour vous. Vous n&#8217;aurez plus \u00e0 faire votre march\u00e9 tout les jours de peur que vos aliments ne puissent rester frais et en \u00e9tat. Dot\u00e9 d&#8217;une\u00a0<strong>capacit\u00e9 de 298 litres<\/strong>, il vous donne la possibilit\u00e9 de conserver des p\u00e9rissables d\u00e9licat tel que la viande, poisson, l\u00e9gumes et fruits. Gr\u00e2ce \u00e0\u00a0 ses compartiments de rangement, vous pourrez classer vos boissons et produits de premi\u00e8re n\u00e9cessit\u00e9 sans aucun probl\u00e8me.<\/p>\n","protected":false},"featured_media":7058,"comment_status":"closed","ping_status":"closed","template":"","meta":{"_bst_post_transparent":"","_bst_post_title":"","_bst_post_layout":"","_bst_post_sidebar_id":"","_bst_post_content_style":"","_bst_post_vertical_padding":"","_bst_post_feature":"","_bst_post_feature_position":"","_bst_post_header":false,"_bst_post_footer":false},"product_brand":[],"product_cat":[157],"product_tag":[],"product_brands":[],"class_list":{"0":"post-8660","1":"product","2":"type-product","3":"status-publish","4":"has-post-thumbnail","6":"product_cat-refrigerateur","8":"first","9":"instock","10":"purchasable","11":"product-type-simple","12":"entry","13":"content-bg","14":"loop-entry"},"_links":{"self":[{"href":"https:\/\/anopri.com\/index.php?rest_route=\/wp\/v2\/product\/8660","targetHints":{"allow":["GET"]}}],"collection":[{"href":"https:\/\/anopri.com\/index.php?rest_route=\/wp\/v2\/product"}],"about":[{"href":"https:\/\/anopri.com\/index.php?rest_route=\/wp\/v2\/types\/product"}],"replies":[{"embeddable":true,"href":"https:\/\/anopri.com\/index.php?rest_route=%2Fwp%2Fv2%2Fcomments&post=8660"}],"wp:featuredmedia":[{"embeddable":true,"href":"https:\/\/anopri.com\/index.php?rest_route=\/wp\/v2\/media\/7058"}],"wp:attachment":[{"href":"https:\/\/anopri.com\/index.php?rest_route=%2Fwp%2Fv2%2Fmedia&parent=8660"}],"wp:term":[{"taxonomy":"product_brand","embeddable":true,"href":"https:\/\/anopri.com\/index.php?rest_route=%2Fwp%2Fv2%2Fproduct_brand&post=8660"},{"taxonomy":"product_cat","embeddable":true,"href":"https:\/\/anopri.com\/index.php?rest_route=%2Fwp%2Fv2%2Fproduct_cat&post=8660"},{"taxonomy":"product_tag","embeddable":true,"href":"https:\/\/anopri.com\/index.php?rest_route=%2Fwp%2Fv2%2Fproduct_tag&post=8660"},{"taxonomy":"product_brands","embeddable":true,"href":"https:\/\/anopri.com\/index.php?rest_route=%2Fwp%2Fv2%2Fproduct_brands&post=8660"}],"curies":[{"name":"wp","href":"https:\/\/api.w.org\/{rel}","templated":true}]}}