{"id":8656,"date":"2026-04-25T13:05:05","date_gmt":"2026-04-25T13:05:05","guid":{"rendered":"https:\/\/anopri.com\/?post_type=product&#038;p=8656"},"modified":"2026-04-25T13:05:08","modified_gmt":"2026-04-25T13:05:08","slug":"congelateur-hisense-his19032002-fc-490-380l-gris","status":"publish","type":"product","link":"https:\/\/anopri.com\/?product=congelateur-hisense-his19032002-fc-490-380l-gris","title":{"rendered":"Cong\u00e9lateur &#8211; Hisense &#8211; HIS19032002- FC &#8211; 490 &#8211; 380L &#8211; Gris"},"content":{"rendered":"<ul>\n<li><strong>Type de produit:\u00a0<\/strong>Cong\u00e9lateur coffre<\/li>\n<li><strong>Marque\u00a0:\u00a0<\/strong>HISENSE<\/li>\n<li><strong>Mod\u00e8le\u00a0:\u00a0<\/strong>FC490<\/li>\n<li><strong>Contenance :\u00a0<\/strong>380L<\/li>\n<li><strong>Classe \u00e9nerg\u00e9tique\u00a0:<\/strong>A<\/li>\n<li><strong>Classe climatique\u00a0:\u00a0<\/strong>ST<\/li>\n<li><strong>Cat\u00e9gorie:<\/strong>\u00a0Gros \u00e9lectrom\u00e9nager<\/li>\n<li><strong>D\u00e9givrage automatique\u00a0:<\/strong>oui<\/li>\n<li><strong>Consommation \u00e9lectrique annuelle:\u00a0<\/strong>234KWh<\/li>\n<li><strong>Type de liquide de refroidissement\u00a0:<\/strong>\u00a0R600A<\/li>\n<li><strong>Nombre de bacs \u00e0 gla\u00e7ons pour le cong\u00e9lateur:\u00a0<\/strong>1<\/li>\n<li><strong>Couleur<\/strong>: Blanc<\/li>\n<li><strong>Garantie:<\/strong>\u00a012 mois<\/li>\n<\/ul>\n","protected":false},"excerpt":{"rendered":"<p>Type de produit:\u00a0Cong\u00e9lateur coffre Marque\u00a0:\u00a0HISENSE Mod\u00e8le\u00a0:\u00a0FC490 Contenance :\u00a0380L Classe \u00e9nerg\u00e9tique\u00a0:A Classe climatique\u00a0:\u00a0ST Cat\u00e9gorie:\u00a0Gros \u00e9lectrom\u00e9nager D\u00e9givrage automatique\u00a0:oui Consommation \u00e9lectrique annuelle:\u00a0234KWh Type de liquide de refroidissement\u00a0:\u00a0R600A Nombre de bacs \u00e0 gla\u00e7ons pour le cong\u00e9lateur:\u00a01 Couleur: Blanc Garantie:\u00a012 mois<\/p>\n","protected":false},"featured_media":7046,"comment_status":"closed","ping_status":"closed","template":"","meta":{"_bst_post_transparent":"","_bst_post_title":"","_bst_post_layout":"","_bst_post_sidebar_id":"","_bst_post_content_style":"","_bst_post_vertical_padding":"","_bst_post_feature":"","_bst_post_feature_position":"","_bst_post_header":false,"_bst_post_footer":false},"product_brand":[],"product_cat":[157],"product_tag":[],"product_brands":[],"class_list":{"0":"post-8656","1":"product","2":"type-product","3":"status-publish","4":"has-post-thumbnail","6":"product_cat-refrigerateur","8":"first","9":"instock","10":"purchasable","11":"product-type-simple","12":"entry","13":"content-bg","14":"loop-entry"},"_links":{"self":[{"href":"https:\/\/anopri.com\/index.php?rest_route=\/wp\/v2\/product\/8656","targetHints":{"allow":["GET"]}}],"collection":[{"href":"https:\/\/anopri.com\/index.php?rest_route=\/wp\/v2\/product"}],"about":[{"href":"https:\/\/anopri.com\/index.php?rest_route=\/wp\/v2\/types\/product"}],"replies":[{"embeddable":true,"href":"https:\/\/anopri.com\/index.php?rest_route=%2Fwp%2Fv2%2Fcomments&post=8656"}],"wp:featuredmedia":[{"embeddable":true,"href":"https:\/\/anopri.com\/index.php?rest_route=\/wp\/v2\/media\/7046"}],"wp:attachment":[{"href":"https:\/\/anopri.com\/index.php?rest_route=%2Fwp%2Fv2%2Fmedia&parent=8656"}],"wp:term":[{"taxonomy":"product_brand","embeddable":true,"href":"https:\/\/anopri.com\/index.php?rest_route=%2Fwp%2Fv2%2Fproduct_brand&post=8656"},{"taxonomy":"product_cat","embeddable":true,"href":"https:\/\/anopri.com\/index.php?rest_route=%2Fwp%2Fv2%2Fproduct_cat&post=8656"},{"taxonomy":"product_tag","embeddable":true,"href":"https:\/\/anopri.com\/index.php?rest_route=%2Fwp%2Fv2%2Fproduct_tag&post=8656"},{"taxonomy":"product_brands","embeddable":true,"href":"https:\/\/anopri.com\/index.php?rest_route=%2Fwp%2Fv2%2Fproduct_brands&post=8656"}],"curies":[{"name":"wp","href":"https:\/\/api.w.org\/{rel}","templated":true}]}}