{"id":8648,"date":"2026-04-25T13:04:57","date_gmt":"2026-04-25T13:04:57","guid":{"rendered":"https:\/\/anopri.com\/?post_type=product&#038;p=8648"},"modified":"2026-04-25T13:05:03","modified_gmt":"2026-04-25T13:05:03","slug":"pese-personne-capacite-130kg","status":"publish","type":"product","link":"https:\/\/anopri.com\/?product=pese-personne-capacite-130kg","title":{"rendered":"P\u00e8se Personne \u2013 Capacit\u00e9 130Kg"},"content":{"rendered":"<p>Le verre \u00e9pais de cette balance est pratiquement incassable avec une utilisation normale (pour un poids humain jusqu&#8217;\u00e0 400 lb), ce qui assure une longue dur\u00e9e de vie et lui donne \u00e9galement un aspect attrayant.<\/p>\n<p>Une autre caract\u00e9ristique intelligente de cette balance num\u00e9rique est sa mise sous tension automatique et son arr\u00eat automatique.\u00a0Une simple tape sur le verre avec votre pied d\u00e9marre et une fois la pes\u00e9e termin\u00e9e, vous descendez et la machine s&#8217;\u00e9teint ;\u00a0il \u00e9conomise la batterie et ajoute de la valeur \u00e0 ses caract\u00e9ristiques techniques avanc\u00e9es. La machine dispose d&#8217;un grand \u00e9cran LCD num\u00e9rique qui rend la lecture facile et pratique.<\/p>\n","protected":false},"excerpt":{"rendered":"<p>Le verre \u00e9pais de cette balance est pratiquement incassable avec une utilisation normale (pour un poids humain jusqu&#8217;\u00e0 400 lb), ce qui assure une longue dur\u00e9e de vie et lui donne \u00e9galement un aspect attrayant. Une autre caract\u00e9ristique intelligente de cette balance num\u00e9rique est sa mise sous tension automatique et son arr\u00eat automatique.\u00a0Une simple tape&#8230;<\/p>\n","protected":false},"featured_media":7020,"comment_status":"closed","ping_status":"closed","template":"","meta":{"_bst_post_transparent":"","_bst_post_title":"","_bst_post_layout":"","_bst_post_sidebar_id":"","_bst_post_content_style":"","_bst_post_vertical_padding":"","_bst_post_feature":"","_bst_post_feature_position":"","_bst_post_header":false,"_bst_post_footer":false},"product_brand":[],"product_cat":[171],"product_tag":[],"product_brands":[],"class_list":{"0":"post-8648","1":"product","2":"type-product","3":"status-publish","4":"has-post-thumbnail","6":"product_cat-balance","8":"first","9":"instock","10":"purchasable","11":"product-type-simple","12":"entry","13":"content-bg","14":"loop-entry"},"_links":{"self":[{"href":"https:\/\/anopri.com\/index.php?rest_route=\/wp\/v2\/product\/8648","targetHints":{"allow":["GET"]}}],"collection":[{"href":"https:\/\/anopri.com\/index.php?rest_route=\/wp\/v2\/product"}],"about":[{"href":"https:\/\/anopri.com\/index.php?rest_route=\/wp\/v2\/types\/product"}],"replies":[{"embeddable":true,"href":"https:\/\/anopri.com\/index.php?rest_route=%2Fwp%2Fv2%2Fcomments&post=8648"}],"wp:featuredmedia":[{"embeddable":true,"href":"https:\/\/anopri.com\/index.php?rest_route=\/wp\/v2\/media\/7020"}],"wp:attachment":[{"href":"https:\/\/anopri.com\/index.php?rest_route=%2Fwp%2Fv2%2Fmedia&parent=8648"}],"wp:term":[{"taxonomy":"product_brand","embeddable":true,"href":"https:\/\/anopri.com\/index.php?rest_route=%2Fwp%2Fv2%2Fproduct_brand&post=8648"},{"taxonomy":"product_cat","embeddable":true,"href":"https:\/\/anopri.com\/index.php?rest_route=%2Fwp%2Fv2%2Fproduct_cat&post=8648"},{"taxonomy":"product_tag","embeddable":true,"href":"https:\/\/anopri.com\/index.php?rest_route=%2Fwp%2Fv2%2Fproduct_tag&post=8648"},{"taxonomy":"product_brands","embeddable":true,"href":"https:\/\/anopri.com\/index.php?rest_route=%2Fwp%2Fv2%2Fproduct_brands&post=8648"}],"curies":[{"name":"wp","href":"https:\/\/api.w.org\/{rel}","templated":true}]}}