{"id":8646,"date":"2026-04-25T13:04:57","date_gmt":"2026-04-25T13:04:57","guid":{"rendered":"https:\/\/anopri.com\/?post_type=product&#038;p=8646"},"modified":"2026-04-25T13:05:02","modified_gmt":"2026-04-25T13:05:02","slug":"pese-personne-medisana-bs-416-connect","status":"publish","type":"product","link":"https:\/\/anopri.com\/?product=pese-personne-medisana-bs-416-connect","title":{"rendered":"P\u00e8se Personne Medisana BS 416 Connect"},"content":{"rendered":"","protected":false},"excerpt":{"rendered":"<p>Plus d&#8217;informations sur votre \u00e9tat de sant\u00e9 g\u00e9n\u00e9ral\u00a0?\u00a0Avec la s\u00e9rie Connect, vous pouvez garder le doigt sur le pouls et mesurer plus que votre poids corporel.\u00a0Vous pouvez facilement et rapidement suivre l&#8217;\u00e9volution des mesures via l&#8217;application Vitadock et Vitadock Online.\u00a0Pour vous garder motiv\u00e9 \u00e0 tirer le meilleur de vous-m\u00eame et \u00e0 obtenir les meilleurs r\u00e9sultats, vous recevrez un joli cadeau avec votre achat ;\u00a0Le livre exclusif de Faya Lourens, Le Guide de la Motivation !<\/p>\n<p>En plus de votre poids, le BS 416 mesure \u00e9galement votre masse grasse et liquide corporelle, ainsi que votre masse osseuse et musculaire.\u00a0Ce multim\u00e8tre donne une meilleure image globale de votre sant\u00e9.\u00a0Un excellent outil pour mesurer vos progr\u00e8s lors d&#8217;un nouveau r\u00e9gime, d&#8217;un plan d&#8217;entra\u00eenement ou lorsque vous d\u00e9butez un nouveau sport.\u00a0Lorsque vos r\u00e9sultats sont visibles, vous gardez votre motivation.\u00a0Vous verrez que l&#8217;effet sur une plus longue p\u00e9riode ne doit pas seulement \u00eatre une perte de poids, mais a par exemple un effet b\u00e9n\u00e9fique sur le rapport muscle-graisse de votre corps.<\/p>\n<p>Les mesures sont facilement et rapidement enregistr\u00e9es lorsque vous connectez la balance \u00e0 votre smartphone (Android &amp; iOS).\u00a0De cette fa\u00e7on, vous profitez des avantages offerts par l&#8217;application VitaDock , tels que :<\/p>\n<ul>\n<li>Graphiques sur vos p\u00e9riodes choisies de poids, pourcentage de graisse, masse musculaire, etc.<\/li>\n<li>Notes personnelles sur les nouvelles phases ou pics\u00a0;<\/li>\n<li>Conseils de motivation sur le chemin de votre objectif de poids\u00a0;<\/li>\n<li>Comparaisons entre votre poids et votre tension art\u00e9rielle*.<\/li>\n<\/ul>\n<p>Vous n&#8217;avez pas besoin de l&#8217;appairer avec votre smartphone \u00e0 chaque pes\u00e9e : le BS 416 peut stocker jusqu&#8217;\u00e0 30 mesures avant que les donn\u00e9es ne soient \u00e0 nouveau transf\u00e9r\u00e9es vers l&#8217;application VitaDock .<\/p>\n<p>En tant que sp\u00e9cialiste num\u00e9ro 1 des balances au Benelux, nous avons \u00e9galement \u00e9quip\u00e9 ce mod\u00e8le de la fonction pratique &#8216;step-on&#8217;, de l&#8217;arr\u00eat automatique et il peut peser jusqu&#8217;\u00e0 180 kg.<\/p>\n","protected":false},"featured_media":7013,"comment_status":"closed","ping_status":"closed","template":"","meta":{"_bst_post_transparent":"","_bst_post_title":"","_bst_post_layout":"","_bst_post_sidebar_id":"","_bst_post_content_style":"","_bst_post_vertical_padding":"","_bst_post_feature":"","_bst_post_feature_position":"","_bst_post_header":false,"_bst_post_footer":false},"product_brand":[],"product_cat":[171,142],"product_tag":[],"product_brands":[],"class_list":{"0":"post-8646","1":"product","2":"type-product","3":"status-publish","4":"has-post-thumbnail","6":"product_cat-balance","7":"product_cat-electronique","9":"first","10":"instock","11":"purchasable","12":"product-type-simple","13":"entry","14":"content-bg","15":"loop-entry"},"_links":{"self":[{"href":"https:\/\/anopri.com\/index.php?rest_route=\/wp\/v2\/product\/8646","targetHints":{"allow":["GET"]}}],"collection":[{"href":"https:\/\/anopri.com\/index.php?rest_route=\/wp\/v2\/product"}],"about":[{"href":"https:\/\/anopri.com\/index.php?rest_route=\/wp\/v2\/types\/product"}],"replies":[{"embeddable":true,"href":"https:\/\/anopri.com\/index.php?rest_route=%2Fwp%2Fv2%2Fcomments&post=8646"}],"wp:featuredmedia":[{"embeddable":true,"href":"https:\/\/anopri.com\/index.php?rest_route=\/wp\/v2\/media\/7013"}],"wp:attachment":[{"href":"https:\/\/anopri.com\/index.php?rest_route=%2Fwp%2Fv2%2Fmedia&parent=8646"}],"wp:term":[{"taxonomy":"product_brand","embeddable":true,"href":"https:\/\/anopri.com\/index.php?rest_route=%2Fwp%2Fv2%2Fproduct_brand&post=8646"},{"taxonomy":"product_cat","embeddable":true,"href":"https:\/\/anopri.com\/index.php?rest_route=%2Fwp%2Fv2%2Fproduct_cat&post=8646"},{"taxonomy":"product_tag","embeddable":true,"href":"https:\/\/anopri.com\/index.php?rest_route=%2Fwp%2Fv2%2Fproduct_tag&post=8646"},{"taxonomy":"product_brands","embeddable":true,"href":"https:\/\/anopri.com\/index.php?rest_route=%2Fwp%2Fv2%2Fproduct_brands&post=8646"}],"curies":[{"name":"wp","href":"https:\/\/api.w.org\/{rel}","templated":true}]}}