{"id":8645,"date":"2026-04-25T13:04:57","date_gmt":"2026-04-25T13:04:57","guid":{"rendered":"https:\/\/anopri.com\/?post_type=product&#038;p=8645"},"modified":"2026-04-25T13:05:02","modified_gmt":"2026-04-25T13:05:02","slug":"pese-personne-salter-sa-9154-bk3r","status":"publish","type":"product","link":"https:\/\/anopri.com\/?product=pese-personne-salter-sa-9154-bk3r","title":{"rendered":"P\u00c8SE-PERSONNE SALTER SA 9154 BK3R"},"content":{"rendered":"<ul>\n<li>Ce\u00a0<strong>Salter SA 9154 BK3R<\/strong>\u00a0est plus qu\u2019un simple p\u00e8se-personne. Connectez-le \u00e0 un smartphone via\u00a0<strong>Bluetooth 4.0<\/strong>\u00a0et suivez vos r\u00e9sultats via l\u2019application gratuite <strong>MiBody<\/strong>.<\/li>\n<li><strong>Diff\u00e9rentes fonctionnalit\u00e9s<\/strong>\u00a0: Le Salter SA 9154 BK3R mesure votre poids, le taux de graisse corporelle, le taux d\u2019eau corporelle, la masse musculaire et l\u2019IMC.<\/li>\n<li><strong>\u00c9cran LCD<\/strong>\u00a0: Lisez vos r\u00e9sultats facilement sur l\u2019\u00e9cran LCD.<\/li>\n<li><strong>Fonction m\u00e9moire<\/strong>\u00a0: Le Salter SA 9154 BK3R retient les r\u00e9sultats des pes\u00e9es pr\u00e9c\u00e9dentes, et ce pour quatre personnes. Id\u00e9al pour toute la famille.<\/li>\n<\/ul>\n","protected":false},"excerpt":{"rendered":"<ul>\n<li>Ce\u00a0<strong>Salter SA 9154 BK3R<\/strong>\u00a0est plus qu\u2019un simple p\u00e8se-personne. Connectez-le \u00e0 un smartphone via\u00a0<strong>Bluetooth 4.0<\/strong>\u00a0et suivez vos r\u00e9sultats via l\u2019application gratuite <strong>MiBody<\/strong>.<\/li>\n<li><strong>Diff\u00e9rentes fonctionnalit\u00e9s<\/strong>\u00a0: Le Salter SA 9154 BK3R mesure votre poids, le taux de graisse corporelle, le taux d\u2019eau corporelle, la masse musculaire et l\u2019IMC.<\/li>\n<li><strong>\u00c9cran LCD<\/strong>\u00a0: Lisez vos r\u00e9sultats facilement sur l\u2019\u00e9cran LCD.<\/li>\n<li><strong>Fonction m\u00e9moire<\/strong>\u00a0: Le Salter SA 9154 BK3R retient les r\u00e9sultats des pes\u00e9es pr\u00e9c\u00e9dentes, et ce pour quatre personnes. Id\u00e9al pour toute la famille.<\/li>\n<\/ul>\n","protected":false},"featured_media":7009,"comment_status":"closed","ping_status":"closed","template":"","meta":{"_bst_post_transparent":"","_bst_post_title":"","_bst_post_layout":"","_bst_post_sidebar_id":"","_bst_post_content_style":"","_bst_post_vertical_padding":"","_bst_post_feature":"","_bst_post_feature_position":"","_bst_post_header":false,"_bst_post_footer":false},"product_brand":[],"product_cat":[171],"product_tag":[],"product_brands":[],"class_list":{"0":"post-8645","1":"product","2":"type-product","3":"status-publish","4":"has-post-thumbnail","6":"product_cat-balance","8":"first","9":"instock","10":"purchasable","11":"product-type-simple","12":"entry","13":"content-bg","14":"loop-entry"},"_links":{"self":[{"href":"https:\/\/anopri.com\/index.php?rest_route=\/wp\/v2\/product\/8645","targetHints":{"allow":["GET"]}}],"collection":[{"href":"https:\/\/anopri.com\/index.php?rest_route=\/wp\/v2\/product"}],"about":[{"href":"https:\/\/anopri.com\/index.php?rest_route=\/wp\/v2\/types\/product"}],"replies":[{"embeddable":true,"href":"https:\/\/anopri.com\/index.php?rest_route=%2Fwp%2Fv2%2Fcomments&post=8645"}],"wp:featuredmedia":[{"embeddable":true,"href":"https:\/\/anopri.com\/index.php?rest_route=\/wp\/v2\/media\/7009"}],"wp:attachment":[{"href":"https:\/\/anopri.com\/index.php?rest_route=%2Fwp%2Fv2%2Fmedia&parent=8645"}],"wp:term":[{"taxonomy":"product_brand","embeddable":true,"href":"https:\/\/anopri.com\/index.php?rest_route=%2Fwp%2Fv2%2Fproduct_brand&post=8645"},{"taxonomy":"product_cat","embeddable":true,"href":"https:\/\/anopri.com\/index.php?rest_route=%2Fwp%2Fv2%2Fproduct_cat&post=8645"},{"taxonomy":"product_tag","embeddable":true,"href":"https:\/\/anopri.com\/index.php?rest_route=%2Fwp%2Fv2%2Fproduct_tag&post=8645"},{"taxonomy":"product_brands","embeddable":true,"href":"https:\/\/anopri.com\/index.php?rest_route=%2Fwp%2Fv2%2Fproduct_brands&post=8645"}],"curies":[{"name":"wp","href":"https:\/\/api.w.org\/{rel}","templated":true}]}}