{"id":8644,"date":"2026-04-25T13:04:57","date_gmt":"2026-04-25T13:04:57","guid":{"rendered":"https:\/\/anopri.com\/?post_type=product&#038;p=8644"},"modified":"2026-04-25T13:05:02","modified_gmt":"2026-04-25T13:05:02","slug":"mixeur-royaltronic-moulin-cafe-inox-avec-bol-verre","status":"publish","type":"product","link":"https:\/\/anopri.com\/?product=mixeur-royaltronic-moulin-cafe-inox-avec-bol-verre","title":{"rendered":"MIXEUR ROYALTRONIC  + Moulin caf\u00e9 &#8211; Inox avec Bol Verre"},"content":{"rendered":"<h1><strong>Blender Mixeur Royaltronic\u00a0 avec deux bols en verre de 1200 Watts pour un m\u00e9lange parfait.\u00a0<\/strong><\/h1>\n<p><strong>Blender Mixeur\u00a0<\/strong>est un appareil \u00e9lectrom\u00e9nager de petite taille qui permet de m\u00e9langer vos fruits enfin d&#8217;obtenir des smoothies, des soupes et une texture parfaite. Ce\u00a0<strong>m\u00e9langeur \u00e9lectrique<\/strong>\u00a0embarque un moteur puissant de 1200 watts, un bol en verre de 1,5 litre et des lames en acier inoxydable.<\/p>\n<h2><strong>Un moteur puissant de 1200 Watts<\/strong><\/h2>\n<p><strong>Le blender-mixeur Royaltronic\u00a0<\/strong>renferme une puissance de<strong>\u00a01200 Watts<\/strong>\u00a0qui vous permet de m\u00e9langer efficacement vos vos aliments enfin d&#8217;obtenir un r\u00e9sultat parfait au niveau de la texture. \u00a0Ce<strong>\u00a0mixeur 2 en 1\u00a0<\/strong>poss\u00e8de\u00a0<strong>3 vitesses<\/strong>\u00a0que vous pouvez r\u00e9gler selon votre choix en fonction de la texture souhait\u00e9e.<\/p>\n<h2><strong>Un bol en verre de 1,5 litre<\/strong><\/h2>\n<p><b>Mixeur Royaltronic pas cher\u00a0<\/b>dispose de deux bol. Un grand bol en verre d&#8217;une contenance de\u00a0<strong>1,5 litre<\/strong>\u00a0et un petit bol (moulin \u00e0 caf\u00e9). Le<strong>\u00a0bol en verre<\/strong> \u00a0<strong>1,5l<\/strong>\u00a0\u00e9crase tous les aliments qui sont mouill\u00e9s ( tomates, condiments etc&#8230;) avec pr\u00e9cision et rapidement. De plus, le moulin \u00e0 caf\u00e9 quant \u00e0 lui\u00a0 m\u00e9lange tous les aliments sec ( poivre blanc, caf\u00e9, etc&#8230;). Avec cet\u00a0<strong>ensemble de blendeur -mixeur Royaltronic<\/strong>\u00a0cuisinez devient un r\u00e9el plaisir.<\/p>\n<h2><strong>Des lames en acier inoxydable<\/strong><\/h2>\n<p>IL renferme<strong>\u00a0trois lames<\/strong>\u00a0de qualit\u00e9 qui permet d&#8217;\u00e9craser avec pr\u00e9cision et d\u00e9tails vos aliments. La mati\u00e8re de ses lames est\u00a0<strong>acier inoxydable<\/strong>. La conception de\u00a0<strong>ses lames<\/strong>\u00a0donne \u00e0 votre blender un m\u00e9lange parfait de la texture peu importe les aliments. Ses\u00a0<strong>lames en acier<\/strong> facilite la progression de la rouille et vous assure une durabilit\u00e9 \u00e0 long terme.<\/p>\n","protected":false},"excerpt":{"rendered":"<h2><strong>Caract\u00e9ristiques\u00a0du produit :\u00a0<\/strong><\/h2>\n<p>&nbsp;<\/p>\n<ul>\n<li><span data-sheets-value=\"{&quot;1&quot;:2,&quot;2&quot;:&quot;Marque: SOKANY ( SOKANY )\\n\\nMat\u00e9riel: Plastique de qualit\u00e9 alimentaire\\n\\nCouleur: Noir\\n\\nEngins: 3\\n\\nTension: 220 240V\\n\\nCapacit\u00e9: 1.5 L\\n\\nPouvoir: 600w&quot;}\" data-sheets-userformat=\"{&quot;2&quot;:4737,&quot;3&quot;:{&quot;1&quot;:0},&quot;10&quot;:2,&quot;12&quot;:0,&quot;15&quot;:&quot;Arial&quot;}\"><strong>Type de produit :<\/strong>\u00a0Blender mixeur\u00a0<\/span><\/li>\n<li><span data-sheets-value=\"{&quot;1&quot;:2,&quot;2&quot;:&quot;Marque: SOKANY ( SOKANY )\\n\\nMat\u00e9riel: Plastique de qualit\u00e9 alimentaire\\n\\nCouleur: Noir\\n\\nEngins: 3\\n\\nTension: 220 240V\\n\\nCapacit\u00e9: 1.5 L\\n\\nPouvoir: 600w&quot;}\" data-sheets-userformat=\"{&quot;2&quot;:4737,&quot;3&quot;:{&quot;1&quot;:0},&quot;10&quot;:2,&quot;12&quot;:0,&quot;15&quot;:&quot;Arial&quot;}\"><strong>Marque:<\/strong>\u00a0Royaltronic<br \/>\n<\/span><\/li>\n<li><span data-sheets-value=\"{&quot;1&quot;:2,&quot;2&quot;:&quot;Marque: SOKANY ( SOKANY )\\n\\nMat\u00e9riel: Plastique de qualit\u00e9 alimentaire\\n\\nCouleur: Noir\\n\\nEngins: 3\\n\\nTension: 220 240V\\n\\nCapacit\u00e9: 1.5 L\\n\\nPouvoir: 600w&quot;}\" data-sheets-userformat=\"{&quot;2&quot;:4737,&quot;3&quot;:{&quot;1&quot;:0},&quot;10&quot;:2,&quot;12&quot;:0,&quot;15&quot;:&quot;Arial&quot;}\"><strong>Mat\u00e9riel:<\/strong> Verre<\/span><span data-sheets-value=\"{&quot;1&quot;:2,&quot;2&quot;:&quot;Marque: SOKANY ( SOKANY )\\n\\nMat\u00e9riel: Plastique de qualit\u00e9 alimentaire\\n\\nCouleur: Noir\\n\\nEngins: 3\\n\\nTension: 220 240V\\n\\nCapacit\u00e9: 1.5 L\\n\\nPouvoir: 600w&quot;}\" data-sheets-userformat=\"{&quot;2&quot;:4737,&quot;3&quot;:{&quot;1&quot;:0},&quot;10&quot;:2,&quot;12&quot;:0,&quot;15&quot;:&quot;Arial&quot;}\"><br \/>\n<\/span><\/li>\n<li><span data-sheets-value=\"{&quot;1&quot;:2,&quot;2&quot;:&quot;Marque: SOKANY ( SOKANY )\\n\\nMat\u00e9riel: Plastique de qualit\u00e9 alimentaire\\n\\nCouleur: Noir\\n\\nEngins: 3\\n\\nTension: 220 240V\\n\\nCapacit\u00e9: 1.5 L\\n\\nPouvoir: 600w&quot;}\" data-sheets-userformat=\"{&quot;2&quot;:4737,&quot;3&quot;:{&quot;1&quot;:0},&quot;10&quot;:2,&quot;12&quot;:0,&quot;15&quot;:&quot;Arial&quot;}\"><strong>Lames :<\/strong>\u00a03<br \/>\n<\/span><\/li>\n<li><span data-sheets-value=\"{&quot;1&quot;:2,&quot;2&quot;:&quot;Marque: SOKANY ( SOKANY )\\n\\nMat\u00e9riel: Plastique de qualit\u00e9 alimentaire\\n\\nCouleur: Noir\\n\\nEngins: 3\\n\\nTension: 220 240V\\n\\nCapacit\u00e9: 1.5 L\\n\\nPouvoir: 600w&quot;}\" data-sheets-userformat=\"{&quot;2&quot;:4737,&quot;3&quot;:{&quot;1&quot;:0},&quot;10&quot;:2,&quot;12&quot;:0,&quot;15&quot;:&quot;Arial&quot;}\"><strong>Mati\u00e8res des lames :<\/strong>\u00a0Acier inoxydable<\/span><\/li>\n<li><span data-sheets-value=\"{&quot;1&quot;:2,&quot;2&quot;:&quot;Marque: SOKANY ( SOKANY )\\n\\nMat\u00e9riel: Plastique de qualit\u00e9 alimentaire\\n\\nCouleur: Noir\\n\\nEngins: 3\\n\\nTension: 220 240V\\n\\nCapacit\u00e9: 1.5 L\\n\\nPouvoir: 600w&quot;}\" data-sheets-userformat=\"{&quot;2&quot;:4737,&quot;3&quot;:{&quot;1&quot;:0},&quot;10&quot;:2,&quot;12&quot;:0,&quot;15&quot;:&quot;Arial&quot;}\"><strong>Tension:<\/strong>220V-240V,<\/span><\/li>\n<li><span data-sheets-value=\"{&quot;1&quot;:2,&quot;2&quot;:&quot;Marque: SOKANY ( SOKANY )\\n\\nMat\u00e9riel: Plastique de qualit\u00e9 alimentaire\\n\\nCouleur: Noir\\n\\nEngins: 3\\n\\nTension: 220 240V\\n\\nCapacit\u00e9: 1.5 L\\n\\nPouvoir: 600w&quot;}\" data-sheets-userformat=\"{&quot;2&quot;:4737,&quot;3&quot;:{&quot;1&quot;:0},&quot;10&quot;:2,&quot;12&quot;:0,&quot;15&quot;:&quot;Arial&quot;}\"><strong>Fr\u00e9quence :<\/strong>\u00a050-60Hz<br \/>\n<\/span><\/li>\n<li><span data-sheets-value=\"{&quot;1&quot;:2,&quot;2&quot;:&quot;Marque: SOKANY ( SOKANY )\\n\\nMat\u00e9riel: Plastique de qualit\u00e9 alimentaire\\n\\nCouleur: Noir\\n\\nEngins: 3\\n\\nTension: 220 240V\\n\\nCapacit\u00e9: 1.5 L\\n\\nPouvoir: 600w&quot;}\" data-sheets-userformat=\"{&quot;2&quot;:4737,&quot;3&quot;:{&quot;1&quot;:0},&quot;10&quot;:2,&quot;12&quot;:0,&quot;15&quot;:&quot;Arial&quot;}\"><strong>Puissance :<\/strong>\u00a01200 watts<\/span><\/li>\n<\/ul>\n","protected":false},"featured_media":6343,"comment_status":"closed","ping_status":"closed","template":"","meta":{"_bst_post_transparent":"","_bst_post_title":"","_bst_post_layout":"","_bst_post_sidebar_id":"","_bst_post_content_style":"","_bst_post_vertical_padding":"","_bst_post_feature":"","_bst_post_feature_position":"","_bst_post_header":false,"_bst_post_footer":false},"product_brand":[],"product_cat":[145,182],"product_tag":[],"product_brands":[],"class_list":{"0":"post-8644","1":"product","2":"type-product","3":"status-publish","4":"has-post-thumbnail","6":"product_cat-electromenager","7":"product_cat-mixeurs-blenders","9":"first","10":"instock","11":"sale","12":"purchasable","13":"product-type-simple","14":"entry","15":"content-bg","16":"loop-entry"},"_links":{"self":[{"href":"https:\/\/anopri.com\/index.php?rest_route=\/wp\/v2\/product\/8644","targetHints":{"allow":["GET"]}}],"collection":[{"href":"https:\/\/anopri.com\/index.php?rest_route=\/wp\/v2\/product"}],"about":[{"href":"https:\/\/anopri.com\/index.php?rest_route=\/wp\/v2\/types\/product"}],"replies":[{"embeddable":true,"href":"https:\/\/anopri.com\/index.php?rest_route=%2Fwp%2Fv2%2Fcomments&post=8644"}],"wp:featuredmedia":[{"embeddable":true,"href":"https:\/\/anopri.com\/index.php?rest_route=\/wp\/v2\/media\/6343"}],"wp:attachment":[{"href":"https:\/\/anopri.com\/index.php?rest_route=%2Fwp%2Fv2%2Fmedia&parent=8644"}],"wp:term":[{"taxonomy":"product_brand","embeddable":true,"href":"https:\/\/anopri.com\/index.php?rest_route=%2Fwp%2Fv2%2Fproduct_brand&post=8644"},{"taxonomy":"product_cat","embeddable":true,"href":"https:\/\/anopri.com\/index.php?rest_route=%2Fwp%2Fv2%2Fproduct_cat&post=8644"},{"taxonomy":"product_tag","embeddable":true,"href":"https:\/\/anopri.com\/index.php?rest_route=%2Fwp%2Fv2%2Fproduct_tag&post=8644"},{"taxonomy":"product_brands","embeddable":true,"href":"https:\/\/anopri.com\/index.php?rest_route=%2Fwp%2Fv2%2Fproduct_brands&post=8644"}],"curies":[{"name":"wp","href":"https:\/\/api.w.org\/{rel}","templated":true}]}}