{"id":8641,"date":"2026-04-25T13:04:56","date_gmt":"2026-04-25T13:04:56","guid":{"rendered":"https:\/\/anopri.com\/?post_type=product&#038;p=8641"},"modified":"2026-04-25T13:05:01","modified_gmt":"2026-04-25T13:05:01","slug":"batteuse-electrique-silver-crest","status":"publish","type":"product","link":"https:\/\/anopri.com\/?product=batteuse-electrique-silver-crest","title":{"rendered":"BATTEUSE ELECTRIQUE SILVER CREST"},"content":{"rendered":"<ul>\n<li>300 W<\/li>\n<li>Pour m\u00e9langer battre et p\u00e9trir !<\/li>\n<li>2 fouets et 2 crochets p\u00e9trisseurs en acier inoxydable<\/li>\n<li>Fouets et crochets p\u00e9trisseurs compatible lave-vaisselle<\/li>\n<li>Touche d&#8217;\u00e9jection des accessoires<\/li>\n<li>10 id\u00e9es de recettes incluses<\/li>\n<li>Longueur du cordon d&#8217;alimentation : env. 1,5 m<\/li>\n<li>2 coloris au choix<\/li>\n<\/ul>\n","protected":false},"excerpt":{"rendered":"<p>Le batteur Silvercrest est un appareil classique, avec un bloc moteur muni d&#8217;une poign\u00e9e et des fouets qui viennent s&#8217;y clipser. Vous pouvez\u00a0<strong>l&#8217;\u00e9quiper de fouets donc, pour m\u00e9langer ou monter des blancs en neige, ou de crochets p\u00e9trisseurs, pour p\u00e9trir<\/strong>\u00a0une p\u00e2te \u00e0 pain, \u00e0 brioche ou \u00e0 tarte.<\/p>\n<p>Sur ce mod\u00e8le,\u00a0<strong>les fouets et crochets sont enti\u00e8rement en Inox et se clipsent facilement sur la base moteur.<\/strong>\u00a0Attention, il faut simplement respecter le gauche et le droit. Pour cela, vous avez un petit dessin au niveau de l&#8217;encoche pour reconna\u00eetre lequel des crochets doit s&#8217;y positionner.<\/p>\n<p>En ce qui concerne les commandes,\u00a0<strong>vous avez une touche pour expulser les fouets, un r\u00e9gleur de vitesses (de 0 \u00e0 5) et une touche turbo<\/strong>. Le point appr\u00e9ciable sur l&#8217;ergonomie g\u00e9n\u00e9rale, c&#8217;est la longueur du cordon d&#8217;alimentation : 1,5 m\u00e8tre, ce qui permet une bonne distance d&#8217;utilisation.<\/p>\n","protected":false},"featured_media":7001,"comment_status":"closed","ping_status":"closed","template":"","meta":{"_bst_post_transparent":"","_bst_post_title":"","_bst_post_layout":"","_bst_post_sidebar_id":"","_bst_post_content_style":"","_bst_post_vertical_padding":"","_bst_post_feature":"","_bst_post_feature_position":"","_bst_post_header":false,"_bst_post_footer":false},"product_brand":[],"product_cat":[185,145],"product_tag":[],"product_brands":[],"class_list":{"0":"post-8641","1":"product","2":"type-product","3":"status-publish","4":"has-post-thumbnail","6":"product_cat-articles-de-cuisine","7":"product_cat-electromenager","9":"first","10":"instock","11":"purchasable","12":"product-type-simple","13":"entry","14":"content-bg","15":"loop-entry"},"_links":{"self":[{"href":"https:\/\/anopri.com\/index.php?rest_route=\/wp\/v2\/product\/8641","targetHints":{"allow":["GET"]}}],"collection":[{"href":"https:\/\/anopri.com\/index.php?rest_route=\/wp\/v2\/product"}],"about":[{"href":"https:\/\/anopri.com\/index.php?rest_route=\/wp\/v2\/types\/product"}],"replies":[{"embeddable":true,"href":"https:\/\/anopri.com\/index.php?rest_route=%2Fwp%2Fv2%2Fcomments&post=8641"}],"wp:featuredmedia":[{"embeddable":true,"href":"https:\/\/anopri.com\/index.php?rest_route=\/wp\/v2\/media\/7001"}],"wp:attachment":[{"href":"https:\/\/anopri.com\/index.php?rest_route=%2Fwp%2Fv2%2Fmedia&parent=8641"}],"wp:term":[{"taxonomy":"product_brand","embeddable":true,"href":"https:\/\/anopri.com\/index.php?rest_route=%2Fwp%2Fv2%2Fproduct_brand&post=8641"},{"taxonomy":"product_cat","embeddable":true,"href":"https:\/\/anopri.com\/index.php?rest_route=%2Fwp%2Fv2%2Fproduct_cat&post=8641"},{"taxonomy":"product_tag","embeddable":true,"href":"https:\/\/anopri.com\/index.php?rest_route=%2Fwp%2Fv2%2Fproduct_tag&post=8641"},{"taxonomy":"product_brands","embeddable":true,"href":"https:\/\/anopri.com\/index.php?rest_route=%2Fwp%2Fv2%2Fproduct_brands&post=8641"}],"curies":[{"name":"wp","href":"https:\/\/api.w.org\/{rel}","templated":true}]}}