{"id":8640,"date":"2026-04-25T13:04:56","date_gmt":"2026-04-25T13:04:56","guid":{"rendered":"https:\/\/anopri.com\/?post_type=product&#038;p=8640"},"modified":"2026-04-25T13:05:01","modified_gmt":"2026-04-25T13:05:01","slug":"refrigerateur-double-battant-innova-in-255-140l","status":"publish","type":"product","link":"https:\/\/anopri.com\/?product=refrigerateur-double-battant-innova-in-255-140l","title":{"rendered":"R\u00e9frig\u00e9rateur double battant Innova IN-255 &#8211; 140L"},"content":{"rendered":"<p>Ce r\u00e9frig\u00e9rateur INNOVA IN-255 affiche une classe climatique adapt\u00e9e \u00e0 la temp\u00e9rature camerounaise, gage de durabilit\u00e9 et de performance accrue. En effet,\u200e ANOPRI s\u2019engage \u00e0 vous offrir des produits qui contribuent au confort\u200e\u200e,\u200e\u200e \u00e0 l\u200e\u200e\u2019\u200e\u200eam\u00e9lioration de la qualit\u00e9 de vie au quotidien \u00e0 l\u2019image de ce r\u00e9frig\u00e9rateur oscar.\u200e\u200e\u200e Engag\u00e9e sur la voie de l\u200e\u2019\u200einnovation et de l\u200e\u2019\u200e\u00e9cologie\u200e\u200e,\u200e\u200e\u200e la marque oscar vous propose des produits \u00e9l\u00e9gants\u200e\u200e,\u200e\u200e\u200e performants\u200e\u200e,\u200e\u200e\u200e simples, pratiques et faciles \u00e0 utiliser\u200e\u200e.\u200e Optimisez l\u2019espace de stockage de votre r\u00e9frig\u00e9rateur<\/p>\n","protected":false},"excerpt":{"rendered":"<ul>\n<li><strong>Type de produit:\u00a0<\/strong>R\u00e9frig\u00e9rateur double battant<\/li>\n<li><strong>Marque:\u00a0<\/strong>INNOVA<\/li>\n<li><strong>Mod\u00e8le:\u00a0<\/strong>IN-255<\/li>\n<li><strong>Cat\u00e9gorie:\u00a0<\/strong>Electrom\u00e9nager<\/li>\n<li><strong>Contenance:\u00a0<\/strong>140L<\/li>\n<li><strong>Nombre de portes:\u00a0<\/strong>2<\/li>\n<li><strong>Voltage :<\/strong>220V<\/li>\n<li><strong>Frequence :<\/strong>50Hz<\/li>\n<li><strong>Classe climatic :<\/strong>T<\/li>\n<li><strong>Refrigerant :<\/strong>R600a<\/li>\n<li><strong>Dimensions mm (WxHxD):<\/strong>\u00a059.5 x 188 x 55 cm<\/li>\n<li><strong>Stat r\u00e9glable:\u00a0<\/strong>oui<\/li>\n<li><strong>Couleur:<\/strong>\u00a0Gris<\/li>\n<li><strong>Garantie:\u00a0<\/strong>6 mois<\/li>\n<\/ul>\n","protected":false},"featured_media":6997,"comment_status":"closed","ping_status":"closed","template":"","meta":{"_bst_post_transparent":"","_bst_post_title":"","_bst_post_layout":"","_bst_post_sidebar_id":"","_bst_post_content_style":"","_bst_post_vertical_padding":"","_bst_post_feature":"","_bst_post_feature_position":"","_bst_post_header":false,"_bst_post_footer":false},"product_brand":[],"product_cat":[145,157],"product_tag":[],"product_brands":[],"class_list":{"0":"post-8640","1":"product","2":"type-product","3":"status-publish","4":"has-post-thumbnail","6":"product_cat-electromenager","7":"product_cat-refrigerateur","9":"first","10":"instock","11":"sale","12":"purchasable","13":"product-type-simple","14":"entry","15":"content-bg","16":"loop-entry"},"_links":{"self":[{"href":"https:\/\/anopri.com\/index.php?rest_route=\/wp\/v2\/product\/8640","targetHints":{"allow":["GET"]}}],"collection":[{"href":"https:\/\/anopri.com\/index.php?rest_route=\/wp\/v2\/product"}],"about":[{"href":"https:\/\/anopri.com\/index.php?rest_route=\/wp\/v2\/types\/product"}],"replies":[{"embeddable":true,"href":"https:\/\/anopri.com\/index.php?rest_route=%2Fwp%2Fv2%2Fcomments&post=8640"}],"wp:featuredmedia":[{"embeddable":true,"href":"https:\/\/anopri.com\/index.php?rest_route=\/wp\/v2\/media\/6997"}],"wp:attachment":[{"href":"https:\/\/anopri.com\/index.php?rest_route=%2Fwp%2Fv2%2Fmedia&parent=8640"}],"wp:term":[{"taxonomy":"product_brand","embeddable":true,"href":"https:\/\/anopri.com\/index.php?rest_route=%2Fwp%2Fv2%2Fproduct_brand&post=8640"},{"taxonomy":"product_cat","embeddable":true,"href":"https:\/\/anopri.com\/index.php?rest_route=%2Fwp%2Fv2%2Fproduct_cat&post=8640"},{"taxonomy":"product_tag","embeddable":true,"href":"https:\/\/anopri.com\/index.php?rest_route=%2Fwp%2Fv2%2Fproduct_tag&post=8640"},{"taxonomy":"product_brands","embeddable":true,"href":"https:\/\/anopri.com\/index.php?rest_route=%2Fwp%2Fv2%2Fproduct_brands&post=8640"}],"curies":[{"name":"wp","href":"https:\/\/api.w.org\/{rel}","templated":true}]}}