{"id":8625,"date":"2026-04-25T13:04:55","date_gmt":"2026-04-25T13:04:55","guid":{"rendered":"https:\/\/anopri.com\/?post_type=product&#038;p=8625"},"modified":"2026-04-25T13:04:58","modified_gmt":"2026-04-25T13:04:58","slug":"dame-sauteuse-vackson-hcr80","status":"publish","type":"product","link":"https:\/\/anopri.com\/?product=dame-sauteuse-vackson-hcr80","title":{"rendered":"Dame Sauteuse Vackson HCR80"},"content":{"rendered":"<p>utilis\u00e9 pour compacter le sable, gravier, \u00e9cras\u00e9, sable de sol et asphalte macadam, en b\u00e9ton et en terre cuite. Largement utilis\u00e9 dans la route, le chemin de fer, pont, r\u00e9servoir digue le mur et le land de \u00e9troites foss\u00e9 construction.<\/p>\n","protected":false},"excerpt":{"rendered":"<p>utilis\u00e9 pour compacter le sable, gravier, \u00e9cras\u00e9, sable de sol et asphalte macadam, en b\u00e9ton et en terre cuite. Largement utilis\u00e9 dans la route, le chemin de fer, pont, r\u00e9servoir digue le mur et le land de \u00e9troites foss\u00e9 construction.<\/p>\n","protected":false},"featured_media":6966,"comment_status":"closed","ping_status":"closed","template":"","meta":{"_bst_post_transparent":"","_bst_post_title":"","_bst_post_layout":"","_bst_post_sidebar_id":"","_bst_post_content_style":"","_bst_post_vertical_padding":"","_bst_post_feature":"","_bst_post_feature_position":"","_bst_post_header":false,"_bst_post_footer":false},"product_brand":[],"product_cat":[141],"product_tag":[],"product_brands":[],"class_list":{"0":"post-8625","1":"product","2":"type-product","3":"status-publish","4":"has-post-thumbnail","6":"product_cat-produits-du-moment","8":"first","9":"instock","10":"purchasable","11":"product-type-simple","12":"entry","13":"content-bg","14":"loop-entry"},"_links":{"self":[{"href":"https:\/\/anopri.com\/index.php?rest_route=\/wp\/v2\/product\/8625","targetHints":{"allow":["GET"]}}],"collection":[{"href":"https:\/\/anopri.com\/index.php?rest_route=\/wp\/v2\/product"}],"about":[{"href":"https:\/\/anopri.com\/index.php?rest_route=\/wp\/v2\/types\/product"}],"replies":[{"embeddable":true,"href":"https:\/\/anopri.com\/index.php?rest_route=%2Fwp%2Fv2%2Fcomments&post=8625"}],"wp:featuredmedia":[{"embeddable":true,"href":"https:\/\/anopri.com\/index.php?rest_route=\/wp\/v2\/media\/6966"}],"wp:attachment":[{"href":"https:\/\/anopri.com\/index.php?rest_route=%2Fwp%2Fv2%2Fmedia&parent=8625"}],"wp:term":[{"taxonomy":"product_brand","embeddable":true,"href":"https:\/\/anopri.com\/index.php?rest_route=%2Fwp%2Fv2%2Fproduct_brand&post=8625"},{"taxonomy":"product_cat","embeddable":true,"href":"https:\/\/anopri.com\/index.php?rest_route=%2Fwp%2Fv2%2Fproduct_cat&post=8625"},{"taxonomy":"product_tag","embeddable":true,"href":"https:\/\/anopri.com\/index.php?rest_route=%2Fwp%2Fv2%2Fproduct_tag&post=8625"},{"taxonomy":"product_brands","embeddable":true,"href":"https:\/\/anopri.com\/index.php?rest_route=%2Fwp%2Fv2%2Fproduct_brands&post=8625"}],"curies":[{"name":"wp","href":"https:\/\/api.w.org\/{rel}","templated":true}]}}