{"id":8624,"date":"2026-04-25T13:04:55","date_gmt":"2026-04-25T13:04:55","guid":{"rendered":"https:\/\/anopri.com\/?post_type=product&#038;p=8624"},"modified":"2026-04-25T13:04:58","modified_gmt":"2026-04-25T13:04:58","slug":"pulverisateur-electrique-16l","status":"publish","type":"product","link":"https:\/\/anopri.com\/?product=pulverisateur-electrique-16l","title":{"rendered":"Pulverisateur Electrique 16L"},"content":{"rendered":"<h2>Pulv\u00e9risateur \u00e9lectrique rechargeable 16 litres<\/h2>\n<ul>\n<li>Ce pulv\u00e9risateur est id\u00e9al pour\u00a0<strong>\u00e9liminer les mauvaises herbes<\/strong>,\u00a0<strong>lutter contre les insectes<\/strong>\u00a0qui nuisent \u00e0 votre culture ou simplement rafra\u00eechir vos plantes.<\/li>\n<li>Le pulv\u00e9risateur est facile \u00e0 utiliser et efficace gr\u00e2ce \u00e0 sa\u00a0<strong>cuve grand volume de 16 litres<\/strong>, ses\u00a0<strong>deux sangles r\u00e9glables<\/strong>\u00a0et son\u00a0<strong>soutien dorsal ergonomique<\/strong>. Vous travaillerez confortablement et durablement, sans vous cr\u00e9er de maux dorsaux !<\/li>\n<li>Le pulv\u00e9risateur \u00e9lectrique\u00a0<strong>fonctionne sur batterie rechargeable 12 V<\/strong>, ce qui vous permet, en une seule pression de main et gr\u00e2ce \u00e0 son petit moteur, de d\u00e9sherber sans effort votre jardin. Termin\u00e9 le pompage manuel pour faire pression ! Le pulv\u00e9risateur dispose d&#8217;une\u00a0<strong>lance avec manette marche\/arr\u00eat\u00a0<\/strong>qui vous facilitera le travail.<\/li>\n<li>Chargez compl\u00e8tement la batterie, remplissez le pulv\u00e9risateur, choisissez votre buse et appuyez simplement sur la g\u00e2chette : un vrai jeu d&#8217;enfant !<\/li>\n<li>Le petit plus de ce pulv\u00e9risateur dorsal \u00e0 batterie est son\u00a0<strong>syst\u00e8me de filtre plac\u00e9 \u00e0 l&#8217;ouverture de l&#8217;appareil<\/strong>. Il emp\u00eachera l&#8217;ensemble des particules de venir boucher les conduits de votre ustensile.<\/li>\n<li>Un\u00a0<strong>variateur de pression<\/strong>\u00a0est pr\u00e9sent \u00e0 droite de l&#8217;interrupteur du pulv\u00e9risateur \u00e9lectrique : vous d\u00e9cidez ainsi de la puissance du jet selon vos besoins !<\/li>\n<\/ul>\n","protected":false},"excerpt":{"rendered":"<h2>Pulv\u00e9risateur \u00e9lectrique rechargeable 16 litres<\/h2>\n<ul>\n<li>Ce pulv\u00e9risateur est id\u00e9al pour\u00a0<strong>\u00e9liminer les mauvaises herbes<\/strong>,\u00a0<strong>lutter contre les insectes<\/strong>\u00a0qui nuisent \u00e0 votre culture ou simplement rafra\u00eechir vos plantes.<\/li>\n<li>Le pulv\u00e9risateur est facile \u00e0 utiliser et efficace gr\u00e2ce \u00e0 sa\u00a0<strong>cuve grand volume de 16 litres<\/strong>, ses\u00a0<strong>deux sangles r\u00e9glables<\/strong>\u00a0et son\u00a0<strong>soutien dorsal ergonomique<\/strong>. Vous travaillerez confortablement et durablement, sans vous cr\u00e9er de maux dorsaux !<\/li>\n<li>Le pulv\u00e9risateur \u00e9lectrique\u00a0<strong>fonctionne sur batterie rechargeable 12 V<\/strong>, ce qui vous permet, en une seule pression de main et gr\u00e2ce \u00e0 son petit moteur, de d\u00e9sherber sans effort votre jardin. Termin\u00e9 le pompage manuel pour faire pression ! Le pulv\u00e9risateur dispose d&#8217;une\u00a0<strong>lance avec manette marche\/arr\u00eat\u00a0<\/strong>qui vous facilitera le travail.<\/li>\n<li>Chargez compl\u00e8tement la batterie, remplissez le pulv\u00e9risateur, choisissez votre buse et appuyez simplement sur la g\u00e2chette : un vrai jeu d&#8217;enfant !<\/li>\n<li>Le petit plus de ce pulv\u00e9risateur dorsal \u00e0 batterie est son\u00a0<strong>syst\u00e8me de filtre plac\u00e9 \u00e0 l&#8217;ouverture de l&#8217;appareil<\/strong>. Il emp\u00eachera l&#8217;ensemble des particules de venir boucher les conduits de votre ustensile.<\/li>\n<li>Un\u00a0<strong>variateur de pression<\/strong>\u00a0est pr\u00e9sent \u00e0 droite de l&#8217;interrupteur du pulv\u00e9risateur \u00e9lectrique : vous d\u00e9cidez ainsi de la puissance du jet selon vos besoins !<\/li>\n<\/ul>\n","protected":false},"featured_media":6963,"comment_status":"closed","ping_status":"closed","template":"","meta":{"_bst_post_transparent":"","_bst_post_title":"","_bst_post_layout":"","_bst_post_sidebar_id":"","_bst_post_content_style":"","_bst_post_vertical_padding":"","_bst_post_feature":"","_bst_post_feature_position":"","_bst_post_header":false,"_bst_post_footer":false},"product_brand":[],"product_cat":[186],"product_tag":[],"product_brands":[],"class_list":{"0":"post-8624","1":"product","2":"type-product","3":"status-publish","4":"has-post-thumbnail","6":"product_cat-generateurs","8":"first","9":"instock","10":"purchasable","11":"product-type-simple","12":"entry","13":"content-bg","14":"loop-entry"},"_links":{"self":[{"href":"https:\/\/anopri.com\/index.php?rest_route=\/wp\/v2\/product\/8624","targetHints":{"allow":["GET"]}}],"collection":[{"href":"https:\/\/anopri.com\/index.php?rest_route=\/wp\/v2\/product"}],"about":[{"href":"https:\/\/anopri.com\/index.php?rest_route=\/wp\/v2\/types\/product"}],"replies":[{"embeddable":true,"href":"https:\/\/anopri.com\/index.php?rest_route=%2Fwp%2Fv2%2Fcomments&post=8624"}],"wp:featuredmedia":[{"embeddable":true,"href":"https:\/\/anopri.com\/index.php?rest_route=\/wp\/v2\/media\/6963"}],"wp:attachment":[{"href":"https:\/\/anopri.com\/index.php?rest_route=%2Fwp%2Fv2%2Fmedia&parent=8624"}],"wp:term":[{"taxonomy":"product_brand","embeddable":true,"href":"https:\/\/anopri.com\/index.php?rest_route=%2Fwp%2Fv2%2Fproduct_brand&post=8624"},{"taxonomy":"product_cat","embeddable":true,"href":"https:\/\/anopri.com\/index.php?rest_route=%2Fwp%2Fv2%2Fproduct_cat&post=8624"},{"taxonomy":"product_tag","embeddable":true,"href":"https:\/\/anopri.com\/index.php?rest_route=%2Fwp%2Fv2%2Fproduct_tag&post=8624"},{"taxonomy":"product_brands","embeddable":true,"href":"https:\/\/anopri.com\/index.php?rest_route=%2Fwp%2Fv2%2Fproduct_brands&post=8624"}],"curies":[{"name":"wp","href":"https:\/\/api.w.org\/{rel}","templated":true}]}}