{"id":8617,"date":"2026-04-25T13:04:48","date_gmt":"2026-04-25T13:04:48","guid":{"rendered":"https:\/\/anopri.com\/?post_type=product&#038;p=8617"},"modified":"2026-04-25T13:04:53","modified_gmt":"2026-04-25T13:04:53","slug":"mini-climatiseur-de-table","status":"publish","type":"product","link":"https:\/\/anopri.com\/?product=mini-climatiseur-de-table","title":{"rendered":"Mini climatiseur de Table"},"content":{"rendered":"","protected":false},"excerpt":{"rendered":"<p class=\"a-spacing-base\">Avec notre mini refroidisseur d&#8217;air.\u00a0Procurez-vous ce refroidisseur d&#8217;espace personnel pour\u00a0<span class=\"a-text-bold\"><u>cr\u00e9er votre zone de confort<\/u><\/span>\u00a0.\u00a0<span class=\"a-text-bold\"><u>Ne d\u00e9pensez que quelques centimes par jour<\/u><\/span>\u00a0.\u00a0Ajoutez simplement de l&#8217;eau et de la glace dans le r\u00e9servoir d&#8217;eau, puis\u00a0<span class=\"a-text-bold\"><u>d\u00e9tendez-vous et profitez de l&#8217;haleine rafra\u00eechissante et humide<\/u><\/span>\u00a0.<\/p>\n<p class=\"a-spacing-base\">Il n&#8217;utilise\u00a0<u><span class=\"a-text-bold\">que de l&#8217;eau froide pour un usage quotidien et n&#8217;a pas besoin de compos\u00e9s chimiques<\/span><\/u>\u00a0.\u00a0Ce climatiseur portable personnel non seulement vous rafra\u00eechit et r\u00e9pond \u00e0 vos besoins de sant\u00e9\u00a0!<\/p>\n<p class=\"a-spacing-base\"><span class=\"a-text-bold\">Conseils chaleureux\u00a0:<\/span><\/p>\n<ul class=\"a-unordered-list a-vertical\">\n<li><span class=\"a-list-item\">Veuillez ne pas trop remplir le r\u00e9servoir d&#8217;eau\u00a0;<\/span><\/li>\n<li><span class=\"a-list-item\">Le temps de fonctionnement d\u00e9pend du r\u00e9glage de la vitesse, de la temp\u00e9rature ambiante ou de l&#8217;humidit\u00e9\u00a0;<\/span><\/li>\n<li><span class=\"a-list-item\">Tenir hors de la port\u00e9e des enfants, sauf sous la surveillance d&#8217;un adulte\u00a0;<\/span><\/li>\n<li><span class=\"a-list-item\">Stockez le produit sur une surface plane pendant l&#8217;utilisation.\u00a0Si vous inclinez l&#8217;appareil, de l&#8217;eau peut fuir de la base ;<\/span><\/li>\n<li><span class=\"a-list-item\">Climatiseur personnel et non adapt\u00e9 au refroidissement de grandes surfaces.<\/span><\/li>\n<\/ul>\n","protected":false},"featured_media":6943,"comment_status":"open","ping_status":"closed","template":"","meta":{"_bst_post_transparent":"","_bst_post_title":"","_bst_post_layout":"","_bst_post_sidebar_id":"","_bst_post_content_style":"","_bst_post_vertical_padding":"","_bst_post_feature":"","_bst_post_feature_position":"","_bst_post_header":false,"_bst_post_footer":false},"product_brand":[],"product_cat":[164,160],"product_tag":[],"product_brands":[],"class_list":{"0":"post-8617","1":"product","2":"type-product","3":"status-publish","4":"has-post-thumbnail","6":"product_cat-climatiseurs","7":"product_cat-climatiseurs-ventilateurs","9":"first","10":"instock","11":"featured","12":"purchasable","13":"product-type-simple","14":"entry","15":"content-bg","16":"loop-entry"},"_links":{"self":[{"href":"https:\/\/anopri.com\/index.php?rest_route=\/wp\/v2\/product\/8617","targetHints":{"allow":["GET"]}}],"collection":[{"href":"https:\/\/anopri.com\/index.php?rest_route=\/wp\/v2\/product"}],"about":[{"href":"https:\/\/anopri.com\/index.php?rest_route=\/wp\/v2\/types\/product"}],"replies":[{"embeddable":true,"href":"https:\/\/anopri.com\/index.php?rest_route=%2Fwp%2Fv2%2Fcomments&post=8617"}],"wp:featuredmedia":[{"embeddable":true,"href":"https:\/\/anopri.com\/index.php?rest_route=\/wp\/v2\/media\/6943"}],"wp:attachment":[{"href":"https:\/\/anopri.com\/index.php?rest_route=%2Fwp%2Fv2%2Fmedia&parent=8617"}],"wp:term":[{"taxonomy":"product_brand","embeddable":true,"href":"https:\/\/anopri.com\/index.php?rest_route=%2Fwp%2Fv2%2Fproduct_brand&post=8617"},{"taxonomy":"product_cat","embeddable":true,"href":"https:\/\/anopri.com\/index.php?rest_route=%2Fwp%2Fv2%2Fproduct_cat&post=8617"},{"taxonomy":"product_tag","embeddable":true,"href":"https:\/\/anopri.com\/index.php?rest_route=%2Fwp%2Fv2%2Fproduct_tag&post=8617"},{"taxonomy":"product_brands","embeddable":true,"href":"https:\/\/anopri.com\/index.php?rest_route=%2Fwp%2Fv2%2Fproduct_brands&post=8617"}],"curies":[{"name":"wp","href":"https:\/\/api.w.org\/{rel}","templated":true}]}}