{"id":8612,"date":"2026-04-25T13:04:48","date_gmt":"2026-04-25T13:04:48","guid":{"rendered":"https:\/\/anopri.com\/?post_type=product&#038;p=8612"},"modified":"2026-04-25T13:04:52","modified_gmt":"2026-04-25T13:04:52","slug":"motopompe-ptg310-a-petrole","status":"publish","type":"product","link":"https:\/\/anopri.com\/?product=motopompe-ptg310-a-petrole","title":{"rendered":"MOTOPOMPE PTG310 \u00e0 P\u00e9trole"},"content":{"rendered":"<p>Il est fabriqu\u00e9 avec un tube circulaire de taille standard de 20 mm.<\/p>\n<p>\u25c6 Propuls\u00e9 par un moteur fiable de type Robin 4 temps refroidi par air avec une faible consommation de carburant.<\/p>\n<p>\u25c6 Pompe en alliage d&#8217;aluminium et conception sp\u00e9ciale de la turbine\u00a0:<\/p>\n<p>\u25c6 Un syst\u00e8me d&#8217;\u00e9tanch\u00e9it\u00e9 durable avec un joint m\u00e9canique sp\u00e9cial augmente le temps de service de la pompe \u00e0 eau.<\/p>\n","protected":false},"excerpt":{"rendered":"<table width=\"488\">\n<tbody>\n<tr>\n<td colspan=\"1\" rowspan=\"1\">\n<div data-spm-anchor-id=\"a2700.details.pronpeci14.i12.4d8b1c7cepZDa3\">maquette<\/div>\n<\/td>\n<td colspan=\"1\" rowspan=\"1\">\n<div data-spm-anchor-id=\"a2700.siteadmin.0.i137.70fa3333yI0nsB\"><\/div>\n<\/td>\n<td colspan=\"1\" rowspan=\"1\">\n<div>\n<div data-spm-anchor-id=\"a2700.siteadmin.0.i138.70fa3333yI0nsB\">PTG310\u00a0:<\/div>\n<\/div>\n<\/td>\n<td colspan=\"1\" rowspan=\"1\">\n<div><\/div>\n<\/td>\n<\/tr>\n<tr>\n<td colspan=\"1\" rowspan=\"1\">\n<div>Taper:<\/div>\n<\/td>\n<td colspan=\"3\" rowspan=\"1\">\n<div>\n<div>Pompe centrifuge auto-amor\u00e7ante<\/div>\n<\/div>\n<\/td>\n<\/tr>\n<tr>\n<td colspan=\"1\" rowspan=\"1\">\n<div>Aspiration * refoulement (mm) (pouces)<\/div>\n<\/td>\n<td colspan=\"1\" rowspan=\"1\"><\/td>\n<td colspan=\"1\" rowspan=\"1\">\n<div>\n<div>80 * 80\/3 * 3 :<\/div>\n<\/div>\n<\/td>\n<td colspan=\"1\" rowspan=\"1\"><\/td>\n<\/tr>\n<tr>\n<td colspan=\"1\" rowspan=\"1\">\n<div>Directeur g\u00e9n\u00e9ral (h)<\/div>\n<\/td>\n<td colspan=\"1\" rowspan=\"1\"><\/td>\n<td colspan=\"1\" rowspan=\"1\">\n<div>\n<div>32:<\/div>\n<\/div>\n<\/td>\n<td colspan=\"1\" rowspan=\"1\"><\/td>\n<\/tr>\n<tr>\n<td colspan=\"1\" rowspan=\"1\">\n<div>Hauteur d\u2019aspiration (m)<\/div>\n<\/td>\n<td colspan=\"1\" rowspan=\"1\"><\/td>\n<td colspan=\"1\" rowspan=\"1\">\n<div>\n<div>8\u00a0:<\/div>\n<\/div>\n<\/td>\n<td colspan=\"1\" rowspan=\"1\"><\/td>\n<\/tr>\n<tr>\n<td colspan=\"1\" rowspan=\"1\">\n<div>Volume de livraison max (m3\/h)<\/div>\n<\/td>\n<td colspan=\"1\" rowspan=\"1\"><\/td>\n<td colspan=\"1\" rowspan=\"1\">\n<div>\n<div>60\u00a0:<\/div>\n<\/div>\n<\/td>\n<td colspan=\"1\" rowspan=\"1\"><\/td>\n<\/tr>\n<tr>\n<td colspan=\"1\" rowspan=\"1\">\n<div>garniture m\u00e9canique<\/div>\n<\/td>\n<td colspan=\"3\" rowspan=\"1\">\n<div>\n<div data-spm-anchor-id=\"a2700.siteadmin.0.i144.70fa3333yI0nsB\">Carbone C\u00e9ramique\u00a0:<\/div>\n<\/div>\n<\/td>\n<\/tr>\n<tr>\n<td colspan=\"1\" rowspan=\"1\">\n<div>mod\u00e8le de moteur:<\/div>\n<\/td>\n<td colspan=\"1\" rowspan=\"1\"><\/td>\n<td colspan=\"1\" rowspan=\"1\">\n<div>\n<div data-spm-anchor-id=\"a2700.siteadmin.0.i146.70fa3333yI0nsB\">S20\u00a0:<\/div>\n<\/div>\n<\/td>\n<td colspan=\"1\" rowspan=\"1\"><\/td>\n<\/tr>\n<tr>\n<td colspan=\"1\" rowspan=\"1\">\n<div>Capacit\u00e9 du r\u00e9servoir de carburant (L)<\/div>\n<\/td>\n<td colspan=\"1\" rowspan=\"1\"><\/td>\n<td colspan=\"1\" rowspan=\"1\">\n<div>\n<div data-spm-anchor-id=\"a2700.siteadmin.0.i149.70fa3333yI0nsB\">3.8\u00a0:<\/div>\n<\/div>\n<\/td>\n<td colspan=\"1\" rowspan=\"1\"><\/td>\n<\/tr>\n<tr>\n<td colspan=\"1\" rowspan=\"1\">\n<div>Syst\u00e8me de d\u00e9marrage\u00a0:<\/div>\n<\/td>\n<td colspan=\"3\" rowspan=\"1\">\n<div>\n<div data-spm-anchor-id=\"a2700.siteadmin.0.i152.70fa3333yI0nsB\">D\u00e9marrage manuel\u00a0:<\/div>\n<\/div>\n<\/td>\n<\/tr>\n<tr>\n<td colspan=\"1\" rowspan=\"1\">\n<div>Taille de l\u2019emballage (L * W * H) mm\u00a0:<\/div>\n<\/td>\n<td colspan=\"2\" rowspan=\"1\">\n<div>\n<div data-spm-anchor-id=\"a2700.siteadmin.0.i153.70fa3333yI0nsB\">495 * 380 * 440\u00a0:<\/div>\n<\/div>\n<\/td>\n<td colspan=\"1\" rowspan=\"1\">\n<div data-spm-anchor-id=\"a2700.siteadmin.0.i157.70fa3333yI0nsB\"><\/div>\n<\/td>\n<\/tr>\n<tr>\n<td colspan=\"1\" rowspan=\"1\">\n<div>poids (kg)<\/div>\n<\/td>\n<\/tr>\n<\/tbody>\n<\/table>\n","protected":false},"featured_media":6930,"comment_status":"closed","ping_status":"closed","template":"","meta":{"_bst_post_transparent":"","_bst_post_title":"","_bst_post_layout":"","_bst_post_sidebar_id":"","_bst_post_content_style":"","_bst_post_vertical_padding":"","_bst_post_feature":"","_bst_post_feature_position":"","_bst_post_header":false,"_bst_post_footer":false},"product_brand":[],"product_cat":[186],"product_tag":[],"product_brands":[],"class_list":{"0":"post-8612","1":"product","2":"type-product","3":"status-publish","4":"has-post-thumbnail","6":"product_cat-generateurs","8":"first","9":"instock","10":"purchasable","11":"product-type-simple","12":"entry","13":"content-bg","14":"loop-entry"},"_links":{"self":[{"href":"https:\/\/anopri.com\/index.php?rest_route=\/wp\/v2\/product\/8612","targetHints":{"allow":["GET"]}}],"collection":[{"href":"https:\/\/anopri.com\/index.php?rest_route=\/wp\/v2\/product"}],"about":[{"href":"https:\/\/anopri.com\/index.php?rest_route=\/wp\/v2\/types\/product"}],"replies":[{"embeddable":true,"href":"https:\/\/anopri.com\/index.php?rest_route=%2Fwp%2Fv2%2Fcomments&post=8612"}],"wp:featuredmedia":[{"embeddable":true,"href":"https:\/\/anopri.com\/index.php?rest_route=\/wp\/v2\/media\/6930"}],"wp:attachment":[{"href":"https:\/\/anopri.com\/index.php?rest_route=%2Fwp%2Fv2%2Fmedia&parent=8612"}],"wp:term":[{"taxonomy":"product_brand","embeddable":true,"href":"https:\/\/anopri.com\/index.php?rest_route=%2Fwp%2Fv2%2Fproduct_brand&post=8612"},{"taxonomy":"product_cat","embeddable":true,"href":"https:\/\/anopri.com\/index.php?rest_route=%2Fwp%2Fv2%2Fproduct_cat&post=8612"},{"taxonomy":"product_tag","embeddable":true,"href":"https:\/\/anopri.com\/index.php?rest_route=%2Fwp%2Fv2%2Fproduct_tag&post=8612"},{"taxonomy":"product_brands","embeddable":true,"href":"https:\/\/anopri.com\/index.php?rest_route=%2Fwp%2Fv2%2Fproduct_brands&post=8612"}],"curies":[{"name":"wp","href":"https:\/\/api.w.org\/{rel}","templated":true}]}}